{"id":953,"date":"2025-05-12T06:56:22","date_gmt":"2025-05-12T06:56:22","guid":{"rendered":"https:\/\/yiwohydraulic.com\/?post_type=product&#038;p=953"},"modified":"2025-05-12T07:19:25","modified_gmt":"2025-05-12T07:19:25","slug":"dcv100-manual-2-spool-sectional-directional-valve-2","status":"publish","type":"product","link":"http:\/\/yiwohydraulic.com\/es\/product\/dcv100-manual-2-spool-sectional-directional-valve-2\/","title":{"rendered":"DCV100 V\u00e1lvula direccional seccional manual de 2 carretes"},"content":{"rendered":"<h3><strong>Par\u00e1metros t\u00e9cnicos<\/strong><\/h3>\n<table class=\"table table-bordered align-middle table-part mb-0\">\n<tbody>\n<tr>\n<th>Temperatura ambiente<\/th>\n<td>-40\u00b0C a +60\u00b0C (-40\u00b0F a +140\u00b0F)<\/td>\n<\/tr>\n<tr>\n<th>Rango de viscosidad de funcionamiento<\/th>\n<td>15 - 75 mm\u00b2\/s (15 cSt a 75 cSt)<\/td>\n<\/tr>\n<tr>\n<th>Presi\u00f3n m\u00e1xima<\/th>\n<td>350 bar (5100 psi)<\/td>\n<\/tr>\n<tr>\n<th>Caudal nominal<\/th>\n<td>100 L\/min (26,5 US gpm)<\/td>\n<\/tr>\n<tr>\n<th>Tipo de estructura<\/th>\n<td>V\u00e1lvula seccional<\/td>\n<\/tr>\n<tr>\n<th>M\u00e9todo de control<\/th>\n<td>Manual<\/td>\n<\/tr>\n<tr>\n<th>Secci\u00f3n<\/th>\n<td>Secci\u00f3n 1,Secci\u00f3n 2,Secci\u00f3n 3,Secci\u00f3n 4,Secci\u00f3n 5,<\/p>\n<p>6 Secci\u00f3n,7 Secci\u00f3n,8 Secci\u00f3n,9 Secci\u00f3n,10 Secci\u00f3n<\/td>\n<\/tr>\n<\/tbody>\n<\/table>\n<p>&nbsp;<\/p>\n<p>&nbsp;<\/p>\n<p>&nbsp;<\/p>","protected":false},"excerpt":{"rendered":"<ul>\n<li>\n<p class=\"product-type\">Caudal nominal:<span class=\"text\">100 L\/min (26,5 US gpm)<\/span><\/p>\n<\/li>\n<li>\n<p class=\"product-cat\">Tipo de producto:<span class=\"text\">V\u00e1lvula direccional seccional<\/span><\/p>\n<\/li>\n<li>\n<p class=\"product-cat\">Serie de productos:<span class=\"text\">V\u00e1lvula direccional seccional serie DCV100<\/span><\/p>\n<p class=\"product-cat\">\n<\/li>\n<li>Transporte : Mar\u00edtimo \/ A\u00e9reo \/Tren\/DHL \/ UPS \/ TNT \/ Fedex<\/li>\n<\/ul>","protected":false},"featured_media":956,"comment_status":"open","ping_status":"closed","template":"","meta":[],"product_brand":[],"product_cat":[27],"product_tag":[],"class_list":{"0":"post-953","1":"product","2":"type-product","3":"status-publish","4":"has-post-thumbnail","6":"product_cat-dcv-series","8":"first","9":"instock","10":"shipping-taxable","11":"product-type-simple"},"yoast_head":"<!-- This site is optimized with the Yoast SEO plugin v24.6 - https:\/\/yoast.com\/wordpress\/plugins\/seo\/ -->\n<title>DCV100 Manual 2 Spool Sectional Directional Valve - YiWo Hydraulic<\/title>\n<meta name=\"robots\" content=\"index, follow, max-snippet:-1, max-image-preview:large, max-video-preview:-1\" \/>\n<link rel=\"canonical\" href=\"https:\/\/yiwohydraulic.com\/es\/product\/dcv100-manual-2-spool-sectional-directional-valve-2\/\" \/>\n<meta property=\"og:locale\" content=\"es_ES\" \/>\n<meta property=\"og:type\" content=\"article\" \/>\n<meta property=\"og:title\" content=\"DCV100 Manual 2 Spool Sectional Directional Valve - YiWo Hydraulic\" \/>\n<meta property=\"og:description\" content=\"Rated Flow:100 L\/min (26.5 US gpm)    Product Type:Sectional Directional Valve    Product Series:DCV100 Series Sectional Directional Valve    Transportation : By sea \/ Air \/Train\/DHL \/ UPS \/ TNT \/ Fedex\" \/>\n<meta property=\"og:url\" content=\"https:\/\/yiwohydraulic.com\/es\/product\/dcv100-manual-2-spool-sectional-directional-valve-2\/\" \/>\n<meta property=\"og:site_name\" content=\"YiWo Hydraulic\" \/>\n<meta property=\"article:modified_time\" content=\"2025-05-12T07:19:25+00:00\" \/>\n<meta property=\"og:image\" content=\"https:\/\/yiwohydraulic.com\/wp-content\/uploads\/2025\/05\/DCV100.png\" \/>\n\t<meta property=\"og:image:width\" content=\"800\" \/>\n\t<meta property=\"og:image:height\" content=\"800\" \/>\n\t<meta property=\"og:image:type\" content=\"image\/png\" \/>\n<meta name=\"twitter:card\" content=\"summary_large_image\" \/>\n<meta name=\"twitter:label1\" content=\"Tiempo de lectura\" \/>\n\t<meta name=\"twitter:data1\" content=\"1 minuto\" \/>\n<script type=\"application\/ld+json\" class=\"yoast-schema-graph\">{\"@context\":\"https:\/\/schema.org\",\"@graph\":[{\"@type\":\"WebPage\",\"@id\":\"https:\/\/yiwohydraulic.com\/ru\/product\/dcv100-manual-2-spool-sectional-directional-valve-2\/\",\"url\":\"https:\/\/yiwohydraulic.com\/ru\/product\/dcv100-manual-2-spool-sectional-directional-valve-2\/\",\"name\":\"DCV100 Manual 2 Spool Sectional Directional Valve - YiWo Hydraulic\",\"isPartOf\":{\"@id\":\"http:\/\/yiwohydraulic.com\/#website\"},\"primaryImageOfPage\":{\"@id\":\"https:\/\/yiwohydraulic.com\/ru\/product\/dcv100-manual-2-spool-sectional-directional-valve-2\/#primaryimage\"},\"image\":{\"@id\":\"https:\/\/yiwohydraulic.com\/ru\/product\/dcv100-manual-2-spool-sectional-directional-valve-2\/#primaryimage\"},\"thumbnailUrl\":\"http:\/\/yiwohydraulic.com\/wp-content\/uploads\/2025\/05\/DCV100.png\",\"datePublished\":\"2025-05-12T06:56:22+00:00\",\"dateModified\":\"2025-05-12T07:19:25+00:00\",\"breadcrumb\":{\"@id\":\"https:\/\/yiwohydraulic.com\/ru\/product\/dcv100-manual-2-spool-sectional-directional-valve-2\/#breadcrumb\"},\"inLanguage\":\"es\",\"potentialAction\":[{\"@type\":\"ReadAction\",\"target\":[\"https:\/\/yiwohydraulic.com\/ru\/product\/dcv100-manual-2-spool-sectional-directional-valve-2\/\"]}]},{\"@type\":\"ImageObject\",\"inLanguage\":\"es\",\"@id\":\"https:\/\/yiwohydraulic.com\/ru\/product\/dcv100-manual-2-spool-sectional-directional-valve-2\/#primaryimage\",\"url\":\"http:\/\/yiwohydraulic.com\/wp-content\/uploads\/2025\/05\/DCV100.png\",\"contentUrl\":\"http:\/\/yiwohydraulic.com\/wp-content\/uploads\/2025\/05\/DCV100.png\",\"width\":800,\"height\":800},{\"@type\":\"BreadcrumbList\",\"@id\":\"https:\/\/yiwohydraulic.com\/ru\/product\/dcv100-manual-2-spool-sectional-directional-valve-2\/#breadcrumb\",\"itemListElement\":[{\"@type\":\"ListItem\",\"position\":1,\"name\":\"Home\",\"item\":\"http:\/\/yiwohydraulic.com\/\"},{\"@type\":\"ListItem\",\"position\":2,\"name\":\"\u0422\u043e\u0432\u0430\u0440\u044b\",\"item\":\"https:\/\/yiwohydraulic.com\/ru\/shop\/\"},{\"@type\":\"ListItem\",\"position\":3,\"name\":\"DCV100 Manual 2 Spool Sectional Directional Valve\"}]},{\"@type\":\"WebSite\",\"@id\":\"http:\/\/yiwohydraulic.com\/#website\",\"url\":\"http:\/\/yiwohydraulic.com\/\",\"name\":\"YiWo Hydraulic\",\"description\":\"\",\"potentialAction\":[{\"@type\":\"SearchAction\",\"target\":{\"@type\":\"EntryPoint\",\"urlTemplate\":\"http:\/\/yiwohydraulic.com\/?s={search_term_string}\"},\"query-input\":{\"@type\":\"PropertyValueSpecification\",\"valueRequired\":true,\"valueName\":\"search_term_string\"}}],\"inLanguage\":\"es\"}]}<\/script>\n<!-- \/ Yoast SEO plugin. -->","yoast_head_json":{"title":"DCV100 Manual 2 Spool Sectional Directional Valve - YiWo Hydraulic","robots":{"index":"index","follow":"follow","max-snippet":"max-snippet:-1","max-image-preview":"max-image-preview:large","max-video-preview":"max-video-preview:-1"},"canonical":"https:\/\/yiwohydraulic.com\/es\/product\/dcv100-manual-2-spool-sectional-directional-valve-2\/","og_locale":"es_ES","og_type":"article","og_title":"DCV100 Manual 2 Spool Sectional Directional Valve - YiWo Hydraulic","og_description":"Rated Flow:100 L\/min (26.5 US gpm)    Product Type:Sectional Directional Valve    Product Series:DCV100 Series Sectional Directional Valve    Transportation : By sea \/ Air \/Train\/DHL \/ UPS \/ TNT \/ Fedex","og_url":"https:\/\/yiwohydraulic.com\/es\/product\/dcv100-manual-2-spool-sectional-directional-valve-2\/","og_site_name":"YiWo Hydraulic","article_modified_time":"2025-05-12T07:19:25+00:00","og_image":[{"width":800,"height":800,"url":"https:\/\/yiwohydraulic.com\/wp-content\/uploads\/2025\/05\/DCV100.png","type":"image\/png"}],"twitter_card":"summary_large_image","twitter_misc":{"Tiempo de lectura":"1 minuto"},"schema":{"@context":"https:\/\/schema.org","@graph":[{"@type":"WebPage","@id":"https:\/\/yiwohydraulic.com\/ru\/product\/dcv100-manual-2-spool-sectional-directional-valve-2\/","url":"https:\/\/yiwohydraulic.com\/ru\/product\/dcv100-manual-2-spool-sectional-directional-valve-2\/","name":"DCV100 Manual 2 Spool Sectional Directional Valve - YiWo Hydraulic","isPartOf":{"@id":"http:\/\/yiwohydraulic.com\/#website"},"primaryImageOfPage":{"@id":"https:\/\/yiwohydraulic.com\/ru\/product\/dcv100-manual-2-spool-sectional-directional-valve-2\/#primaryimage"},"image":{"@id":"https:\/\/yiwohydraulic.com\/ru\/product\/dcv100-manual-2-spool-sectional-directional-valve-2\/#primaryimage"},"thumbnailUrl":"http:\/\/yiwohydraulic.com\/wp-content\/uploads\/2025\/05\/DCV100.png","datePublished":"2025-05-12T06:56:22+00:00","dateModified":"2025-05-12T07:19:25+00:00","breadcrumb":{"@id":"https:\/\/yiwohydraulic.com\/ru\/product\/dcv100-manual-2-spool-sectional-directional-valve-2\/#breadcrumb"},"inLanguage":"es","potentialAction":[{"@type":"ReadAction","target":["https:\/\/yiwohydraulic.com\/ru\/product\/dcv100-manual-2-spool-sectional-directional-valve-2\/"]}]},{"@type":"ImageObject","inLanguage":"es","@id":"https:\/\/yiwohydraulic.com\/ru\/product\/dcv100-manual-2-spool-sectional-directional-valve-2\/#primaryimage","url":"http:\/\/yiwohydraulic.com\/wp-content\/uploads\/2025\/05\/DCV100.png","contentUrl":"http:\/\/yiwohydraulic.com\/wp-content\/uploads\/2025\/05\/DCV100.png","width":800,"height":800},{"@type":"BreadcrumbList","@id":"https:\/\/yiwohydraulic.com\/ru\/product\/dcv100-manual-2-spool-sectional-directional-valve-2\/#breadcrumb","itemListElement":[{"@type":"ListItem","position":1,"name":"Home","item":"http:\/\/yiwohydraulic.com\/"},{"@type":"ListItem","position":2,"name":"\u0422\u043e\u0432\u0430\u0440\u044b","item":"https:\/\/yiwohydraulic.com\/ru\/shop\/"},{"@type":"ListItem","position":3,"name":"DCV100 Manual 2 Spool Sectional Directional Valve"}]},{"@type":"WebSite","@id":"http:\/\/yiwohydraulic.com\/#website","url":"http:\/\/yiwohydraulic.com\/","name":"YiWo Hydraulic","description":"","potentialAction":[{"@type":"SearchAction","target":{"@type":"EntryPoint","urlTemplate":"http:\/\/yiwohydraulic.com\/?s={search_term_string}"},"query-input":{"@type":"PropertyValueSpecification","valueRequired":true,"valueName":"search_term_string"}}],"inLanguage":"es"}]}},"_links":{"self":[{"href":"http:\/\/yiwohydraulic.com\/es\/wp-json\/wp\/v2\/product\/953","targetHints":{"allow":["GET"]}}],"collection":[{"href":"http:\/\/yiwohydraulic.com\/es\/wp-json\/wp\/v2\/product"}],"about":[{"href":"http:\/\/yiwohydraulic.com\/es\/wp-json\/wp\/v2\/types\/product"}],"replies":[{"embeddable":true,"href":"http:\/\/yiwohydraulic.com\/es\/wp-json\/wp\/v2\/comments?post=953"}],"wp:featuredmedia":[{"embeddable":true,"href":"http:\/\/yiwohydraulic.com\/es\/wp-json\/wp\/v2\/media\/956"}],"wp:attachment":[{"href":"http:\/\/yiwohydraulic.com\/es\/wp-json\/wp\/v2\/media?parent=953"}],"wp:term":[{"taxonomy":"product_brand","embeddable":true,"href":"http:\/\/yiwohydraulic.com\/es\/wp-json\/wp\/v2\/product_brand?post=953"},{"taxonomy":"product_cat","embeddable":true,"href":"http:\/\/yiwohydraulic.com\/es\/wp-json\/wp\/v2\/product_cat?post=953"},{"taxonomy":"product_tag","embeddable":true,"href":"http:\/\/yiwohydraulic.com\/es\/wp-json\/wp\/v2\/product_tag?post=953"}],"curies":[{"name":"wp","href":"https:\/\/api.w.org\/{rel}","templated":true}]}}