{"id":952,"date":"2025-05-12T06:48:02","date_gmt":"2025-05-12T06:48:02","guid":{"rendered":"https:\/\/yiwohydraulic.com\/?post_type=product&#038;p=952"},"modified":"2025-05-12T07:14:40","modified_gmt":"2025-05-12T07:14:40","slug":"dcv100-manual-2-spool-sectional-directional-valve","status":"publish","type":"product","link":"http:\/\/yiwohydraulic.com\/es\/product\/dcv100-manual-2-spool-sectional-directional-valve\/","title":{"rendered":"DCV200 V\u00e1lvula direccional seccional manual de 2 carretes"},"content":{"rendered":"<h3><strong>Par\u00e1metros t\u00e9cnicos<\/strong><\/h3>\n<table class=\"table table-bordered align-middle table-part mb-0\">\n<tbody>\n<tr>\n<th>ecci\u00f3n<\/th>\n<td>Secci\u00f3n 1,Secci\u00f3n 2,Secci\u00f3n 3,Secci\u00f3n 4,Secci\u00f3n 5,<\/p>\n<p>6 Secci\u00f3n,7 Secci\u00f3n,8 Secci\u00f3n,9 Secci\u00f3n,10 Secci\u00f3n<\/td>\n<\/tr>\n<tr>\n<th>Caudal nominal<\/th>\n<td>200 L\/min (52 US gpm)<\/td>\n<\/tr>\n<tr>\n<th>Presi\u00f3n m\u00e1xima<\/th>\n<td>350 bar (5100 psi)<\/td>\n<\/tr>\n<tr>\n<th>Rango de viscosidad de funcionamiento<\/th>\n<td>15 - 75 mm\u00b2\/s (15 cSt a 75 cSt)<\/td>\n<\/tr>\n<tr>\n<th>Temperatura ambiente<\/th>\n<td>-40\u00b0C a +80\u00b0C (-40\u00b0F a +176\u00b0F)<\/td>\n<\/tr>\n<\/tbody>\n<\/table>\n<p>&nbsp;<\/p>\n<p>&nbsp;<\/p>\n<p>&nbsp;<\/p>\n<p>&nbsp;<\/p>","protected":false},"excerpt":{"rendered":"<ul>\n<li>\n<p class=\"product-type\">Caudal nominal:<span class=\"text\">200 L\/min (52 US gpm)<\/span><\/p>\n<\/li>\n<li>\n<p class=\"product-cat\">Tipo de producto:<span class=\"text\">V\u00e1lvula direccional seccional<\/span><\/p>\n<\/li>\n<li>\n<p class=\"product-cat\">Serie de productos:<span class=\"text\">V\u00e1lvula direccional seccional serie DCV200<\/span><\/p>\n<\/li>\n<li>Transporte : Mar\u00edtimo \/ A\u00e9reo \/Tren\/DHL \/ UPS \/ TNT \/ Fedex<\/li>\n<\/ul>","protected":false},"featured_media":955,"comment_status":"open","ping_status":"closed","template":"","meta":[],"product_brand":[],"product_cat":[26],"product_tag":[],"class_list":{"0":"post-952","1":"product","2":"type-product","3":"status-publish","4":"has-post-thumbnail","6":"product_cat-p-series","8":"first","9":"instock","10":"shipping-taxable","11":"product-type-simple"},"yoast_head":"<!-- This site is optimized with the Yoast SEO plugin v24.6 - https:\/\/yoast.com\/wordpress\/plugins\/seo\/ -->\n<title>DCV200 Manual 2 Spool Sectional Directional Valve - YiWo Hydraulic<\/title>\n<meta name=\"robots\" content=\"index, follow, max-snippet:-1, max-image-preview:large, max-video-preview:-1\" \/>\n<link rel=\"canonical\" href=\"http:\/\/yiwohydraulic.com\/es\/product\/dcv100-manual-2-spool-sectional-directional-valve\/\" \/>\n<meta property=\"og:locale\" content=\"es_ES\" \/>\n<meta property=\"og:type\" content=\"article\" \/>\n<meta property=\"og:title\" content=\"DCV200 Manual 2 Spool Sectional Directional Valve - YiWo Hydraulic\" \/>\n<meta property=\"og:description\" content=\"Rated Flow:200 L\/min (52 US gpm)    Product Type:Sectional Directional Valve    Product Series:DCV200 Series Sectional Directional Valve   Transportation : By sea \/ Air \/Train\/DHL \/ UPS \/ TNT \/ Fedex\" \/>\n<meta property=\"og:url\" content=\"http:\/\/yiwohydraulic.com\/es\/product\/dcv100-manual-2-spool-sectional-directional-valve\/\" \/>\n<meta property=\"og:site_name\" content=\"YiWo Hydraulic\" \/>\n<meta property=\"article:modified_time\" content=\"2025-05-12T07:14:40+00:00\" \/>\n<meta property=\"og:image\" content=\"http:\/\/yiwohydraulic.com\/wp-content\/uploads\/2025\/05\/DCV200-OT.png\" \/>\n\t<meta property=\"og:image:width\" content=\"800\" \/>\n\t<meta property=\"og:image:height\" content=\"800\" \/>\n\t<meta property=\"og:image:type\" content=\"image\/png\" \/>\n<meta name=\"twitter:card\" content=\"summary_large_image\" \/>\n<meta name=\"twitter:label1\" content=\"Tiempo de lectura\" \/>\n\t<meta name=\"twitter:data1\" content=\"1 minuto\" \/>\n<script type=\"application\/ld+json\" class=\"yoast-schema-graph\">{\"@context\":\"https:\/\/schema.org\",\"@graph\":[{\"@type\":\"WebPage\",\"@id\":\"http:\/\/yiwohydraulic.com\/es\/product\/dcv100-manual-2-spool-sectional-directional-valve\/\",\"url\":\"http:\/\/yiwohydraulic.com\/es\/product\/dcv100-manual-2-spool-sectional-directional-valve\/\",\"name\":\"DCV200 Manual 2 Spool Sectional Directional Valve - YiWo Hydraulic\",\"isPartOf\":{\"@id\":\"http:\/\/yiwohydraulic.com\/#website\"},\"primaryImageOfPage\":{\"@id\":\"http:\/\/yiwohydraulic.com\/es\/product\/dcv100-manual-2-spool-sectional-directional-valve\/#primaryimage\"},\"image\":{\"@id\":\"http:\/\/yiwohydraulic.com\/es\/product\/dcv100-manual-2-spool-sectional-directional-valve\/#primaryimage\"},\"thumbnailUrl\":\"http:\/\/yiwohydraulic.com\/wp-content\/uploads\/2025\/05\/DCV200-OT.png\",\"datePublished\":\"2025-05-12T06:48:02+00:00\",\"dateModified\":\"2025-05-12T07:14:40+00:00\",\"breadcrumb\":{\"@id\":\"http:\/\/yiwohydraulic.com\/es\/product\/dcv100-manual-2-spool-sectional-directional-valve\/#breadcrumb\"},\"inLanguage\":\"es\",\"potentialAction\":[{\"@type\":\"ReadAction\",\"target\":[\"http:\/\/yiwohydraulic.com\/es\/product\/dcv100-manual-2-spool-sectional-directional-valve\/\"]}]},{\"@type\":\"ImageObject\",\"inLanguage\":\"es\",\"@id\":\"http:\/\/yiwohydraulic.com\/es\/product\/dcv100-manual-2-spool-sectional-directional-valve\/#primaryimage\",\"url\":\"http:\/\/yiwohydraulic.com\/wp-content\/uploads\/2025\/05\/DCV200-OT.png\",\"contentUrl\":\"http:\/\/yiwohydraulic.com\/wp-content\/uploads\/2025\/05\/DCV200-OT.png\",\"width\":800,\"height\":800},{\"@type\":\"BreadcrumbList\",\"@id\":\"http:\/\/yiwohydraulic.com\/es\/product\/dcv100-manual-2-spool-sectional-directional-valve\/#breadcrumb\",\"itemListElement\":[{\"@type\":\"ListItem\",\"position\":1,\"name\":\"Home\",\"item\":\"http:\/\/yiwohydraulic.com\/\"},{\"@type\":\"ListItem\",\"position\":2,\"name\":\"Productos\",\"item\":\"http:\/\/yiwohydraulic.com\/es\/shop\/\"},{\"@type\":\"ListItem\",\"position\":3,\"name\":\"DCV200 Manual 2 Spool Sectional Directional Valve\"}]},{\"@type\":\"WebSite\",\"@id\":\"http:\/\/yiwohydraulic.com\/#website\",\"url\":\"http:\/\/yiwohydraulic.com\/\",\"name\":\"YiWo Hydraulic\",\"description\":\"\",\"potentialAction\":[{\"@type\":\"SearchAction\",\"target\":{\"@type\":\"EntryPoint\",\"urlTemplate\":\"http:\/\/yiwohydraulic.com\/?s={search_term_string}\"},\"query-input\":{\"@type\":\"PropertyValueSpecification\",\"valueRequired\":true,\"valueName\":\"search_term_string\"}}],\"inLanguage\":\"es\"}]}<\/script>\n<!-- \/ Yoast SEO plugin. -->","yoast_head_json":{"title":"DCV200 Manual 2 Spool Sectional Directional Valve - YiWo Hydraulic","robots":{"index":"index","follow":"follow","max-snippet":"max-snippet:-1","max-image-preview":"max-image-preview:large","max-video-preview":"max-video-preview:-1"},"canonical":"http:\/\/yiwohydraulic.com\/es\/product\/dcv100-manual-2-spool-sectional-directional-valve\/","og_locale":"es_ES","og_type":"article","og_title":"DCV200 Manual 2 Spool Sectional Directional Valve - YiWo Hydraulic","og_description":"Rated Flow:200 L\/min (52 US gpm)    Product Type:Sectional Directional Valve    Product Series:DCV200 Series Sectional Directional Valve   Transportation : By sea \/ Air \/Train\/DHL \/ UPS \/ TNT \/ Fedex","og_url":"http:\/\/yiwohydraulic.com\/es\/product\/dcv100-manual-2-spool-sectional-directional-valve\/","og_site_name":"YiWo Hydraulic","article_modified_time":"2025-05-12T07:14:40+00:00","og_image":[{"width":800,"height":800,"url":"http:\/\/yiwohydraulic.com\/wp-content\/uploads\/2025\/05\/DCV200-OT.png","type":"image\/png"}],"twitter_card":"summary_large_image","twitter_misc":{"Tiempo de lectura":"1 minuto"},"schema":{"@context":"https:\/\/schema.org","@graph":[{"@type":"WebPage","@id":"http:\/\/yiwohydraulic.com\/es\/product\/dcv100-manual-2-spool-sectional-directional-valve\/","url":"http:\/\/yiwohydraulic.com\/es\/product\/dcv100-manual-2-spool-sectional-directional-valve\/","name":"DCV200 Manual 2 Spool Sectional Directional Valve - YiWo Hydraulic","isPartOf":{"@id":"http:\/\/yiwohydraulic.com\/#website"},"primaryImageOfPage":{"@id":"http:\/\/yiwohydraulic.com\/es\/product\/dcv100-manual-2-spool-sectional-directional-valve\/#primaryimage"},"image":{"@id":"http:\/\/yiwohydraulic.com\/es\/product\/dcv100-manual-2-spool-sectional-directional-valve\/#primaryimage"},"thumbnailUrl":"http:\/\/yiwohydraulic.com\/wp-content\/uploads\/2025\/05\/DCV200-OT.png","datePublished":"2025-05-12T06:48:02+00:00","dateModified":"2025-05-12T07:14:40+00:00","breadcrumb":{"@id":"http:\/\/yiwohydraulic.com\/es\/product\/dcv100-manual-2-spool-sectional-directional-valve\/#breadcrumb"},"inLanguage":"es","potentialAction":[{"@type":"ReadAction","target":["http:\/\/yiwohydraulic.com\/es\/product\/dcv100-manual-2-spool-sectional-directional-valve\/"]}]},{"@type":"ImageObject","inLanguage":"es","@id":"http:\/\/yiwohydraulic.com\/es\/product\/dcv100-manual-2-spool-sectional-directional-valve\/#primaryimage","url":"http:\/\/yiwohydraulic.com\/wp-content\/uploads\/2025\/05\/DCV200-OT.png","contentUrl":"http:\/\/yiwohydraulic.com\/wp-content\/uploads\/2025\/05\/DCV200-OT.png","width":800,"height":800},{"@type":"BreadcrumbList","@id":"http:\/\/yiwohydraulic.com\/es\/product\/dcv100-manual-2-spool-sectional-directional-valve\/#breadcrumb","itemListElement":[{"@type":"ListItem","position":1,"name":"Home","item":"http:\/\/yiwohydraulic.com\/"},{"@type":"ListItem","position":2,"name":"Productos","item":"http:\/\/yiwohydraulic.com\/es\/shop\/"},{"@type":"ListItem","position":3,"name":"DCV200 Manual 2 Spool Sectional Directional Valve"}]},{"@type":"WebSite","@id":"http:\/\/yiwohydraulic.com\/#website","url":"http:\/\/yiwohydraulic.com\/","name":"YiWo Hydraulic","description":"","potentialAction":[{"@type":"SearchAction","target":{"@type":"EntryPoint","urlTemplate":"http:\/\/yiwohydraulic.com\/?s={search_term_string}"},"query-input":{"@type":"PropertyValueSpecification","valueRequired":true,"valueName":"search_term_string"}}],"inLanguage":"es"}]}},"_links":{"self":[{"href":"http:\/\/yiwohydraulic.com\/es\/wp-json\/wp\/v2\/product\/952","targetHints":{"allow":["GET"]}}],"collection":[{"href":"http:\/\/yiwohydraulic.com\/es\/wp-json\/wp\/v2\/product"}],"about":[{"href":"http:\/\/yiwohydraulic.com\/es\/wp-json\/wp\/v2\/types\/product"}],"replies":[{"embeddable":true,"href":"http:\/\/yiwohydraulic.com\/es\/wp-json\/wp\/v2\/comments?post=952"}],"wp:featuredmedia":[{"embeddable":true,"href":"http:\/\/yiwohydraulic.com\/es\/wp-json\/wp\/v2\/media\/955"}],"wp:attachment":[{"href":"http:\/\/yiwohydraulic.com\/es\/wp-json\/wp\/v2\/media?parent=952"}],"wp:term":[{"taxonomy":"product_brand","embeddable":true,"href":"http:\/\/yiwohydraulic.com\/es\/wp-json\/wp\/v2\/product_brand?post=952"},{"taxonomy":"product_cat","embeddable":true,"href":"http:\/\/yiwohydraulic.com\/es\/wp-json\/wp\/v2\/product_cat?post=952"},{"taxonomy":"product_tag","embeddable":true,"href":"http:\/\/yiwohydraulic.com\/es\/wp-json\/wp\/v2\/product_tag?post=952"}],"curies":[{"name":"wp","href":"https:\/\/api.w.org\/{rel}","templated":true}]}}