{"id":950,"date":"2025-05-12T06:40:05","date_gmt":"2025-05-12T06:40:05","guid":{"rendered":"https:\/\/yiwohydraulic.com\/?post_type=product&#038;p=950"},"modified":"2025-05-12T06:47:36","modified_gmt":"2025-05-12T06:47:36","slug":"dcv60-manual-2-spool-sectional-directional-valve","status":"publish","type":"product","link":"http:\/\/yiwohydraulic.com\/es\/product\/dcv60-manual-2-spool-sectional-directional-valve\/","title":{"rendered":"DCV60 V\u00e1lvula direccional seccional manual de 2 carretes"},"content":{"rendered":"<h3><strong>Par\u00e1metros t\u00e9cnicos<\/strong><\/h3>\n<table class=\"table table-bordered align-middle table-part mb-0\">\n<tbody>\n<tr>\n<th>Secci\u00f3n<\/th>\n<td>Secci\u00f3n 1,Secci\u00f3n 2,Secci\u00f3n 3,Secci\u00f3n 4,Secci\u00f3n 5,Secci\u00f3n 6,<\/p>\n<p>7 Secci\u00f3n,8 Secci\u00f3n,9 Secci\u00f3n,10 Secci\u00f3n,11 Secci\u00f3n,12 Secci\u00f3n<\/td>\n<\/tr>\n<tr>\n<th>Tipo de estructura<\/th>\n<td>V\u00e1lvula seccional<\/td>\n<\/tr>\n<tr>\n<th>M\u00e9todo de control<\/th>\n<td>Manual<\/td>\n<\/tr>\n<tr>\n<th>Caudal nominal<\/th>\n<td>60 L\/min (15,8 US gpm)<\/td>\n<\/tr>\n<tr>\n<th>Presi\u00f3n m\u00e1xima<\/th>\n<td>350 bar (5100 psi)<\/td>\n<\/tr>\n<tr>\n<th>Rango de viscosidad de funcionamiento<\/th>\n<td>15 - 75 mm\u00b2\/s (15 cSt a 75 cSt)<\/td>\n<\/tr>\n<tr>\n<th>Temperatura ambiente<\/th>\n<td>-40\u00b0C a +80\u00b0C (-40\u00b0F a +176\u00b0F)<\/td>\n<\/tr>\n<\/tbody>\n<\/table>\n<p>&nbsp;<\/p>\n<p>&nbsp;<\/p>\n<p>&nbsp;<\/p>","protected":false},"excerpt":{"rendered":"<ul>\n<li>Caudal nominal de 60 L\/min para una alta eficiencia<\/li>\n<li>Presi\u00f3n m\u00e1xima de 350 bares para aplicaciones exigentes<\/li>\n<li>Rango de viscosidad de funcionamiento de 15 - 75 mm\u00b2\/s para compatibilidad con diversos fluidos<\/li>\n<li>\u00a0Temperatura ambiente de -40\u00b0C a +80\u00b0C para uso en entornos extremos<\/li>\n<li>Dise\u00f1o compacto y modular para facilitar la integraci\u00f3n .<\/li>\n<li>Transporte : Mar\u00edtimo \/ A\u00e9reo \/Tren\/DHL \/ UPS \/ TNT \/ Fedex<\/li>\n<\/ul>","protected":false},"featured_media":949,"comment_status":"open","ping_status":"closed","template":"","meta":[],"product_brand":[],"product_cat":[27],"product_tag":[],"class_list":{"0":"post-950","1":"product","2":"type-product","3":"status-publish","4":"has-post-thumbnail","6":"product_cat-dcv-series","8":"first","9":"instock","10":"shipping-taxable","11":"product-type-simple"},"yoast_head":"<!-- This site is optimized with the Yoast SEO plugin v24.6 - https:\/\/yoast.com\/wordpress\/plugins\/seo\/ -->\n<title>DCV60 Manual 2 Spool Sectional Directional Valve - YiWo Hydraulic<\/title>\n<meta name=\"robots\" content=\"index, follow, max-snippet:-1, max-image-preview:large, max-video-preview:-1\" \/>\n<link rel=\"canonical\" href=\"https:\/\/yiwohydraulic.com\/es\/product\/dcv60-manual-2-spool-sectional-directional-valve\/\" \/>\n<meta property=\"og:locale\" content=\"es_ES\" \/>\n<meta property=\"og:type\" content=\"article\" \/>\n<meta property=\"og:title\" content=\"DCV60 Manual 2 Spool Sectional Directional Valve - YiWo Hydraulic\" \/>\n<meta property=\"og:description\" content=\"Rated flow rate of 60 L\/min for high efficiency  Maximum pressure of 350 bar for demanding applications  Operating viscosity range of 15 - 75 mm\u00b2\/s for compatibility with various fluids  \u00a0Ambient temperature range of -40\u00b0C to +80\u00b0C for use in extreme environments  Compact and modular design for easy integration .  Transportation : By sea \/ Air \/Train\/DHL \/ UPS \/ TNT \/ Fedex\" \/>\n<meta property=\"og:url\" content=\"https:\/\/yiwohydraulic.com\/es\/product\/dcv60-manual-2-spool-sectional-directional-valve\/\" \/>\n<meta property=\"og:site_name\" content=\"YiWo Hydraulic\" \/>\n<meta property=\"article:modified_time\" content=\"2025-05-12T06:47:36+00:00\" \/>\n<meta property=\"og:image\" content=\"https:\/\/yiwohydraulic.com\/wp-content\/uploads\/2025\/05\/p120-nonoblock-valve.png\" \/>\n\t<meta property=\"og:image:width\" content=\"800\" \/>\n\t<meta property=\"og:image:height\" content=\"800\" \/>\n\t<meta property=\"og:image:type\" content=\"image\/png\" \/>\n<meta name=\"twitter:card\" content=\"summary_large_image\" \/>\n<meta name=\"twitter:label1\" content=\"Tiempo de lectura\" \/>\n\t<meta name=\"twitter:data1\" content=\"1 minuto\" \/>\n<script type=\"application\/ld+json\" class=\"yoast-schema-graph\">{\"@context\":\"https:\/\/schema.org\",\"@graph\":[{\"@type\":\"WebPage\",\"@id\":\"https:\/\/yiwohydraulic.com\/ru\/product\/dcv60-manual-2-spool-sectional-directional-valve\/\",\"url\":\"https:\/\/yiwohydraulic.com\/ru\/product\/dcv60-manual-2-spool-sectional-directional-valve\/\",\"name\":\"DCV60 Manual 2 Spool Sectional Directional Valve - YiWo Hydraulic\",\"isPartOf\":{\"@id\":\"http:\/\/yiwohydraulic.com\/#website\"},\"primaryImageOfPage\":{\"@id\":\"https:\/\/yiwohydraulic.com\/ru\/product\/dcv60-manual-2-spool-sectional-directional-valve\/#primaryimage\"},\"image\":{\"@id\":\"https:\/\/yiwohydraulic.com\/ru\/product\/dcv60-manual-2-spool-sectional-directional-valve\/#primaryimage\"},\"thumbnailUrl\":\"http:\/\/yiwohydraulic.com\/wp-content\/uploads\/2025\/05\/p120-nonoblock-valve.png\",\"datePublished\":\"2025-05-12T06:40:05+00:00\",\"dateModified\":\"2025-05-12T06:47:36+00:00\",\"breadcrumb\":{\"@id\":\"https:\/\/yiwohydraulic.com\/ru\/product\/dcv60-manual-2-spool-sectional-directional-valve\/#breadcrumb\"},\"inLanguage\":\"es\",\"potentialAction\":[{\"@type\":\"ReadAction\",\"target\":[\"https:\/\/yiwohydraulic.com\/ru\/product\/dcv60-manual-2-spool-sectional-directional-valve\/\"]}]},{\"@type\":\"ImageObject\",\"inLanguage\":\"es\",\"@id\":\"https:\/\/yiwohydraulic.com\/ru\/product\/dcv60-manual-2-spool-sectional-directional-valve\/#primaryimage\",\"url\":\"http:\/\/yiwohydraulic.com\/wp-content\/uploads\/2025\/05\/p120-nonoblock-valve.png\",\"contentUrl\":\"http:\/\/yiwohydraulic.com\/wp-content\/uploads\/2025\/05\/p120-nonoblock-valve.png\",\"width\":800,\"height\":800},{\"@type\":\"BreadcrumbList\",\"@id\":\"https:\/\/yiwohydraulic.com\/ru\/product\/dcv60-manual-2-spool-sectional-directional-valve\/#breadcrumb\",\"itemListElement\":[{\"@type\":\"ListItem\",\"position\":1,\"name\":\"Home\",\"item\":\"http:\/\/yiwohydraulic.com\/\"},{\"@type\":\"ListItem\",\"position\":2,\"name\":\"\u0422\u043e\u0432\u0430\u0440\u044b\",\"item\":\"https:\/\/yiwohydraulic.com\/ru\/shop\/\"},{\"@type\":\"ListItem\",\"position\":3,\"name\":\"DCV60 Manual 2 Spool Sectional Directional Valve\"}]},{\"@type\":\"WebSite\",\"@id\":\"http:\/\/yiwohydraulic.com\/#website\",\"url\":\"http:\/\/yiwohydraulic.com\/\",\"name\":\"YiWo Hydraulic\",\"description\":\"\",\"potentialAction\":[{\"@type\":\"SearchAction\",\"target\":{\"@type\":\"EntryPoint\",\"urlTemplate\":\"http:\/\/yiwohydraulic.com\/?s={search_term_string}\"},\"query-input\":{\"@type\":\"PropertyValueSpecification\",\"valueRequired\":true,\"valueName\":\"search_term_string\"}}],\"inLanguage\":\"es\"}]}<\/script>\n<!-- \/ Yoast SEO plugin. -->","yoast_head_json":{"title":"DCV60 Manual 2 Spool Sectional Directional Valve - YiWo Hydraulic","robots":{"index":"index","follow":"follow","max-snippet":"max-snippet:-1","max-image-preview":"max-image-preview:large","max-video-preview":"max-video-preview:-1"},"canonical":"https:\/\/yiwohydraulic.com\/es\/product\/dcv60-manual-2-spool-sectional-directional-valve\/","og_locale":"es_ES","og_type":"article","og_title":"DCV60 Manual 2 Spool Sectional Directional Valve - YiWo Hydraulic","og_description":"Rated flow rate of 60 L\/min for high efficiency  Maximum pressure of 350 bar for demanding applications  Operating viscosity range of 15 - 75 mm\u00b2\/s for compatibility with various fluids  \u00a0Ambient temperature range of -40\u00b0C to +80\u00b0C for use in extreme environments  Compact and modular design for easy integration .  Transportation : By sea \/ Air \/Train\/DHL \/ UPS \/ TNT \/ Fedex","og_url":"https:\/\/yiwohydraulic.com\/es\/product\/dcv60-manual-2-spool-sectional-directional-valve\/","og_site_name":"YiWo Hydraulic","article_modified_time":"2025-05-12T06:47:36+00:00","og_image":[{"width":800,"height":800,"url":"https:\/\/yiwohydraulic.com\/wp-content\/uploads\/2025\/05\/p120-nonoblock-valve.png","type":"image\/png"}],"twitter_card":"summary_large_image","twitter_misc":{"Tiempo de lectura":"1 minuto"},"schema":{"@context":"https:\/\/schema.org","@graph":[{"@type":"WebPage","@id":"https:\/\/yiwohydraulic.com\/ru\/product\/dcv60-manual-2-spool-sectional-directional-valve\/","url":"https:\/\/yiwohydraulic.com\/ru\/product\/dcv60-manual-2-spool-sectional-directional-valve\/","name":"DCV60 Manual 2 Spool Sectional Directional Valve - YiWo Hydraulic","isPartOf":{"@id":"http:\/\/yiwohydraulic.com\/#website"},"primaryImageOfPage":{"@id":"https:\/\/yiwohydraulic.com\/ru\/product\/dcv60-manual-2-spool-sectional-directional-valve\/#primaryimage"},"image":{"@id":"https:\/\/yiwohydraulic.com\/ru\/product\/dcv60-manual-2-spool-sectional-directional-valve\/#primaryimage"},"thumbnailUrl":"http:\/\/yiwohydraulic.com\/wp-content\/uploads\/2025\/05\/p120-nonoblock-valve.png","datePublished":"2025-05-12T06:40:05+00:00","dateModified":"2025-05-12T06:47:36+00:00","breadcrumb":{"@id":"https:\/\/yiwohydraulic.com\/ru\/product\/dcv60-manual-2-spool-sectional-directional-valve\/#breadcrumb"},"inLanguage":"es","potentialAction":[{"@type":"ReadAction","target":["https:\/\/yiwohydraulic.com\/ru\/product\/dcv60-manual-2-spool-sectional-directional-valve\/"]}]},{"@type":"ImageObject","inLanguage":"es","@id":"https:\/\/yiwohydraulic.com\/ru\/product\/dcv60-manual-2-spool-sectional-directional-valve\/#primaryimage","url":"http:\/\/yiwohydraulic.com\/wp-content\/uploads\/2025\/05\/p120-nonoblock-valve.png","contentUrl":"http:\/\/yiwohydraulic.com\/wp-content\/uploads\/2025\/05\/p120-nonoblock-valve.png","width":800,"height":800},{"@type":"BreadcrumbList","@id":"https:\/\/yiwohydraulic.com\/ru\/product\/dcv60-manual-2-spool-sectional-directional-valve\/#breadcrumb","itemListElement":[{"@type":"ListItem","position":1,"name":"Home","item":"http:\/\/yiwohydraulic.com\/"},{"@type":"ListItem","position":2,"name":"\u0422\u043e\u0432\u0430\u0440\u044b","item":"https:\/\/yiwohydraulic.com\/ru\/shop\/"},{"@type":"ListItem","position":3,"name":"DCV60 Manual 2 Spool Sectional Directional Valve"}]},{"@type":"WebSite","@id":"http:\/\/yiwohydraulic.com\/#website","url":"http:\/\/yiwohydraulic.com\/","name":"YiWo Hydraulic","description":"","potentialAction":[{"@type":"SearchAction","target":{"@type":"EntryPoint","urlTemplate":"http:\/\/yiwohydraulic.com\/?s={search_term_string}"},"query-input":{"@type":"PropertyValueSpecification","valueRequired":true,"valueName":"search_term_string"}}],"inLanguage":"es"}]}},"_links":{"self":[{"href":"http:\/\/yiwohydraulic.com\/es\/wp-json\/wp\/v2\/product\/950","targetHints":{"allow":["GET"]}}],"collection":[{"href":"http:\/\/yiwohydraulic.com\/es\/wp-json\/wp\/v2\/product"}],"about":[{"href":"http:\/\/yiwohydraulic.com\/es\/wp-json\/wp\/v2\/types\/product"}],"replies":[{"embeddable":true,"href":"http:\/\/yiwohydraulic.com\/es\/wp-json\/wp\/v2\/comments?post=950"}],"wp:featuredmedia":[{"embeddable":true,"href":"http:\/\/yiwohydraulic.com\/es\/wp-json\/wp\/v2\/media\/949"}],"wp:attachment":[{"href":"http:\/\/yiwohydraulic.com\/es\/wp-json\/wp\/v2\/media?parent=950"}],"wp:term":[{"taxonomy":"product_brand","embeddable":true,"href":"http:\/\/yiwohydraulic.com\/es\/wp-json\/wp\/v2\/product_brand?post=950"},{"taxonomy":"product_cat","embeddable":true,"href":"http:\/\/yiwohydraulic.com\/es\/wp-json\/wp\/v2\/product_cat?post=950"},{"taxonomy":"product_tag","embeddable":true,"href":"http:\/\/yiwohydraulic.com\/es\/wp-json\/wp\/v2\/product_tag?post=950"}],"curies":[{"name":"wp","href":"https:\/\/api.w.org\/{rel}","templated":true}]}}