{"id":948,"date":"2025-05-12T06:17:25","date_gmt":"2025-05-12T06:17:25","guid":{"rendered":"https:\/\/yiwohydraulic.com\/?post_type=product&#038;p=948"},"modified":"2025-05-12T06:39:24","modified_gmt":"2025-05-12T06:39:24","slug":"p120-manual-2-spool-monoblock-directional-valve","status":"publish","type":"product","link":"http:\/\/yiwohydraulic.com\/es\/product\/p120-manual-2-spool-monoblock-directional-valve\/","title":{"rendered":"P120 V\u00e1lvula direccional manual monobloque de 2 carretes"},"content":{"rendered":"<h3><strong>Par\u00e1metros t\u00e9cnicos<\/strong><\/h3>\n<table class=\"table table-bordered align-middle table-part mb-0\" style=\"height: 283px;\" width=\"670\">\n<tbody>\n<tr>\n<th>Secci\u00f3n<\/th>\n<td>Secci\u00f3n 1,Secci\u00f3n 2,Secci\u00f3n 3,Secci\u00f3n 4<\/td>\n<\/tr>\n<tr>\n<th>Tipo de estructura<\/th>\n<td>V\u00e1lvula monobloque<\/td>\n<\/tr>\n<tr>\n<th>M\u00e9todo de control<\/th>\n<td>Manual<\/td>\n<\/tr>\n<tr>\n<th>Caudal nominal<\/th>\n<td>120 L\/min (31,7 US gpm)<\/td>\n<\/tr>\n<tr>\n<th>Presi\u00f3n m\u00e1xima<\/th>\n<td>250 bar (3600 psi)<\/td>\n<\/tr>\n<tr>\n<th>Rango de viscosidad de funcionamiento<\/th>\n<td>15 - 75 mm\u00b2\/s (15 cSt a 75 cSt)<\/td>\n<\/tr>\n<tr>\n<th>Temperatura ambiente<\/th>\n<td>-40\u00b0C a +80\u00b0C (-40\u00b0F a +176\u00b0F)<\/td>\n<\/tr>\n<\/tbody>\n<\/table>\n<p>&nbsp;<\/p>\n<p>&nbsp;<\/p>","protected":false},"excerpt":{"rendered":"<ul>\n<li>Caudal nominal de 120 L\/min (31,7 US gpm)<\/li>\n<li>&nbsp;\n<p>Presi\u00f3n m\u00e1xima de 250 bar (3600 psi)<\/li>\n<li>&nbsp;\n<p>Rango de viscosidad de funcionamiento de 15 - 75 mm\u00b2\/s (15 cSt a 75 cSt)<\/li>\n<li>&nbsp;\n<p>Temperatura ambiente de -40\u00b0C a +80\u00b0C (-40\u00b0F a +176\u00b0F)<\/li>\n<li>Ajuste: Carretilla elevadora, veh\u00edculos de saneamiento, peque\u00f1a cargadora y otro sistema hidr\u00e1ulico de maquinaria de construcci\u00f3n.<\/li>\n<li>Transporte : Mar\u00edtimo \/ A\u00e9reo \/Tren\/DHL \/ UPS \/ TNT \/ Fedex<\/li>\n<\/ul>","protected":false},"featured_media":949,"comment_status":"open","ping_status":"closed","template":"","meta":[],"product_brand":[],"product_cat":[26],"product_tag":[],"class_list":{"0":"post-948","1":"product","2":"type-product","3":"status-publish","4":"has-post-thumbnail","6":"product_cat-p-series","8":"first","9":"instock","10":"shipping-taxable","11":"product-type-simple"},"yoast_head":"<!-- This site is optimized with the Yoast SEO plugin v24.6 - https:\/\/yoast.com\/wordpress\/plugins\/seo\/ -->\n<title>P120 Manual 2 Spool Monoblock Directional Valve - YiWo Hydraulic<\/title>\n<meta name=\"robots\" content=\"index, follow, max-snippet:-1, max-image-preview:large, max-video-preview:-1\" \/>\n<link rel=\"canonical\" href=\"http:\/\/yiwohydraulic.com\/es\/product\/p120-manual-2-spool-monoblock-directional-valve\/\" \/>\n<meta property=\"og:locale\" content=\"es_ES\" \/>\n<meta property=\"og:type\" content=\"article\" \/>\n<meta property=\"og:title\" content=\"P120 Manual 2 Spool Monoblock Directional Valve - YiWo Hydraulic\" \/>\n<meta property=\"og:description\" content=\"Rated flow of 120 L\/min (31.7 US gpm)  &nbsp;  Maximum pressure of 250 bar (3600 psi)  &nbsp;  Operating viscosity range of 15 - 75 mm\u00b2\/s (15 cSt to 75 cSt)  &nbsp;  Ambient temperature range of -40\u00b0C to +80\u00b0C (-40\u00b0F to +176\u00b0F)  Fit: Forklift, sanitation vehicles, small loader and other construction machinery hydraulic system.  Transportation : By sea \/ Air \/Train\/DHL \/ UPS \/ TNT \/ Fedex\" \/>\n<meta property=\"og:url\" content=\"http:\/\/yiwohydraulic.com\/es\/product\/p120-manual-2-spool-monoblock-directional-valve\/\" \/>\n<meta property=\"og:site_name\" content=\"YiWo Hydraulic\" \/>\n<meta property=\"article:modified_time\" content=\"2025-05-12T06:39:24+00:00\" \/>\n<meta property=\"og:image\" content=\"http:\/\/yiwohydraulic.com\/wp-content\/uploads\/2025\/05\/p120-nonoblock-valve.png\" \/>\n\t<meta property=\"og:image:width\" content=\"800\" \/>\n\t<meta property=\"og:image:height\" content=\"800\" \/>\n\t<meta property=\"og:image:type\" content=\"image\/png\" \/>\n<meta name=\"twitter:card\" content=\"summary_large_image\" \/>\n<meta name=\"twitter:label1\" content=\"Tiempo de lectura\" \/>\n\t<meta name=\"twitter:data1\" content=\"1 minuto\" \/>\n<script type=\"application\/ld+json\" class=\"yoast-schema-graph\">{\"@context\":\"https:\/\/schema.org\",\"@graph\":[{\"@type\":\"WebPage\",\"@id\":\"http:\/\/yiwohydraulic.com\/ar\/product\/p120-manual-2-spool-monoblock-directional-valve\/\",\"url\":\"http:\/\/yiwohydraulic.com\/ar\/product\/p120-manual-2-spool-monoblock-directional-valve\/\",\"name\":\"P120 Manual 2 Spool Monoblock Directional Valve - YiWo Hydraulic\",\"isPartOf\":{\"@id\":\"http:\/\/yiwohydraulic.com\/#website\"},\"primaryImageOfPage\":{\"@id\":\"http:\/\/yiwohydraulic.com\/ar\/product\/p120-manual-2-spool-monoblock-directional-valve\/#primaryimage\"},\"image\":{\"@id\":\"http:\/\/yiwohydraulic.com\/ar\/product\/p120-manual-2-spool-monoblock-directional-valve\/#primaryimage\"},\"thumbnailUrl\":\"http:\/\/yiwohydraulic.com\/wp-content\/uploads\/2025\/05\/p120-nonoblock-valve.png\",\"datePublished\":\"2025-05-12T06:17:25+00:00\",\"dateModified\":\"2025-05-12T06:39:24+00:00\",\"breadcrumb\":{\"@id\":\"http:\/\/yiwohydraulic.com\/ar\/product\/p120-manual-2-spool-monoblock-directional-valve\/#breadcrumb\"},\"inLanguage\":\"es\",\"potentialAction\":[{\"@type\":\"ReadAction\",\"target\":[\"http:\/\/yiwohydraulic.com\/ar\/product\/p120-manual-2-spool-monoblock-directional-valve\/\"]}]},{\"@type\":\"ImageObject\",\"inLanguage\":\"es\",\"@id\":\"http:\/\/yiwohydraulic.com\/ar\/product\/p120-manual-2-spool-monoblock-directional-valve\/#primaryimage\",\"url\":\"http:\/\/yiwohydraulic.com\/wp-content\/uploads\/2025\/05\/p120-nonoblock-valve.png\",\"contentUrl\":\"http:\/\/yiwohydraulic.com\/wp-content\/uploads\/2025\/05\/p120-nonoblock-valve.png\",\"width\":800,\"height\":800},{\"@type\":\"BreadcrumbList\",\"@id\":\"http:\/\/yiwohydraulic.com\/ar\/product\/p120-manual-2-spool-monoblock-directional-valve\/#breadcrumb\",\"itemListElement\":[{\"@type\":\"ListItem\",\"position\":1,\"name\":\"Home\",\"item\":\"http:\/\/yiwohydraulic.com\/\"},{\"@type\":\"ListItem\",\"position\":2,\"name\":\"\u0422\u043e\u0432\u0430\u0440\u044b\",\"item\":\"https:\/\/yiwohydraulic.com\/ru\/shop\/\"},{\"@type\":\"ListItem\",\"position\":3,\"name\":\"P120 Manual 2 Spool Monoblock Directional Valve\"}]},{\"@type\":\"WebSite\",\"@id\":\"http:\/\/yiwohydraulic.com\/#website\",\"url\":\"http:\/\/yiwohydraulic.com\/\",\"name\":\"YiWo Hydraulic\",\"description\":\"\",\"potentialAction\":[{\"@type\":\"SearchAction\",\"target\":{\"@type\":\"EntryPoint\",\"urlTemplate\":\"http:\/\/yiwohydraulic.com\/?s={search_term_string}\"},\"query-input\":{\"@type\":\"PropertyValueSpecification\",\"valueRequired\":true,\"valueName\":\"search_term_string\"}}],\"inLanguage\":\"es\"}]}<\/script>\n<!-- \/ Yoast SEO plugin. -->","yoast_head_json":{"title":"P120 Manual 2 Spool Monoblock Directional Valve - YiWo Hydraulic","robots":{"index":"index","follow":"follow","max-snippet":"max-snippet:-1","max-image-preview":"max-image-preview:large","max-video-preview":"max-video-preview:-1"},"canonical":"http:\/\/yiwohydraulic.com\/es\/product\/p120-manual-2-spool-monoblock-directional-valve\/","og_locale":"es_ES","og_type":"article","og_title":"P120 Manual 2 Spool Monoblock Directional Valve - YiWo Hydraulic","og_description":"Rated flow of 120 L\/min (31.7 US gpm)  &nbsp;  Maximum pressure of 250 bar (3600 psi)  &nbsp;  Operating viscosity range of 15 - 75 mm\u00b2\/s (15 cSt to 75 cSt)  &nbsp;  Ambient temperature range of -40\u00b0C to +80\u00b0C (-40\u00b0F to +176\u00b0F)  Fit: Forklift, sanitation vehicles, small loader and other construction machinery hydraulic system.  Transportation : By sea \/ Air \/Train\/DHL \/ UPS \/ TNT \/ Fedex","og_url":"http:\/\/yiwohydraulic.com\/es\/product\/p120-manual-2-spool-monoblock-directional-valve\/","og_site_name":"YiWo Hydraulic","article_modified_time":"2025-05-12T06:39:24+00:00","og_image":[{"width":800,"height":800,"url":"http:\/\/yiwohydraulic.com\/wp-content\/uploads\/2025\/05\/p120-nonoblock-valve.png","type":"image\/png"}],"twitter_card":"summary_large_image","twitter_misc":{"Tiempo de lectura":"1 minuto"},"schema":{"@context":"https:\/\/schema.org","@graph":[{"@type":"WebPage","@id":"http:\/\/yiwohydraulic.com\/ar\/product\/p120-manual-2-spool-monoblock-directional-valve\/","url":"http:\/\/yiwohydraulic.com\/ar\/product\/p120-manual-2-spool-monoblock-directional-valve\/","name":"P120 Manual 2 Spool Monoblock Directional Valve - YiWo Hydraulic","isPartOf":{"@id":"http:\/\/yiwohydraulic.com\/#website"},"primaryImageOfPage":{"@id":"http:\/\/yiwohydraulic.com\/ar\/product\/p120-manual-2-spool-monoblock-directional-valve\/#primaryimage"},"image":{"@id":"http:\/\/yiwohydraulic.com\/ar\/product\/p120-manual-2-spool-monoblock-directional-valve\/#primaryimage"},"thumbnailUrl":"http:\/\/yiwohydraulic.com\/wp-content\/uploads\/2025\/05\/p120-nonoblock-valve.png","datePublished":"2025-05-12T06:17:25+00:00","dateModified":"2025-05-12T06:39:24+00:00","breadcrumb":{"@id":"http:\/\/yiwohydraulic.com\/ar\/product\/p120-manual-2-spool-monoblock-directional-valve\/#breadcrumb"},"inLanguage":"es","potentialAction":[{"@type":"ReadAction","target":["http:\/\/yiwohydraulic.com\/ar\/product\/p120-manual-2-spool-monoblock-directional-valve\/"]}]},{"@type":"ImageObject","inLanguage":"es","@id":"http:\/\/yiwohydraulic.com\/ar\/product\/p120-manual-2-spool-monoblock-directional-valve\/#primaryimage","url":"http:\/\/yiwohydraulic.com\/wp-content\/uploads\/2025\/05\/p120-nonoblock-valve.png","contentUrl":"http:\/\/yiwohydraulic.com\/wp-content\/uploads\/2025\/05\/p120-nonoblock-valve.png","width":800,"height":800},{"@type":"BreadcrumbList","@id":"http:\/\/yiwohydraulic.com\/ar\/product\/p120-manual-2-spool-monoblock-directional-valve\/#breadcrumb","itemListElement":[{"@type":"ListItem","position":1,"name":"Home","item":"http:\/\/yiwohydraulic.com\/"},{"@type":"ListItem","position":2,"name":"\u0422\u043e\u0432\u0430\u0440\u044b","item":"https:\/\/yiwohydraulic.com\/ru\/shop\/"},{"@type":"ListItem","position":3,"name":"P120 Manual 2 Spool Monoblock Directional Valve"}]},{"@type":"WebSite","@id":"http:\/\/yiwohydraulic.com\/#website","url":"http:\/\/yiwohydraulic.com\/","name":"YiWo Hydraulic","description":"","potentialAction":[{"@type":"SearchAction","target":{"@type":"EntryPoint","urlTemplate":"http:\/\/yiwohydraulic.com\/?s={search_term_string}"},"query-input":{"@type":"PropertyValueSpecification","valueRequired":true,"valueName":"search_term_string"}}],"inLanguage":"es"}]}},"_links":{"self":[{"href":"http:\/\/yiwohydraulic.com\/es\/wp-json\/wp\/v2\/product\/948","targetHints":{"allow":["GET"]}}],"collection":[{"href":"http:\/\/yiwohydraulic.com\/es\/wp-json\/wp\/v2\/product"}],"about":[{"href":"http:\/\/yiwohydraulic.com\/es\/wp-json\/wp\/v2\/types\/product"}],"replies":[{"embeddable":true,"href":"http:\/\/yiwohydraulic.com\/es\/wp-json\/wp\/v2\/comments?post=948"}],"wp:featuredmedia":[{"embeddable":true,"href":"http:\/\/yiwohydraulic.com\/es\/wp-json\/wp\/v2\/media\/949"}],"wp:attachment":[{"href":"http:\/\/yiwohydraulic.com\/es\/wp-json\/wp\/v2\/media?parent=948"}],"wp:term":[{"taxonomy":"product_brand","embeddable":true,"href":"http:\/\/yiwohydraulic.com\/es\/wp-json\/wp\/v2\/product_brand?post=948"},{"taxonomy":"product_cat","embeddable":true,"href":"http:\/\/yiwohydraulic.com\/es\/wp-json\/wp\/v2\/product_cat?post=948"},{"taxonomy":"product_tag","embeddable":true,"href":"http:\/\/yiwohydraulic.com\/es\/wp-json\/wp\/v2\/product_tag?post=948"}],"curies":[{"name":"wp","href":"https:\/\/api.w.org\/{rel}","templated":true}]}}