{"id":904,"date":"2025-04-24T08:22:52","date_gmt":"2025-04-24T08:22:52","guid":{"rendered":"https:\/\/yiwohydraulic.com\/?post_type=product&#038;p=904"},"modified":"2025-04-24T08:35:21","modified_gmt":"2025-04-24T08:35:21","slug":"pilot-operated-sequence-valve-dz10-dz20-dz30","status":"publish","type":"product","link":"http:\/\/yiwohydraulic.com\/es\/product\/pilot-operated-sequence-valve-dz10-dz20-dz30\/","title":{"rendered":"V\u00e1lvula de descarga pilotada DA10 DA20 DA30"},"content":{"rendered":"<h3><strong>Par\u00e1metros t\u00e9cnicos<\/strong><\/h3>\n<table border=\"1\" width=\"100%\" cellspacing=\"0\">\n<tbody>\n<tr>\n<td>Especificaci\u00f3n<\/td>\n<td colspan=\"2\">10<\/td>\n<td colspan=\"2\">20<\/td>\n<td colspan=\"2\">30<\/td>\n<\/tr>\n<tr>\n<td>Presi\u00f3n m\u00e1xima de trabajo (Mpa)<\/td>\n<td colspan=\"6\">31.5<\/td>\n<\/tr>\n<tr>\n<td>Caudal m\u00e1x. (L\/min)<\/td>\n<td colspan=\"2\">60<\/td>\n<td colspan=\"2\">120<\/td>\n<td colspan=\"2\">240<\/td>\n<\/tr>\n<tr>\n<td rowspan=\"2\">Tensi\u00f3n de trabajo<\/td>\n<td colspan=\"3\">DC<\/td>\n<td colspan=\"3\">12\/24<\/td>\n<\/tr>\n<tr>\n<td colspan=\"3\">CA<\/td>\n<td colspan=\"3\">110\/220<\/td>\n<\/tr>\n<tr>\n<td>Ajuste de presi\u00f3n(Mpa)<\/td>\n<td>5<\/td>\n<td colspan=\"2\">10<\/td>\n<td colspan=\"2\">20<\/td>\n<td>31.5<\/td>\n<\/tr>\n<tr>\n<td>N\u00famero de dise\u00f1o<\/td>\n<td colspan=\"6\">50<\/td>\n<\/tr>\n<\/tbody>\n<\/table>\n<p>&nbsp;<\/p>","protected":false},"excerpt":{"rendered":"<ul>\n<li>Denominaci\u00f3n: V\u00e1lvula de descarga pilotada<\/li>\n<li>Modelo N\u00ba: DA10 DA20 DA30<\/li>\n<li>Talla 10 a 30<\/li>\n<li>Ajuste: Construcci\u00f3n,LINDE Tractor, Gr\u00faa, Carretilla elevadora<\/li>\n<li>Origen: China<\/li>\n<li>Sustituir: YUKEN; REXROTH; VICKERS<\/li>\n<\/ul>","protected":false},"featured_media":910,"comment_status":"open","ping_status":"closed","template":"","meta":[],"product_brand":[],"product_cat":[24],"product_tag":[],"class_list":{"0":"post-904","1":"product","2":"type-product","3":"status-publish","4":"has-post-thumbnail","6":"product_cat-pressure-valve","8":"first","9":"instock","10":"shipping-taxable","11":"product-type-simple"},"yoast_head":"<!-- This site is optimized with the Yoast SEO plugin v24.6 - https:\/\/yoast.com\/wordpress\/plugins\/seo\/ -->\n<title>Pilot operated unloading valve DA10 DA20 DA30 - YiWo Hydraulic<\/title>\n<meta name=\"robots\" content=\"index, follow, max-snippet:-1, max-image-preview:large, max-video-preview:-1\" \/>\n<link rel=\"canonical\" href=\"https:\/\/yiwohydraulic.com\/es\/product\/pilot-operated-sequence-valve-dz10-dz20-dz30\/\" \/>\n<meta property=\"og:locale\" content=\"es_ES\" \/>\n<meta property=\"og:type\" content=\"article\" \/>\n<meta property=\"og:title\" content=\"Pilot operated unloading valve DA10 DA20 DA30 - YiWo Hydraulic\" \/>\n<meta property=\"og:description\" content=\"Name: Pilot operated unloading valve  Model No.: DA10 DA20 DA30  Size 10 to 30  Fit: Construction,LINDE Tractor, Crane, Forklift  Origin: China  Replace: YUKEN; REXROTH; VICKERS\" \/>\n<meta property=\"og:url\" content=\"https:\/\/yiwohydraulic.com\/es\/product\/pilot-operated-sequence-valve-dz10-dz20-dz30\/\" \/>\n<meta property=\"og:site_name\" content=\"YiWo Hydraulic\" \/>\n<meta property=\"article:modified_time\" content=\"2025-04-24T08:35:21+00:00\" \/>\n<meta property=\"og:image\" content=\"https:\/\/yiwohydraulic.com\/wp-content\/uploads\/2025\/04\/DA\u7cfb\u5217\u5148\u5bfc\u5f0f\u5378\u8377\u9600.png\" \/>\n\t<meta property=\"og:image:width\" content=\"800\" \/>\n\t<meta property=\"og:image:height\" content=\"800\" \/>\n\t<meta property=\"og:image:type\" content=\"image\/png\" \/>\n<meta name=\"twitter:card\" content=\"summary_large_image\" \/>\n<meta name=\"twitter:label1\" content=\"Tiempo de lectura\" \/>\n\t<meta name=\"twitter:data1\" content=\"1 minuto\" \/>\n<script type=\"application\/ld+json\" class=\"yoast-schema-graph\">{\"@context\":\"https:\/\/schema.org\",\"@graph\":[{\"@type\":\"WebPage\",\"@id\":\"https:\/\/yiwohydraulic.com\/es\/product\/pilot-operated-sequence-valve-dz10-dz20-dz30\/\",\"url\":\"https:\/\/yiwohydraulic.com\/es\/product\/pilot-operated-sequence-valve-dz10-dz20-dz30\/\",\"name\":\"Pilot operated unloading valve DA10 DA20 DA30 - YiWo Hydraulic\",\"isPartOf\":{\"@id\":\"http:\/\/yiwohydraulic.com\/#website\"},\"primaryImageOfPage\":{\"@id\":\"https:\/\/yiwohydraulic.com\/es\/product\/pilot-operated-sequence-valve-dz10-dz20-dz30\/#primaryimage\"},\"image\":{\"@id\":\"https:\/\/yiwohydraulic.com\/es\/product\/pilot-operated-sequence-valve-dz10-dz20-dz30\/#primaryimage\"},\"thumbnailUrl\":\"http:\/\/yiwohydraulic.com\/wp-content\/uploads\/2025\/04\/DA\u7cfb\u5217\u5148\u5bfc\u5f0f\u5378\u8377\u9600.png\",\"datePublished\":\"2025-04-24T08:22:52+00:00\",\"dateModified\":\"2025-04-24T08:35:21+00:00\",\"breadcrumb\":{\"@id\":\"https:\/\/yiwohydraulic.com\/es\/product\/pilot-operated-sequence-valve-dz10-dz20-dz30\/#breadcrumb\"},\"inLanguage\":\"es\",\"potentialAction\":[{\"@type\":\"ReadAction\",\"target\":[\"https:\/\/yiwohydraulic.com\/es\/product\/pilot-operated-sequence-valve-dz10-dz20-dz30\/\"]}]},{\"@type\":\"ImageObject\",\"inLanguage\":\"es\",\"@id\":\"https:\/\/yiwohydraulic.com\/es\/product\/pilot-operated-sequence-valve-dz10-dz20-dz30\/#primaryimage\",\"url\":\"http:\/\/yiwohydraulic.com\/wp-content\/uploads\/2025\/04\/DA\u7cfb\u5217\u5148\u5bfc\u5f0f\u5378\u8377\u9600.png\",\"contentUrl\":\"http:\/\/yiwohydraulic.com\/wp-content\/uploads\/2025\/04\/DA\u7cfb\u5217\u5148\u5bfc\u5f0f\u5378\u8377\u9600.png\",\"width\":800,\"height\":800},{\"@type\":\"BreadcrumbList\",\"@id\":\"https:\/\/yiwohydraulic.com\/es\/product\/pilot-operated-sequence-valve-dz10-dz20-dz30\/#breadcrumb\",\"itemListElement\":[{\"@type\":\"ListItem\",\"position\":1,\"name\":\"Home\",\"item\":\"http:\/\/yiwohydraulic.com\/\"},{\"@type\":\"ListItem\",\"position\":2,\"name\":\"\u0422\u043e\u0432\u0430\u0440\u044b\",\"item\":\"https:\/\/yiwohydraulic.com\/ru\/shop\/\"},{\"@type\":\"ListItem\",\"position\":3,\"name\":\"Pilot operated unloading valve DA10 DA20 DA30\"}]},{\"@type\":\"WebSite\",\"@id\":\"http:\/\/yiwohydraulic.com\/#website\",\"url\":\"http:\/\/yiwohydraulic.com\/\",\"name\":\"YiWo Hydraulic\",\"description\":\"\",\"potentialAction\":[{\"@type\":\"SearchAction\",\"target\":{\"@type\":\"EntryPoint\",\"urlTemplate\":\"http:\/\/yiwohydraulic.com\/?s={search_term_string}\"},\"query-input\":{\"@type\":\"PropertyValueSpecification\",\"valueRequired\":true,\"valueName\":\"search_term_string\"}}],\"inLanguage\":\"es\"}]}<\/script>\n<!-- \/ Yoast SEO plugin. -->","yoast_head_json":{"title":"Pilot operated unloading valve DA10 DA20 DA30 - YiWo Hydraulic","robots":{"index":"index","follow":"follow","max-snippet":"max-snippet:-1","max-image-preview":"max-image-preview:large","max-video-preview":"max-video-preview:-1"},"canonical":"https:\/\/yiwohydraulic.com\/es\/product\/pilot-operated-sequence-valve-dz10-dz20-dz30\/","og_locale":"es_ES","og_type":"article","og_title":"Pilot operated unloading valve DA10 DA20 DA30 - YiWo Hydraulic","og_description":"Name: Pilot operated unloading valve  Model No.: DA10 DA20 DA30  Size 10 to 30  Fit: Construction,LINDE Tractor, Crane, Forklift  Origin: China  Replace: YUKEN; REXROTH; VICKERS","og_url":"https:\/\/yiwohydraulic.com\/es\/product\/pilot-operated-sequence-valve-dz10-dz20-dz30\/","og_site_name":"YiWo Hydraulic","article_modified_time":"2025-04-24T08:35:21+00:00","og_image":[{"width":800,"height":800,"url":"https:\/\/yiwohydraulic.com\/wp-content\/uploads\/2025\/04\/DA\u7cfb\u5217\u5148\u5bfc\u5f0f\u5378\u8377\u9600.png","type":"image\/png"}],"twitter_card":"summary_large_image","twitter_misc":{"Tiempo de lectura":"1 minuto"},"schema":{"@context":"https:\/\/schema.org","@graph":[{"@type":"WebPage","@id":"https:\/\/yiwohydraulic.com\/es\/product\/pilot-operated-sequence-valve-dz10-dz20-dz30\/","url":"https:\/\/yiwohydraulic.com\/es\/product\/pilot-operated-sequence-valve-dz10-dz20-dz30\/","name":"Pilot operated unloading valve DA10 DA20 DA30 - YiWo Hydraulic","isPartOf":{"@id":"http:\/\/yiwohydraulic.com\/#website"},"primaryImageOfPage":{"@id":"https:\/\/yiwohydraulic.com\/es\/product\/pilot-operated-sequence-valve-dz10-dz20-dz30\/#primaryimage"},"image":{"@id":"https:\/\/yiwohydraulic.com\/es\/product\/pilot-operated-sequence-valve-dz10-dz20-dz30\/#primaryimage"},"thumbnailUrl":"http:\/\/yiwohydraulic.com\/wp-content\/uploads\/2025\/04\/DA\u7cfb\u5217\u5148\u5bfc\u5f0f\u5378\u8377\u9600.png","datePublished":"2025-04-24T08:22:52+00:00","dateModified":"2025-04-24T08:35:21+00:00","breadcrumb":{"@id":"https:\/\/yiwohydraulic.com\/es\/product\/pilot-operated-sequence-valve-dz10-dz20-dz30\/#breadcrumb"},"inLanguage":"es","potentialAction":[{"@type":"ReadAction","target":["https:\/\/yiwohydraulic.com\/es\/product\/pilot-operated-sequence-valve-dz10-dz20-dz30\/"]}]},{"@type":"ImageObject","inLanguage":"es","@id":"https:\/\/yiwohydraulic.com\/es\/product\/pilot-operated-sequence-valve-dz10-dz20-dz30\/#primaryimage","url":"http:\/\/yiwohydraulic.com\/wp-content\/uploads\/2025\/04\/DA\u7cfb\u5217\u5148\u5bfc\u5f0f\u5378\u8377\u9600.png","contentUrl":"http:\/\/yiwohydraulic.com\/wp-content\/uploads\/2025\/04\/DA\u7cfb\u5217\u5148\u5bfc\u5f0f\u5378\u8377\u9600.png","width":800,"height":800},{"@type":"BreadcrumbList","@id":"https:\/\/yiwohydraulic.com\/es\/product\/pilot-operated-sequence-valve-dz10-dz20-dz30\/#breadcrumb","itemListElement":[{"@type":"ListItem","position":1,"name":"Home","item":"http:\/\/yiwohydraulic.com\/"},{"@type":"ListItem","position":2,"name":"\u0422\u043e\u0432\u0430\u0440\u044b","item":"https:\/\/yiwohydraulic.com\/ru\/shop\/"},{"@type":"ListItem","position":3,"name":"Pilot operated unloading valve DA10 DA20 DA30"}]},{"@type":"WebSite","@id":"http:\/\/yiwohydraulic.com\/#website","url":"http:\/\/yiwohydraulic.com\/","name":"YiWo Hydraulic","description":"","potentialAction":[{"@type":"SearchAction","target":{"@type":"EntryPoint","urlTemplate":"http:\/\/yiwohydraulic.com\/?s={search_term_string}"},"query-input":{"@type":"PropertyValueSpecification","valueRequired":true,"valueName":"search_term_string"}}],"inLanguage":"es"}]}},"_links":{"self":[{"href":"http:\/\/yiwohydraulic.com\/es\/wp-json\/wp\/v2\/product\/904","targetHints":{"allow":["GET"]}}],"collection":[{"href":"http:\/\/yiwohydraulic.com\/es\/wp-json\/wp\/v2\/product"}],"about":[{"href":"http:\/\/yiwohydraulic.com\/es\/wp-json\/wp\/v2\/types\/product"}],"replies":[{"embeddable":true,"href":"http:\/\/yiwohydraulic.com\/es\/wp-json\/wp\/v2\/comments?post=904"}],"wp:featuredmedia":[{"embeddable":true,"href":"http:\/\/yiwohydraulic.com\/es\/wp-json\/wp\/v2\/media\/910"}],"wp:attachment":[{"href":"http:\/\/yiwohydraulic.com\/es\/wp-json\/wp\/v2\/media?parent=904"}],"wp:term":[{"taxonomy":"product_brand","embeddable":true,"href":"http:\/\/yiwohydraulic.com\/es\/wp-json\/wp\/v2\/product_brand?post=904"},{"taxonomy":"product_cat","embeddable":true,"href":"http:\/\/yiwohydraulic.com\/es\/wp-json\/wp\/v2\/product_cat?post=904"},{"taxonomy":"product_tag","embeddable":true,"href":"http:\/\/yiwohydraulic.com\/es\/wp-json\/wp\/v2\/product_tag?post=904"}],"curies":[{"name":"wp","href":"https:\/\/api.w.org\/{rel}","templated":true}]}}