{"id":897,"date":"2025-04-24T07:57:31","date_gmt":"2025-04-24T07:57:31","guid":{"rendered":"https:\/\/yiwohydraulic.com\/?post_type=product&#038;p=897"},"modified":"2025-04-24T08:00:53","modified_gmt":"2025-04-24T08:00:53","slug":"4weh-series-solenoid-operated-directional-valve-4weh25e50b-6eg24netz5l-2","status":"publish","type":"product","link":"http:\/\/yiwohydraulic.com\/es\/product\/4weh-series-solenoid-operated-directional-valve-4weh25e50b-6eg24netz5l-2\/","title":{"rendered":"V\u00e1lvula direccional accionada por solenoide SERIE 4WEH 4WEH25E50B-6EG24NETZ5L"},"content":{"rendered":"<h3><strong>Par\u00e1metros t\u00e9cnicos<\/strong><\/h3>\n<table border=\"1\" width=\"100%\" cellspacing=\"0\">\n<tbody>\n<tr>\n<td>Especificaci\u00f3n<\/td>\n<td colspan=\"2\">25<\/td>\n<\/tr>\n<tr>\n<td rowspan=\"2\">Presi\u00f3n m\u00e1xima de trabajo (Mpa)<\/td>\n<td>Puertos de aceite P\/A\/B<\/td>\n<td>35<\/td>\n<\/tr>\n<tr>\n<td>Puertos de aceite T<\/td>\n<td>16<\/td>\n<\/tr>\n<tr>\n<td>Caudal m\u00e1x. (L\/min)<\/td>\n<td colspan=\"2\">650<\/td>\n<\/tr>\n<tr>\n<td rowspan=\"2\">Tensi\u00f3n de trabajo<\/td>\n<td>DC<\/td>\n<td>12\/24<\/td>\n<\/tr>\n<tr>\n<td>CA<\/td>\n<td>110\/220<\/td>\n<\/tr>\n<\/tbody>\n<\/table>\n<p>&nbsp;<\/p>\n<p>&nbsp;<\/p>\n<p>&nbsp;<\/p>","protected":false},"excerpt":{"rendered":"<ul>\n<li>Nombre:V\u00e1lvula direccional accionada por solenoide<\/li>\n<li>N\u00ba de modelo: 4WEH25E50B-6EG24NETZ5L<\/li>\n<li><span class=\"fontstyle0\">Presi\u00f3n m\u00e1xima de trabajo 350 bar<\/span><\/li>\n<li><span class=\"fontstyle0\">Caudal m\u00e1ximo de trabajo 1100 L\/min<\/span><\/li>\n<li>Se utiliza principalmente para controlar la apertura, el cierre y la direcci\u00f3n del flujo de l\u00edquido<\/li>\n<li>Funcionamiento electrohidr\u00e1ulico (WEH)<\/li>\n<li>Funcionamiento hidr\u00e1ulico (WH)<\/li>\n<li>Montaje en subplaca La superficie de montaje seg\u00fan DIN24340 forma A e ISO4401<\/li>\n<li>Muelle o hidr\u00e1ulico centrado Muelle o hidr\u00e1ulico de retorno a la posici\u00f3n inicial<\/li>\n<li>Solenoide de CC o CA con clavija h\u00fameda Funcionamiento manual de emergencia opcional<\/li>\n<\/ul>","protected":false},"featured_media":898,"comment_status":"open","ping_status":"closed","template":"","meta":[],"product_brand":[],"product_cat":[22],"product_tag":[],"class_list":{"0":"post-897","1":"product","2":"type-product","3":"status-publish","4":"has-post-thumbnail","6":"product_cat-directional-valve","8":"first","9":"instock","10":"shipping-taxable","11":"product-type-simple"},"yoast_head":"<!-- This site is optimized with the Yoast SEO plugin v24.6 - https:\/\/yoast.com\/wordpress\/plugins\/seo\/ -->\n<title>4WEH SERIES Solenoid Operated Directional Valve 4WEH25E50B-6EG24NETZ5L - YiWo Hydraulic<\/title>\n<meta name=\"robots\" content=\"index, follow, max-snippet:-1, max-image-preview:large, max-video-preview:-1\" \/>\n<link rel=\"canonical\" href=\"http:\/\/yiwohydraulic.com\/es\/product\/4weh-series-solenoid-operated-directional-valve-4weh25e50b-6eg24netz5l-2\/\" \/>\n<meta property=\"og:locale\" content=\"es_ES\" \/>\n<meta property=\"og:type\" content=\"article\" \/>\n<meta property=\"og:title\" content=\"4WEH SERIES Solenoid Operated Directional Valve 4WEH25E50B-6EG24NETZ5L - YiWo Hydraulic\" \/>\n<meta property=\"og:description\" content=\"Name:Solenoid Operated Directional Valve  Model No.: 4WEH25E50B-6EG24NETZ5L  Maximum working pressure 350 bar  Maximum working flow 1100 L\/min  Mainly used to control the opening, closing and direction of liquid flow  Electro-hydraulic operation (WEH)  Hydraulic operation (WH)  Subplate mounting The mounting surface according to DIN24340 form A and ISO4401  Spring or hydraulic centered Spring or hydraulic return to initial position  Wet-pin DC or AC solenoid Optional manual emergency operation\" \/>\n<meta property=\"og:url\" content=\"http:\/\/yiwohydraulic.com\/es\/product\/4weh-series-solenoid-operated-directional-valve-4weh25e50b-6eg24netz5l-2\/\" \/>\n<meta property=\"og:site_name\" content=\"YiWo Hydraulic\" \/>\n<meta property=\"article:modified_time\" content=\"2025-04-24T08:00:53+00:00\" \/>\n<meta property=\"og:image\" content=\"http:\/\/yiwohydraulic.com\/wp-content\/uploads\/2025\/04\/4WEH25Operated-Directional-Valve-2.png\" \/>\n\t<meta property=\"og:image:width\" content=\"800\" \/>\n\t<meta property=\"og:image:height\" content=\"800\" \/>\n\t<meta property=\"og:image:type\" content=\"image\/png\" \/>\n<meta name=\"twitter:card\" content=\"summary_large_image\" \/>\n<meta name=\"twitter:label1\" content=\"Tiempo de lectura\" \/>\n\t<meta name=\"twitter:data1\" content=\"1 minuto\" \/>\n<script type=\"application\/ld+json\" class=\"yoast-schema-graph\">{\"@context\":\"https:\/\/schema.org\",\"@graph\":[{\"@type\":\"WebPage\",\"@id\":\"http:\/\/yiwohydraulic.com\/ar\/product\/4weh-series-solenoid-operated-directional-valve-4weh25e50b-6eg24netz5l-2\/\",\"url\":\"http:\/\/yiwohydraulic.com\/ar\/product\/4weh-series-solenoid-operated-directional-valve-4weh25e50b-6eg24netz5l-2\/\",\"name\":\"4WEH SERIES Solenoid Operated Directional Valve 4WEH25E50B-6EG24NETZ5L - YiWo Hydraulic\",\"isPartOf\":{\"@id\":\"http:\/\/yiwohydraulic.com\/#website\"},\"primaryImageOfPage\":{\"@id\":\"http:\/\/yiwohydraulic.com\/ar\/product\/4weh-series-solenoid-operated-directional-valve-4weh25e50b-6eg24netz5l-2\/#primaryimage\"},\"image\":{\"@id\":\"http:\/\/yiwohydraulic.com\/ar\/product\/4weh-series-solenoid-operated-directional-valve-4weh25e50b-6eg24netz5l-2\/#primaryimage\"},\"thumbnailUrl\":\"http:\/\/yiwohydraulic.com\/wp-content\/uploads\/2025\/04\/4WEH25Operated-Directional-Valve-2.png\",\"datePublished\":\"2025-04-24T07:57:31+00:00\",\"dateModified\":\"2025-04-24T08:00:53+00:00\",\"breadcrumb\":{\"@id\":\"http:\/\/yiwohydraulic.com\/ar\/product\/4weh-series-solenoid-operated-directional-valve-4weh25e50b-6eg24netz5l-2\/#breadcrumb\"},\"inLanguage\":\"es\",\"potentialAction\":[{\"@type\":\"ReadAction\",\"target\":[\"http:\/\/yiwohydraulic.com\/ar\/product\/4weh-series-solenoid-operated-directional-valve-4weh25e50b-6eg24netz5l-2\/\"]}]},{\"@type\":\"ImageObject\",\"inLanguage\":\"es\",\"@id\":\"http:\/\/yiwohydraulic.com\/ar\/product\/4weh-series-solenoid-operated-directional-valve-4weh25e50b-6eg24netz5l-2\/#primaryimage\",\"url\":\"http:\/\/yiwohydraulic.com\/wp-content\/uploads\/2025\/04\/4WEH25Operated-Directional-Valve-2.png\",\"contentUrl\":\"http:\/\/yiwohydraulic.com\/wp-content\/uploads\/2025\/04\/4WEH25Operated-Directional-Valve-2.png\",\"width\":800,\"height\":800},{\"@type\":\"BreadcrumbList\",\"@id\":\"http:\/\/yiwohydraulic.com\/ar\/product\/4weh-series-solenoid-operated-directional-valve-4weh25e50b-6eg24netz5l-2\/#breadcrumb\",\"itemListElement\":[{\"@type\":\"ListItem\",\"position\":1,\"name\":\"Home\",\"item\":\"http:\/\/yiwohydraulic.com\/\"},{\"@type\":\"ListItem\",\"position\":2,\"name\":\"\u0422\u043e\u0432\u0430\u0440\u044b\",\"item\":\"https:\/\/yiwohydraulic.com\/ru\/shop\/\"},{\"@type\":\"ListItem\",\"position\":3,\"name\":\"4WEH SERIES Solenoid Operated Directional Valve 4WEH25E50B-6EG24NETZ5L\"}]},{\"@type\":\"WebSite\",\"@id\":\"http:\/\/yiwohydraulic.com\/#website\",\"url\":\"http:\/\/yiwohydraulic.com\/\",\"name\":\"YiWo Hydraulic\",\"description\":\"\",\"potentialAction\":[{\"@type\":\"SearchAction\",\"target\":{\"@type\":\"EntryPoint\",\"urlTemplate\":\"http:\/\/yiwohydraulic.com\/?s={search_term_string}\"},\"query-input\":{\"@type\":\"PropertyValueSpecification\",\"valueRequired\":true,\"valueName\":\"search_term_string\"}}],\"inLanguage\":\"es\"}]}<\/script>\n<!-- \/ Yoast SEO plugin. -->","yoast_head_json":{"title":"4WEH SERIES Solenoid Operated Directional Valve 4WEH25E50B-6EG24NETZ5L - YiWo Hydraulic","robots":{"index":"index","follow":"follow","max-snippet":"max-snippet:-1","max-image-preview":"max-image-preview:large","max-video-preview":"max-video-preview:-1"},"canonical":"http:\/\/yiwohydraulic.com\/es\/product\/4weh-series-solenoid-operated-directional-valve-4weh25e50b-6eg24netz5l-2\/","og_locale":"es_ES","og_type":"article","og_title":"4WEH SERIES Solenoid Operated Directional Valve 4WEH25E50B-6EG24NETZ5L - YiWo Hydraulic","og_description":"Name:Solenoid Operated Directional Valve  Model No.: 4WEH25E50B-6EG24NETZ5L  Maximum working pressure 350 bar  Maximum working flow 1100 L\/min  Mainly used to control the opening, closing and direction of liquid flow  Electro-hydraulic operation (WEH)  Hydraulic operation (WH)  Subplate mounting The mounting surface according to DIN24340 form A and ISO4401  Spring or hydraulic centered Spring or hydraulic return to initial position  Wet-pin DC or AC solenoid Optional manual emergency operation","og_url":"http:\/\/yiwohydraulic.com\/es\/product\/4weh-series-solenoid-operated-directional-valve-4weh25e50b-6eg24netz5l-2\/","og_site_name":"YiWo Hydraulic","article_modified_time":"2025-04-24T08:00:53+00:00","og_image":[{"width":800,"height":800,"url":"http:\/\/yiwohydraulic.com\/wp-content\/uploads\/2025\/04\/4WEH25Operated-Directional-Valve-2.png","type":"image\/png"}],"twitter_card":"summary_large_image","twitter_misc":{"Tiempo de lectura":"1 minuto"},"schema":{"@context":"https:\/\/schema.org","@graph":[{"@type":"WebPage","@id":"http:\/\/yiwohydraulic.com\/ar\/product\/4weh-series-solenoid-operated-directional-valve-4weh25e50b-6eg24netz5l-2\/","url":"http:\/\/yiwohydraulic.com\/ar\/product\/4weh-series-solenoid-operated-directional-valve-4weh25e50b-6eg24netz5l-2\/","name":"4WEH SERIES Solenoid Operated Directional Valve 4WEH25E50B-6EG24NETZ5L - YiWo Hydraulic","isPartOf":{"@id":"http:\/\/yiwohydraulic.com\/#website"},"primaryImageOfPage":{"@id":"http:\/\/yiwohydraulic.com\/ar\/product\/4weh-series-solenoid-operated-directional-valve-4weh25e50b-6eg24netz5l-2\/#primaryimage"},"image":{"@id":"http:\/\/yiwohydraulic.com\/ar\/product\/4weh-series-solenoid-operated-directional-valve-4weh25e50b-6eg24netz5l-2\/#primaryimage"},"thumbnailUrl":"http:\/\/yiwohydraulic.com\/wp-content\/uploads\/2025\/04\/4WEH25Operated-Directional-Valve-2.png","datePublished":"2025-04-24T07:57:31+00:00","dateModified":"2025-04-24T08:00:53+00:00","breadcrumb":{"@id":"http:\/\/yiwohydraulic.com\/ar\/product\/4weh-series-solenoid-operated-directional-valve-4weh25e50b-6eg24netz5l-2\/#breadcrumb"},"inLanguage":"es","potentialAction":[{"@type":"ReadAction","target":["http:\/\/yiwohydraulic.com\/ar\/product\/4weh-series-solenoid-operated-directional-valve-4weh25e50b-6eg24netz5l-2\/"]}]},{"@type":"ImageObject","inLanguage":"es","@id":"http:\/\/yiwohydraulic.com\/ar\/product\/4weh-series-solenoid-operated-directional-valve-4weh25e50b-6eg24netz5l-2\/#primaryimage","url":"http:\/\/yiwohydraulic.com\/wp-content\/uploads\/2025\/04\/4WEH25Operated-Directional-Valve-2.png","contentUrl":"http:\/\/yiwohydraulic.com\/wp-content\/uploads\/2025\/04\/4WEH25Operated-Directional-Valve-2.png","width":800,"height":800},{"@type":"BreadcrumbList","@id":"http:\/\/yiwohydraulic.com\/ar\/product\/4weh-series-solenoid-operated-directional-valve-4weh25e50b-6eg24netz5l-2\/#breadcrumb","itemListElement":[{"@type":"ListItem","position":1,"name":"Home","item":"http:\/\/yiwohydraulic.com\/"},{"@type":"ListItem","position":2,"name":"\u0422\u043e\u0432\u0430\u0440\u044b","item":"https:\/\/yiwohydraulic.com\/ru\/shop\/"},{"@type":"ListItem","position":3,"name":"4WEH SERIES Solenoid Operated Directional Valve 4WEH25E50B-6EG24NETZ5L"}]},{"@type":"WebSite","@id":"http:\/\/yiwohydraulic.com\/#website","url":"http:\/\/yiwohydraulic.com\/","name":"YiWo Hydraulic","description":"","potentialAction":[{"@type":"SearchAction","target":{"@type":"EntryPoint","urlTemplate":"http:\/\/yiwohydraulic.com\/?s={search_term_string}"},"query-input":{"@type":"PropertyValueSpecification","valueRequired":true,"valueName":"search_term_string"}}],"inLanguage":"es"}]}},"_links":{"self":[{"href":"http:\/\/yiwohydraulic.com\/es\/wp-json\/wp\/v2\/product\/897","targetHints":{"allow":["GET"]}}],"collection":[{"href":"http:\/\/yiwohydraulic.com\/es\/wp-json\/wp\/v2\/product"}],"about":[{"href":"http:\/\/yiwohydraulic.com\/es\/wp-json\/wp\/v2\/types\/product"}],"replies":[{"embeddable":true,"href":"http:\/\/yiwohydraulic.com\/es\/wp-json\/wp\/v2\/comments?post=897"}],"wp:featuredmedia":[{"embeddable":true,"href":"http:\/\/yiwohydraulic.com\/es\/wp-json\/wp\/v2\/media\/898"}],"wp:attachment":[{"href":"http:\/\/yiwohydraulic.com\/es\/wp-json\/wp\/v2\/media?parent=897"}],"wp:term":[{"taxonomy":"product_brand","embeddable":true,"href":"http:\/\/yiwohydraulic.com\/es\/wp-json\/wp\/v2\/product_brand?post=897"},{"taxonomy":"product_cat","embeddable":true,"href":"http:\/\/yiwohydraulic.com\/es\/wp-json\/wp\/v2\/product_cat?post=897"},{"taxonomy":"product_tag","embeddable":true,"href":"http:\/\/yiwohydraulic.com\/es\/wp-json\/wp\/v2\/product_tag?post=897"}],"curies":[{"name":"wp","href":"https:\/\/api.w.org\/{rel}","templated":true}]}}