{"id":888,"date":"2025-04-24T07:31:50","date_gmt":"2025-04-24T07:31:50","guid":{"rendered":"https:\/\/yiwohydraulic.com\/?post_type=product&#038;p=888"},"modified":"2025-04-24T07:54:22","modified_gmt":"2025-04-24T07:54:22","slug":"dbpilot-operated-reducing-valve-dr10","status":"publish","type":"product","link":"http:\/\/yiwohydraulic.com\/es\/product\/dbpilot-operated-reducing-valve-dr10\/","title":{"rendered":"DBV\u00e1lvula reductora pilotada DR20"},"content":{"rendered":"<h3><strong>Par\u00e1metros t\u00e9cnicos<\/strong><\/h3>\n<table border=\"1\" width=\"100%\" cellspacing=\"0\">\n<tbody>\n<tr>\n<td>Especificaci\u00f3n<\/td>\n<td>10<\/td>\n<td>20<\/td>\n<td>30<\/td>\n<\/tr>\n<tr>\n<td>Presi\u00f3n m\u00e1xima de trabajo (Mpa)<\/td>\n<td colspan=\"3\">31.5<\/td>\n<\/tr>\n<tr>\n<td>Caudal m\u00e1x. (L\/min)<\/td>\n<td>150<\/td>\n<td>300<\/td>\n<td>400<\/td>\n<\/tr>\n<tr>\n<td>Ajuste de presi\u00f3n(Mpa)<\/td>\n<td colspan=\"3\">5 \/ 10 \/ 20 \/ 31.5<\/td>\n<\/tr>\n<tr>\n<td>N\u00famero de dise\u00f1o<\/td>\n<td colspan=\"3\">50<\/td>\n<\/tr>\n<\/tbody>\n<\/table>\n<p>&nbsp;<\/p>","protected":false},"excerpt":{"rendered":"<ul>\n<li>Nombre: V\u00e1lvula reductora pilotada DB<\/li>\n<li>Modelo N\u00ba: DR20<\/li>\n<li>Talla 10 a 30<\/li>\n<li>Ajuste: Construcci\u00f3n,LINDE Tractor, Gr\u00faa, Carretilla elevadora<\/li>\n<li>Origen: China<\/li>\n<li>Sustituir: YUKEN; REXROTH; VICKERS<\/li>\n<\/ul>","protected":false},"featured_media":890,"comment_status":"open","ping_status":"closed","template":"","meta":[],"product_brand":[],"product_cat":[24],"product_tag":[],"class_list":{"0":"post-888","1":"product","2":"type-product","3":"status-publish","4":"has-post-thumbnail","6":"product_cat-pressure-valve","8":"first","9":"instock","10":"shipping-taxable","11":"product-type-simple"},"yoast_head":"<!-- This site is optimized with the Yoast SEO plugin v24.6 - https:\/\/yoast.com\/wordpress\/plugins\/seo\/ -->\n<title>DBPilot Operated Reducing Valve DR20 - YiWo Hydraulic<\/title>\n<meta name=\"robots\" content=\"index, follow, max-snippet:-1, max-image-preview:large, max-video-preview:-1\" \/>\n<link rel=\"canonical\" href=\"https:\/\/yiwohydraulic.com\/es\/product\/dbpilot-operated-reducing-valve-dr10\/\" \/>\n<meta property=\"og:locale\" content=\"es_ES\" \/>\n<meta property=\"og:type\" content=\"article\" \/>\n<meta property=\"og:title\" content=\"DBPilot Operated Reducing Valve DR20 - YiWo Hydraulic\" \/>\n<meta property=\"og:description\" content=\"Name: DBPilot Operated Reducing Valve  Model No.: DR20  Size 10 to 30  Fit: Construction,LINDE Tractor, Crane, Forklift  Origin: China  Replace: YUKEN; REXROTH; VICKERS\" \/>\n<meta property=\"og:url\" content=\"https:\/\/yiwohydraulic.com\/es\/product\/dbpilot-operated-reducing-valve-dr10\/\" \/>\n<meta property=\"og:site_name\" content=\"YiWo Hydraulic\" \/>\n<meta property=\"article:modified_time\" content=\"2025-04-24T07:54:22+00:00\" \/>\n<meta property=\"og:image\" content=\"https:\/\/yiwohydraulic.com\/wp-content\/uploads\/2025\/04\/DR20\u5148\u5bfc\u5f0f\u51cf\u538b\u9600.png\" \/>\n\t<meta property=\"og:image:width\" content=\"800\" \/>\n\t<meta property=\"og:image:height\" content=\"800\" \/>\n\t<meta property=\"og:image:type\" content=\"image\/png\" \/>\n<meta name=\"twitter:card\" content=\"summary_large_image\" \/>\n<meta name=\"twitter:label1\" content=\"Tiempo de lectura\" \/>\n\t<meta name=\"twitter:data1\" content=\"1 minuto\" \/>\n<script type=\"application\/ld+json\" class=\"yoast-schema-graph\">{\"@context\":\"https:\/\/schema.org\",\"@graph\":[{\"@type\":\"WebPage\",\"@id\":\"https:\/\/yiwohydraulic.com\/product\/dbpilot-operated-reducing-valve-dr10\/\",\"url\":\"https:\/\/yiwohydraulic.com\/product\/dbpilot-operated-reducing-valve-dr10\/\",\"name\":\"DBPilot Operated Reducing Valve DR20 - YiWo Hydraulic\",\"isPartOf\":{\"@id\":\"http:\/\/yiwohydraulic.com\/#website\"},\"primaryImageOfPage\":{\"@id\":\"https:\/\/yiwohydraulic.com\/product\/dbpilot-operated-reducing-valve-dr10\/#primaryimage\"},\"image\":{\"@id\":\"https:\/\/yiwohydraulic.com\/product\/dbpilot-operated-reducing-valve-dr10\/#primaryimage\"},\"thumbnailUrl\":\"http:\/\/yiwohydraulic.com\/wp-content\/uploads\/2025\/04\/DR20\u5148\u5bfc\u5f0f\u51cf\u538b\u9600.png\",\"datePublished\":\"2025-04-24T07:31:50+00:00\",\"dateModified\":\"2025-04-24T07:54:22+00:00\",\"breadcrumb\":{\"@id\":\"https:\/\/yiwohydraulic.com\/product\/dbpilot-operated-reducing-valve-dr10\/#breadcrumb\"},\"inLanguage\":\"es\",\"potentialAction\":[{\"@type\":\"ReadAction\",\"target\":[\"https:\/\/yiwohydraulic.com\/product\/dbpilot-operated-reducing-valve-dr10\/\"]}]},{\"@type\":\"ImageObject\",\"inLanguage\":\"es\",\"@id\":\"https:\/\/yiwohydraulic.com\/product\/dbpilot-operated-reducing-valve-dr10\/#primaryimage\",\"url\":\"http:\/\/yiwohydraulic.com\/wp-content\/uploads\/2025\/04\/DR20\u5148\u5bfc\u5f0f\u51cf\u538b\u9600.png\",\"contentUrl\":\"http:\/\/yiwohydraulic.com\/wp-content\/uploads\/2025\/04\/DR20\u5148\u5bfc\u5f0f\u51cf\u538b\u9600.png\",\"width\":800,\"height\":800},{\"@type\":\"BreadcrumbList\",\"@id\":\"https:\/\/yiwohydraulic.com\/product\/dbpilot-operated-reducing-valve-dr10\/#breadcrumb\",\"itemListElement\":[{\"@type\":\"ListItem\",\"position\":1,\"name\":\"Home\",\"item\":\"http:\/\/yiwohydraulic.com\/\"},{\"@type\":\"ListItem\",\"position\":2,\"name\":\"\u0422\u043e\u0432\u0430\u0440\u044b\",\"item\":\"https:\/\/yiwohydraulic.com\/ru\/shop\/\"},{\"@type\":\"ListItem\",\"position\":3,\"name\":\"DBPilot Operated Reducing Valve DR20\"}]},{\"@type\":\"WebSite\",\"@id\":\"http:\/\/yiwohydraulic.com\/#website\",\"url\":\"http:\/\/yiwohydraulic.com\/\",\"name\":\"YiWo Hydraulic\",\"description\":\"\",\"potentialAction\":[{\"@type\":\"SearchAction\",\"target\":{\"@type\":\"EntryPoint\",\"urlTemplate\":\"http:\/\/yiwohydraulic.com\/?s={search_term_string}\"},\"query-input\":{\"@type\":\"PropertyValueSpecification\",\"valueRequired\":true,\"valueName\":\"search_term_string\"}}],\"inLanguage\":\"es\"}]}<\/script>\n<!-- \/ Yoast SEO plugin. -->","yoast_head_json":{"title":"DBPilot Operated Reducing Valve DR20 - YiWo Hydraulic","robots":{"index":"index","follow":"follow","max-snippet":"max-snippet:-1","max-image-preview":"max-image-preview:large","max-video-preview":"max-video-preview:-1"},"canonical":"https:\/\/yiwohydraulic.com\/es\/product\/dbpilot-operated-reducing-valve-dr10\/","og_locale":"es_ES","og_type":"article","og_title":"DBPilot Operated Reducing Valve DR20 - YiWo Hydraulic","og_description":"Name: DBPilot Operated Reducing Valve  Model No.: DR20  Size 10 to 30  Fit: Construction,LINDE Tractor, Crane, Forklift  Origin: China  Replace: YUKEN; REXROTH; VICKERS","og_url":"https:\/\/yiwohydraulic.com\/es\/product\/dbpilot-operated-reducing-valve-dr10\/","og_site_name":"YiWo Hydraulic","article_modified_time":"2025-04-24T07:54:22+00:00","og_image":[{"width":800,"height":800,"url":"https:\/\/yiwohydraulic.com\/wp-content\/uploads\/2025\/04\/DR20\u5148\u5bfc\u5f0f\u51cf\u538b\u9600.png","type":"image\/png"}],"twitter_card":"summary_large_image","twitter_misc":{"Tiempo de lectura":"1 minuto"},"schema":{"@context":"https:\/\/schema.org","@graph":[{"@type":"WebPage","@id":"https:\/\/yiwohydraulic.com\/product\/dbpilot-operated-reducing-valve-dr10\/","url":"https:\/\/yiwohydraulic.com\/product\/dbpilot-operated-reducing-valve-dr10\/","name":"DBPilot Operated Reducing Valve DR20 - YiWo Hydraulic","isPartOf":{"@id":"http:\/\/yiwohydraulic.com\/#website"},"primaryImageOfPage":{"@id":"https:\/\/yiwohydraulic.com\/product\/dbpilot-operated-reducing-valve-dr10\/#primaryimage"},"image":{"@id":"https:\/\/yiwohydraulic.com\/product\/dbpilot-operated-reducing-valve-dr10\/#primaryimage"},"thumbnailUrl":"http:\/\/yiwohydraulic.com\/wp-content\/uploads\/2025\/04\/DR20\u5148\u5bfc\u5f0f\u51cf\u538b\u9600.png","datePublished":"2025-04-24T07:31:50+00:00","dateModified":"2025-04-24T07:54:22+00:00","breadcrumb":{"@id":"https:\/\/yiwohydraulic.com\/product\/dbpilot-operated-reducing-valve-dr10\/#breadcrumb"},"inLanguage":"es","potentialAction":[{"@type":"ReadAction","target":["https:\/\/yiwohydraulic.com\/product\/dbpilot-operated-reducing-valve-dr10\/"]}]},{"@type":"ImageObject","inLanguage":"es","@id":"https:\/\/yiwohydraulic.com\/product\/dbpilot-operated-reducing-valve-dr10\/#primaryimage","url":"http:\/\/yiwohydraulic.com\/wp-content\/uploads\/2025\/04\/DR20\u5148\u5bfc\u5f0f\u51cf\u538b\u9600.png","contentUrl":"http:\/\/yiwohydraulic.com\/wp-content\/uploads\/2025\/04\/DR20\u5148\u5bfc\u5f0f\u51cf\u538b\u9600.png","width":800,"height":800},{"@type":"BreadcrumbList","@id":"https:\/\/yiwohydraulic.com\/product\/dbpilot-operated-reducing-valve-dr10\/#breadcrumb","itemListElement":[{"@type":"ListItem","position":1,"name":"Home","item":"http:\/\/yiwohydraulic.com\/"},{"@type":"ListItem","position":2,"name":"\u0422\u043e\u0432\u0430\u0440\u044b","item":"https:\/\/yiwohydraulic.com\/ru\/shop\/"},{"@type":"ListItem","position":3,"name":"DBPilot Operated Reducing Valve DR20"}]},{"@type":"WebSite","@id":"http:\/\/yiwohydraulic.com\/#website","url":"http:\/\/yiwohydraulic.com\/","name":"YiWo Hydraulic","description":"","potentialAction":[{"@type":"SearchAction","target":{"@type":"EntryPoint","urlTemplate":"http:\/\/yiwohydraulic.com\/?s={search_term_string}"},"query-input":{"@type":"PropertyValueSpecification","valueRequired":true,"valueName":"search_term_string"}}],"inLanguage":"es"}]}},"_links":{"self":[{"href":"http:\/\/yiwohydraulic.com\/es\/wp-json\/wp\/v2\/product\/888","targetHints":{"allow":["GET"]}}],"collection":[{"href":"http:\/\/yiwohydraulic.com\/es\/wp-json\/wp\/v2\/product"}],"about":[{"href":"http:\/\/yiwohydraulic.com\/es\/wp-json\/wp\/v2\/types\/product"}],"replies":[{"embeddable":true,"href":"http:\/\/yiwohydraulic.com\/es\/wp-json\/wp\/v2\/comments?post=888"}],"wp:featuredmedia":[{"embeddable":true,"href":"http:\/\/yiwohydraulic.com\/es\/wp-json\/wp\/v2\/media\/890"}],"wp:attachment":[{"href":"http:\/\/yiwohydraulic.com\/es\/wp-json\/wp\/v2\/media?parent=888"}],"wp:term":[{"taxonomy":"product_brand","embeddable":true,"href":"http:\/\/yiwohydraulic.com\/es\/wp-json\/wp\/v2\/product_brand?post=888"},{"taxonomy":"product_cat","embeddable":true,"href":"http:\/\/yiwohydraulic.com\/es\/wp-json\/wp\/v2\/product_cat?post=888"},{"taxonomy":"product_tag","embeddable":true,"href":"http:\/\/yiwohydraulic.com\/es\/wp-json\/wp\/v2\/product_tag?post=888"}],"curies":[{"name":"wp","href":"https:\/\/api.w.org\/{rel}","templated":true}]}}