{"id":869,"date":"2025-04-23T07:35:26","date_gmt":"2025-04-23T07:35:26","guid":{"rendered":"https:\/\/yiwohydraulic.com\/?post_type=product&#038;p=869"},"modified":"2025-04-24T07:55:28","modified_gmt":"2025-04-24T07:55:28","slug":"db-dbw-pressure-control-valves-gd-dbw20b-1-50b-3156cg24n9z5l","status":"publish","type":"product","link":"http:\/\/yiwohydraulic.com\/es\/product\/db-dbw-pressure-control-valves-gd-dbw20b-1-50b-3156cg24n9z5l\/","title":{"rendered":"V\u00e1lvulas de control de presi\u00f3n DB\/DBW GD-DBW20B-1-50B-3156CG24N9Z5L"},"content":{"rendered":"<h3><strong>Par\u00e1metros t\u00e9cnicos<\/strong><\/h3>\n<table border=\"1\" width=\"100%\" cellspacing=\"0\">\n<tbody>\n<tr>\n<td>Especificaci\u00f3n<\/td>\n<td>10<\/td>\n<td colspan=\"2\">15<\/td>\n<td>20<\/td>\n<td>25<\/td>\n<td>30<\/td>\n<\/tr>\n<tr>\n<td>Presi\u00f3n m\u00e1xima de trabajo (Mpa)<\/td>\n<td colspan=\"6\">35<\/td>\n<\/tr>\n<tr>\n<td>Caudal m\u00e1x. (L\/min)<\/td>\n<td>250<\/td>\n<td colspan=\"2\">500<\/td>\n<td>500<\/td>\n<td>500<\/td>\n<td>600<\/td>\n<\/tr>\n<tr>\n<td rowspan=\"2\">Tensi\u00f3n de trabajo<\/td>\n<td colspan=\"2\">DC<\/td>\n<td colspan=\"4\">12\/24<\/td>\n<\/tr>\n<tr>\n<td colspan=\"2\">CA<\/td>\n<td colspan=\"4\">110\/220<\/td>\n<\/tr>\n<tr>\n<td>Ajuste de presi\u00f3n(Mpa)<\/td>\n<td colspan=\"6\">5 \/ 10 \/ 20 \/ 31.5 \/ 35<\/td>\n<\/tr>\n<tr>\n<td>N\u00famero de dise\u00f1o<\/td>\n<td colspan=\"6\">50<\/td>\n<\/tr>\n<\/tbody>\n<\/table>","protected":false},"excerpt":{"rendered":"<ul>\n<li>Denominaci\u00f3n: V\u00e1lvulas de control de presi\u00f3n DB\/DBW<\/li>\n<li>N\u00ba de modelo: GD-DBW20B-1-50B-3156CG24N9Z5L<\/li>\n<li>Tallas 10 a 32<\/li>\n<li>Presi\u00f3n m\u00e1xima de trabajo 350 bar<\/li>\n<li>Caudal m\u00e1ximo de trabajo 650L\/min<\/li>\n<li>Fijaci\u00f3n de la placa base: tama\u00f1o 10\/20\/30<\/li>\n<li>Conexi\u00f3n roscada: tama\u00f1o 10\/15\/20\/25\/32<\/li>\n<li>Presi\u00f3n de ajuste:5MPa\/10MPa\/20MPa\/31,5bar\/35MPa<\/li>\n<li>Caudal:250L\/min (s\u00f3lo para tama\u00f1o 10),500L\/min (para tama\u00f1o 15, 20, 25),650L\/min (s\u00f3lo para tama\u00f1o 32)<\/li>\n<li><\/li>\n<\/ul>","protected":false},"featured_media":870,"comment_status":"open","ping_status":"closed","template":"","meta":[],"product_brand":[],"product_cat":[24],"product_tag":[],"class_list":{"0":"post-869","1":"product","2":"type-product","3":"status-publish","4":"has-post-thumbnail","6":"product_cat-pressure-valve","8":"first","9":"instock","10":"shipping-taxable","11":"product-type-simple"},"yoast_head":"<!-- This site is optimized with the Yoast SEO plugin v24.6 - https:\/\/yoast.com\/wordpress\/plugins\/seo\/ -->\n<title>DB\/DBW pressure control valves GD-DBW20B-1-50B-3156CG24N9Z5L - YiWo Hydraulic<\/title>\n<meta name=\"robots\" content=\"index, follow, max-snippet:-1, max-image-preview:large, max-video-preview:-1\" \/>\n<link rel=\"canonical\" href=\"http:\/\/yiwohydraulic.com\/es\/product\/db-dbw-pressure-control-valves-gd-dbw20b-1-50b-3156cg24n9z5l\/\" \/>\n<meta property=\"og:locale\" content=\"es_ES\" \/>\n<meta property=\"og:type\" content=\"article\" \/>\n<meta property=\"og:title\" content=\"DB\/DBW pressure control valves GD-DBW20B-1-50B-3156CG24N9Z5L - YiWo Hydraulic\" \/>\n<meta property=\"og:description\" content=\"Name: DB\/DBW pressure control valves  Model No.: GD-DBW20B-1-50B-3156CG24N9Z5L  Size 10 to 32  Maximum working pressure 350 bar  Maximum working flow 650L\/min  Subplate mounting: size 10\/20\/30  Threaded connection:size 10\/15\/20\/25\/32  Setting pressure:5MPa\/10MPa\/20MPa\/31.5bar\/35MPa  Flow rate:250L\/min (for size 10 only),500L\/min (for size 15, 20, 25),650L\/min (for size 32 only)\" \/>\n<meta property=\"og:url\" content=\"http:\/\/yiwohydraulic.com\/es\/product\/db-dbw-pressure-control-valves-gd-dbw20b-1-50b-3156cg24n9z5l\/\" \/>\n<meta property=\"og:site_name\" content=\"YiWo Hydraulic\" \/>\n<meta property=\"article:modified_time\" content=\"2025-04-24T07:55:28+00:00\" \/>\n<meta property=\"og:image\" content=\"http:\/\/yiwohydraulic.com\/wp-content\/uploads\/2025\/04\/DBW20-PRESSURE-VALVE.png\" \/>\n\t<meta property=\"og:image:width\" content=\"800\" \/>\n\t<meta property=\"og:image:height\" content=\"800\" \/>\n\t<meta property=\"og:image:type\" content=\"image\/png\" \/>\n<meta name=\"twitter:card\" content=\"summary_large_image\" \/>\n<meta name=\"twitter:label1\" content=\"Tiempo de lectura\" \/>\n\t<meta name=\"twitter:data1\" content=\"1 minuto\" \/>\n<script type=\"application\/ld+json\" class=\"yoast-schema-graph\">{\"@context\":\"https:\/\/schema.org\",\"@graph\":[{\"@type\":\"WebPage\",\"@id\":\"http:\/\/yiwohydraulic.com\/product\/db-dbw-pressure-control-valves-gd-dbw20b-1-50b-3156cg24n9z5l\/\",\"url\":\"http:\/\/yiwohydraulic.com\/product\/db-dbw-pressure-control-valves-gd-dbw20b-1-50b-3156cg24n9z5l\/\",\"name\":\"DB\/DBW pressure control valves GD-DBW20B-1-50B-3156CG24N9Z5L - YiWo Hydraulic\",\"isPartOf\":{\"@id\":\"http:\/\/yiwohydraulic.com\/ar\/#website\"},\"primaryImageOfPage\":{\"@id\":\"http:\/\/yiwohydraulic.com\/product\/db-dbw-pressure-control-valves-gd-dbw20b-1-50b-3156cg24n9z5l\/#primaryimage\"},\"image\":{\"@id\":\"http:\/\/yiwohydraulic.com\/product\/db-dbw-pressure-control-valves-gd-dbw20b-1-50b-3156cg24n9z5l\/#primaryimage\"},\"thumbnailUrl\":\"http:\/\/yiwohydraulic.com\/wp-content\/uploads\/2025\/04\/DBW20-PRESSURE-VALVE.png\",\"datePublished\":\"2025-04-23T07:35:26+00:00\",\"dateModified\":\"2025-04-24T07:55:28+00:00\",\"breadcrumb\":{\"@id\":\"http:\/\/yiwohydraulic.com\/product\/db-dbw-pressure-control-valves-gd-dbw20b-1-50b-3156cg24n9z5l\/#breadcrumb\"},\"inLanguage\":\"es\",\"potentialAction\":[{\"@type\":\"ReadAction\",\"target\":[\"http:\/\/yiwohydraulic.com\/product\/db-dbw-pressure-control-valves-gd-dbw20b-1-50b-3156cg24n9z5l\/\"]}]},{\"@type\":\"ImageObject\",\"inLanguage\":\"es\",\"@id\":\"http:\/\/yiwohydraulic.com\/product\/db-dbw-pressure-control-valves-gd-dbw20b-1-50b-3156cg24n9z5l\/#primaryimage\",\"url\":\"http:\/\/yiwohydraulic.com\/wp-content\/uploads\/2025\/04\/DBW20-PRESSURE-VALVE.png\",\"contentUrl\":\"http:\/\/yiwohydraulic.com\/wp-content\/uploads\/2025\/04\/DBW20-PRESSURE-VALVE.png\",\"width\":800,\"height\":800},{\"@type\":\"BreadcrumbList\",\"@id\":\"http:\/\/yiwohydraulic.com\/product\/db-dbw-pressure-control-valves-gd-dbw20b-1-50b-3156cg24n9z5l\/#breadcrumb\",\"itemListElement\":[{\"@type\":\"ListItem\",\"position\":1,\"name\":\"Home\",\"item\":\"http:\/\/yiwohydraulic.com\/ar\/\"},{\"@type\":\"ListItem\",\"position\":2,\"name\":\"\u0627\u0644\u0645\u0646\u062a\u062c\u0627\u062a\",\"item\":\"http:\/\/yiwohydraulic.com\/ar\/shop\/\"},{\"@type\":\"ListItem\",\"position\":3,\"name\":\"DB\/DBW pressure control valves GD-DBW20B-1-50B-3156CG24N9Z5L\"}]},{\"@type\":\"WebSite\",\"@id\":\"http:\/\/yiwohydraulic.com\/ar\/#website\",\"url\":\"http:\/\/yiwohydraulic.com\/ar\/\",\"name\":\"YiWo Hydraulic\",\"description\":\"\",\"potentialAction\":[{\"@type\":\"SearchAction\",\"target\":{\"@type\":\"EntryPoint\",\"urlTemplate\":\"http:\/\/yiwohydraulic.com\/ar\/?s={search_term_string}\"},\"query-input\":{\"@type\":\"PropertyValueSpecification\",\"valueRequired\":true,\"valueName\":\"search_term_string\"}}],\"inLanguage\":\"es\"}]}<\/script>\n<!-- \/ Yoast SEO plugin. -->","yoast_head_json":{"title":"DB\/DBW pressure control valves GD-DBW20B-1-50B-3156CG24N9Z5L - YiWo Hydraulic","robots":{"index":"index","follow":"follow","max-snippet":"max-snippet:-1","max-image-preview":"max-image-preview:large","max-video-preview":"max-video-preview:-1"},"canonical":"http:\/\/yiwohydraulic.com\/es\/product\/db-dbw-pressure-control-valves-gd-dbw20b-1-50b-3156cg24n9z5l\/","og_locale":"es_ES","og_type":"article","og_title":"DB\/DBW pressure control valves GD-DBW20B-1-50B-3156CG24N9Z5L - YiWo Hydraulic","og_description":"Name: DB\/DBW pressure control valves  Model No.: GD-DBW20B-1-50B-3156CG24N9Z5L  Size 10 to 32  Maximum working pressure 350 bar  Maximum working flow 650L\/min  Subplate mounting: size 10\/20\/30  Threaded connection:size 10\/15\/20\/25\/32  Setting pressure:5MPa\/10MPa\/20MPa\/31.5bar\/35MPa  Flow rate:250L\/min (for size 10 only),500L\/min (for size 15, 20, 25),650L\/min (for size 32 only)","og_url":"http:\/\/yiwohydraulic.com\/es\/product\/db-dbw-pressure-control-valves-gd-dbw20b-1-50b-3156cg24n9z5l\/","og_site_name":"YiWo Hydraulic","article_modified_time":"2025-04-24T07:55:28+00:00","og_image":[{"width":800,"height":800,"url":"http:\/\/yiwohydraulic.com\/wp-content\/uploads\/2025\/04\/DBW20-PRESSURE-VALVE.png","type":"image\/png"}],"twitter_card":"summary_large_image","twitter_misc":{"Tiempo de lectura":"1 minuto"},"schema":{"@context":"https:\/\/schema.org","@graph":[{"@type":"WebPage","@id":"http:\/\/yiwohydraulic.com\/product\/db-dbw-pressure-control-valves-gd-dbw20b-1-50b-3156cg24n9z5l\/","url":"http:\/\/yiwohydraulic.com\/product\/db-dbw-pressure-control-valves-gd-dbw20b-1-50b-3156cg24n9z5l\/","name":"DB\/DBW pressure control valves GD-DBW20B-1-50B-3156CG24N9Z5L - YiWo Hydraulic","isPartOf":{"@id":"http:\/\/yiwohydraulic.com\/ar\/#website"},"primaryImageOfPage":{"@id":"http:\/\/yiwohydraulic.com\/product\/db-dbw-pressure-control-valves-gd-dbw20b-1-50b-3156cg24n9z5l\/#primaryimage"},"image":{"@id":"http:\/\/yiwohydraulic.com\/product\/db-dbw-pressure-control-valves-gd-dbw20b-1-50b-3156cg24n9z5l\/#primaryimage"},"thumbnailUrl":"http:\/\/yiwohydraulic.com\/wp-content\/uploads\/2025\/04\/DBW20-PRESSURE-VALVE.png","datePublished":"2025-04-23T07:35:26+00:00","dateModified":"2025-04-24T07:55:28+00:00","breadcrumb":{"@id":"http:\/\/yiwohydraulic.com\/product\/db-dbw-pressure-control-valves-gd-dbw20b-1-50b-3156cg24n9z5l\/#breadcrumb"},"inLanguage":"es","potentialAction":[{"@type":"ReadAction","target":["http:\/\/yiwohydraulic.com\/product\/db-dbw-pressure-control-valves-gd-dbw20b-1-50b-3156cg24n9z5l\/"]}]},{"@type":"ImageObject","inLanguage":"es","@id":"http:\/\/yiwohydraulic.com\/product\/db-dbw-pressure-control-valves-gd-dbw20b-1-50b-3156cg24n9z5l\/#primaryimage","url":"http:\/\/yiwohydraulic.com\/wp-content\/uploads\/2025\/04\/DBW20-PRESSURE-VALVE.png","contentUrl":"http:\/\/yiwohydraulic.com\/wp-content\/uploads\/2025\/04\/DBW20-PRESSURE-VALVE.png","width":800,"height":800},{"@type":"BreadcrumbList","@id":"http:\/\/yiwohydraulic.com\/product\/db-dbw-pressure-control-valves-gd-dbw20b-1-50b-3156cg24n9z5l\/#breadcrumb","itemListElement":[{"@type":"ListItem","position":1,"name":"Home","item":"http:\/\/yiwohydraulic.com\/ar\/"},{"@type":"ListItem","position":2,"name":"\u0627\u0644\u0645\u0646\u062a\u062c\u0627\u062a","item":"http:\/\/yiwohydraulic.com\/ar\/shop\/"},{"@type":"ListItem","position":3,"name":"DB\/DBW pressure control valves GD-DBW20B-1-50B-3156CG24N9Z5L"}]},{"@type":"WebSite","@id":"http:\/\/yiwohydraulic.com\/ar\/#website","url":"http:\/\/yiwohydraulic.com\/ar\/","name":"YiWo Hydraulic","description":"","potentialAction":[{"@type":"SearchAction","target":{"@type":"EntryPoint","urlTemplate":"http:\/\/yiwohydraulic.com\/ar\/?s={search_term_string}"},"query-input":{"@type":"PropertyValueSpecification","valueRequired":true,"valueName":"search_term_string"}}],"inLanguage":"es"}]}},"_links":{"self":[{"href":"http:\/\/yiwohydraulic.com\/es\/wp-json\/wp\/v2\/product\/869","targetHints":{"allow":["GET"]}}],"collection":[{"href":"http:\/\/yiwohydraulic.com\/es\/wp-json\/wp\/v2\/product"}],"about":[{"href":"http:\/\/yiwohydraulic.com\/es\/wp-json\/wp\/v2\/types\/product"}],"replies":[{"embeddable":true,"href":"http:\/\/yiwohydraulic.com\/es\/wp-json\/wp\/v2\/comments?post=869"}],"wp:featuredmedia":[{"embeddable":true,"href":"http:\/\/yiwohydraulic.com\/es\/wp-json\/wp\/v2\/media\/870"}],"wp:attachment":[{"href":"http:\/\/yiwohydraulic.com\/es\/wp-json\/wp\/v2\/media?parent=869"}],"wp:term":[{"taxonomy":"product_brand","embeddable":true,"href":"http:\/\/yiwohydraulic.com\/es\/wp-json\/wp\/v2\/product_brand?post=869"},{"taxonomy":"product_cat","embeddable":true,"href":"http:\/\/yiwohydraulic.com\/es\/wp-json\/wp\/v2\/product_cat?post=869"},{"taxonomy":"product_tag","embeddable":true,"href":"http:\/\/yiwohydraulic.com\/es\/wp-json\/wp\/v2\/product_tag?post=869"}],"curies":[{"name":"wp","href":"https:\/\/api.w.org\/{rel}","templated":true}]}}