{"id":827,"date":"2025-04-10T07:28:43","date_gmt":"2025-04-10T07:28:43","guid":{"rendered":"https:\/\/yiwohydraulic.com\/?post_type=product&#038;p=827"},"modified":"2025-04-10T07:51:51","modified_gmt":"2025-04-10T07:51:51","slug":"4we-series-directional-valve-4we6e61b-cw220-50n9z5l","status":"publish","type":"product","link":"http:\/\/yiwohydraulic.com\/es\/product\/4we-series-directional-valve-4we6e61b-cw220-50n9z5l\/","title":{"rendered":"Serie 4WE V\u00e1lvula direccional 4WE6E61B-CW220-50N9Z5L"},"content":{"rendered":"<h3><strong>Par\u00e1metros t\u00e9cnicos<\/strong><\/h3>\n<table border=\"1\" width=\"100%\" cellspacing=\"0\">\n<tbody>\n<tr>\n<td>Especificaci\u00f3n<\/td>\n<td colspan=\"2\">6<\/td>\n<\/tr>\n<tr>\n<td rowspan=\"2\">Presi\u00f3n m\u00e1xima de trabajo (Mpa)<\/td>\n<td>Puertos de aceite P\/A\/B<\/td>\n<td>35<\/td>\n<\/tr>\n<tr>\n<td>Puertos de aceite T<\/td>\n<td>21<\/td>\n<\/tr>\n<tr>\n<td>Caudal m\u00e1x. (L\/min)<\/td>\n<td colspan=\"2\">80<\/td>\n<\/tr>\n<tr>\n<td rowspan=\"2\">Tensi\u00f3n de trabajo<\/td>\n<td>DC<\/td>\n<td>12\/24<\/td>\n<\/tr>\n<tr>\n<td>CA<\/td>\n<td>110\/220<\/td>\n<\/tr>\n<\/tbody>\n<\/table>\n<p>&nbsp;<\/p>","protected":false},"excerpt":{"rendered":"<ul>\n<li>Nombre:V\u00e1lvula direccional accionada por solenoide<\/li>\n<li>N\u00ba de modelo: 4WE6E61B-CW220-50N9Z5L<\/li>\n<li><span class=\"fontstyle0\">Con el solenoide de tipo directo\u00a0<\/span>V\u00e1lvula direccional accionada como el tipo est\u00e1ndar<\/li>\n<li><span class=\"fontstyle0\">Electrov\u00e1lvulas de corriente continua o alterna h\u00famedas con\u00a0<\/span>bobina desmontable<\/li>\n<li><span class=\"fontstyle0\">La bobina puede girar por\u00a0<\/span>90\u00b0<\/li>\n<li><span class=\"fontstyle0\">Sustituya la bobina sin soltar\u00a0<\/span>el aceite<\/li>\n<li><span class=\"fontstyle0\">Electricidad individual o central\u00a0<\/span>conexi\u00f3n, opcional<\/li>\n<li><span class=\"fontstyle0\">Funcionamiento manual de emergencia opcional\u00a0<\/span><\/li>\n<\/ul>","protected":false},"featured_media":834,"comment_status":"open","ping_status":"closed","template":"","meta":[],"product_brand":[],"product_cat":[22],"product_tag":[],"class_list":{"0":"post-827","1":"product","2":"type-product","3":"status-publish","4":"has-post-thumbnail","6":"product_cat-directional-valve","8":"first","9":"instock","10":"shipping-taxable","11":"product-type-simple"},"yoast_head":"<!-- This site is optimized with the Yoast SEO plugin v24.6 - https:\/\/yoast.com\/wordpress\/plugins\/seo\/ -->\n<title>4WE series Directional valve 4WE6E61B-CW220-50N9Z5L - YiWo Hydraulic<\/title>\n<meta name=\"robots\" content=\"index, follow, max-snippet:-1, max-image-preview:large, max-video-preview:-1\" \/>\n<link rel=\"canonical\" href=\"http:\/\/yiwohydraulic.com\/es\/product\/4we-series-directional-valve-4we6e61b-cw220-50n9z5l\/\" \/>\n<meta property=\"og:locale\" content=\"es_ES\" \/>\n<meta property=\"og:type\" content=\"article\" \/>\n<meta property=\"og:title\" content=\"4WE series Directional valve 4WE6E61B-CW220-50N9Z5L - YiWo Hydraulic\" \/>\n<meta property=\"og:description\" content=\"Name:Solenoid Operated Directional Valve  Model No.: 4WE6E61B-CW220-50N9Z5L  With the direct type solenoid\u00a0operated directional spool valve as the standard type  Wet-pin DC or AC solenoids with\u00a0detachable coil  The solenoid coil can be rotated by\u00a090\u00b0  Replace the coil without releasing\u00a0the oil  Individual or central electrical\u00a0connection, optional  Optional manual emergency operation\u00a0\" \/>\n<meta property=\"og:url\" content=\"http:\/\/yiwohydraulic.com\/es\/product\/4we-series-directional-valve-4we6e61b-cw220-50n9z5l\/\" \/>\n<meta property=\"og:site_name\" content=\"YiWo Hydraulic\" \/>\n<meta property=\"article:modified_time\" content=\"2025-04-10T07:51:51+00:00\" \/>\n<meta property=\"og:image\" content=\"http:\/\/yiwohydraulic.com\/wp-content\/uploads\/2025\/04\/4WE6-Solenoid-Operated-Directional-Valve.png\" \/>\n\t<meta property=\"og:image:width\" content=\"800\" \/>\n\t<meta property=\"og:image:height\" content=\"800\" \/>\n\t<meta property=\"og:image:type\" content=\"image\/png\" \/>\n<meta name=\"twitter:card\" content=\"summary_large_image\" \/>\n<meta name=\"twitter:label1\" content=\"Tiempo de lectura\" \/>\n\t<meta name=\"twitter:data1\" content=\"1 minuto\" \/>\n<script type=\"application\/ld+json\" class=\"yoast-schema-graph\">{\"@context\":\"https:\/\/schema.org\",\"@graph\":[{\"@type\":\"WebPage\",\"@id\":\"http:\/\/yiwohydraulic.com\/ar\/product\/4we-series-directional-valve-4we6e61b-cw220-50n9z5l\/\",\"url\":\"http:\/\/yiwohydraulic.com\/ar\/product\/4we-series-directional-valve-4we6e61b-cw220-50n9z5l\/\",\"name\":\"4WE series Directional valve 4WE6E61B-CW220-50N9Z5L - YiWo Hydraulic\",\"isPartOf\":{\"@id\":\"http:\/\/yiwohydraulic.com\/#website\"},\"primaryImageOfPage\":{\"@id\":\"http:\/\/yiwohydraulic.com\/ar\/product\/4we-series-directional-valve-4we6e61b-cw220-50n9z5l\/#primaryimage\"},\"image\":{\"@id\":\"http:\/\/yiwohydraulic.com\/ar\/product\/4we-series-directional-valve-4we6e61b-cw220-50n9z5l\/#primaryimage\"},\"thumbnailUrl\":\"http:\/\/yiwohydraulic.com\/wp-content\/uploads\/2025\/04\/4WE6-Solenoid-Operated-Directional-Valve.png\",\"datePublished\":\"2025-04-10T07:28:43+00:00\",\"dateModified\":\"2025-04-10T07:51:51+00:00\",\"breadcrumb\":{\"@id\":\"http:\/\/yiwohydraulic.com\/ar\/product\/4we-series-directional-valve-4we6e61b-cw220-50n9z5l\/#breadcrumb\"},\"inLanguage\":\"es\",\"potentialAction\":[{\"@type\":\"ReadAction\",\"target\":[\"http:\/\/yiwohydraulic.com\/ar\/product\/4we-series-directional-valve-4we6e61b-cw220-50n9z5l\/\"]}]},{\"@type\":\"ImageObject\",\"inLanguage\":\"es\",\"@id\":\"http:\/\/yiwohydraulic.com\/ar\/product\/4we-series-directional-valve-4we6e61b-cw220-50n9z5l\/#primaryimage\",\"url\":\"http:\/\/yiwohydraulic.com\/wp-content\/uploads\/2025\/04\/4WE6-Solenoid-Operated-Directional-Valve.png\",\"contentUrl\":\"http:\/\/yiwohydraulic.com\/wp-content\/uploads\/2025\/04\/4WE6-Solenoid-Operated-Directional-Valve.png\",\"width\":800,\"height\":800},{\"@type\":\"BreadcrumbList\",\"@id\":\"http:\/\/yiwohydraulic.com\/ar\/product\/4we-series-directional-valve-4we6e61b-cw220-50n9z5l\/#breadcrumb\",\"itemListElement\":[{\"@type\":\"ListItem\",\"position\":1,\"name\":\"Home\",\"item\":\"http:\/\/yiwohydraulic.com\/\"},{\"@type\":\"ListItem\",\"position\":2,\"name\":\"\u0422\u043e\u0432\u0430\u0440\u044b\",\"item\":\"https:\/\/yiwohydraulic.com\/ru\/shop\/\"},{\"@type\":\"ListItem\",\"position\":3,\"name\":\"4WE series Directional valve 4WE6E61B-CW220-50N9Z5L\"}]},{\"@type\":\"WebSite\",\"@id\":\"http:\/\/yiwohydraulic.com\/#website\",\"url\":\"http:\/\/yiwohydraulic.com\/\",\"name\":\"YiWo Hydraulic\",\"description\":\"\",\"potentialAction\":[{\"@type\":\"SearchAction\",\"target\":{\"@type\":\"EntryPoint\",\"urlTemplate\":\"http:\/\/yiwohydraulic.com\/?s={search_term_string}\"},\"query-input\":{\"@type\":\"PropertyValueSpecification\",\"valueRequired\":true,\"valueName\":\"search_term_string\"}}],\"inLanguage\":\"es\"}]}<\/script>\n<!-- \/ Yoast SEO plugin. -->","yoast_head_json":{"title":"4WE series Directional valve 4WE6E61B-CW220-50N9Z5L - YiWo Hydraulic","robots":{"index":"index","follow":"follow","max-snippet":"max-snippet:-1","max-image-preview":"max-image-preview:large","max-video-preview":"max-video-preview:-1"},"canonical":"http:\/\/yiwohydraulic.com\/es\/product\/4we-series-directional-valve-4we6e61b-cw220-50n9z5l\/","og_locale":"es_ES","og_type":"article","og_title":"4WE series Directional valve 4WE6E61B-CW220-50N9Z5L - YiWo Hydraulic","og_description":"Name:Solenoid Operated Directional Valve  Model No.: 4WE6E61B-CW220-50N9Z5L  With the direct type solenoid\u00a0operated directional spool valve as the standard type  Wet-pin DC or AC solenoids with\u00a0detachable coil  The solenoid coil can be rotated by\u00a090\u00b0  Replace the coil without releasing\u00a0the oil  Individual or central electrical\u00a0connection, optional  Optional manual emergency operation\u00a0","og_url":"http:\/\/yiwohydraulic.com\/es\/product\/4we-series-directional-valve-4we6e61b-cw220-50n9z5l\/","og_site_name":"YiWo Hydraulic","article_modified_time":"2025-04-10T07:51:51+00:00","og_image":[{"width":800,"height":800,"url":"http:\/\/yiwohydraulic.com\/wp-content\/uploads\/2025\/04\/4WE6-Solenoid-Operated-Directional-Valve.png","type":"image\/png"}],"twitter_card":"summary_large_image","twitter_misc":{"Tiempo de lectura":"1 minuto"},"schema":{"@context":"https:\/\/schema.org","@graph":[{"@type":"WebPage","@id":"http:\/\/yiwohydraulic.com\/ar\/product\/4we-series-directional-valve-4we6e61b-cw220-50n9z5l\/","url":"http:\/\/yiwohydraulic.com\/ar\/product\/4we-series-directional-valve-4we6e61b-cw220-50n9z5l\/","name":"4WE series Directional valve 4WE6E61B-CW220-50N9Z5L - YiWo Hydraulic","isPartOf":{"@id":"http:\/\/yiwohydraulic.com\/#website"},"primaryImageOfPage":{"@id":"http:\/\/yiwohydraulic.com\/ar\/product\/4we-series-directional-valve-4we6e61b-cw220-50n9z5l\/#primaryimage"},"image":{"@id":"http:\/\/yiwohydraulic.com\/ar\/product\/4we-series-directional-valve-4we6e61b-cw220-50n9z5l\/#primaryimage"},"thumbnailUrl":"http:\/\/yiwohydraulic.com\/wp-content\/uploads\/2025\/04\/4WE6-Solenoid-Operated-Directional-Valve.png","datePublished":"2025-04-10T07:28:43+00:00","dateModified":"2025-04-10T07:51:51+00:00","breadcrumb":{"@id":"http:\/\/yiwohydraulic.com\/ar\/product\/4we-series-directional-valve-4we6e61b-cw220-50n9z5l\/#breadcrumb"},"inLanguage":"es","potentialAction":[{"@type":"ReadAction","target":["http:\/\/yiwohydraulic.com\/ar\/product\/4we-series-directional-valve-4we6e61b-cw220-50n9z5l\/"]}]},{"@type":"ImageObject","inLanguage":"es","@id":"http:\/\/yiwohydraulic.com\/ar\/product\/4we-series-directional-valve-4we6e61b-cw220-50n9z5l\/#primaryimage","url":"http:\/\/yiwohydraulic.com\/wp-content\/uploads\/2025\/04\/4WE6-Solenoid-Operated-Directional-Valve.png","contentUrl":"http:\/\/yiwohydraulic.com\/wp-content\/uploads\/2025\/04\/4WE6-Solenoid-Operated-Directional-Valve.png","width":800,"height":800},{"@type":"BreadcrumbList","@id":"http:\/\/yiwohydraulic.com\/ar\/product\/4we-series-directional-valve-4we6e61b-cw220-50n9z5l\/#breadcrumb","itemListElement":[{"@type":"ListItem","position":1,"name":"Home","item":"http:\/\/yiwohydraulic.com\/"},{"@type":"ListItem","position":2,"name":"\u0422\u043e\u0432\u0430\u0440\u044b","item":"https:\/\/yiwohydraulic.com\/ru\/shop\/"},{"@type":"ListItem","position":3,"name":"4WE series Directional valve 4WE6E61B-CW220-50N9Z5L"}]},{"@type":"WebSite","@id":"http:\/\/yiwohydraulic.com\/#website","url":"http:\/\/yiwohydraulic.com\/","name":"YiWo Hydraulic","description":"","potentialAction":[{"@type":"SearchAction","target":{"@type":"EntryPoint","urlTemplate":"http:\/\/yiwohydraulic.com\/?s={search_term_string}"},"query-input":{"@type":"PropertyValueSpecification","valueRequired":true,"valueName":"search_term_string"}}],"inLanguage":"es"}]}},"_links":{"self":[{"href":"http:\/\/yiwohydraulic.com\/es\/wp-json\/wp\/v2\/product\/827","targetHints":{"allow":["GET"]}}],"collection":[{"href":"http:\/\/yiwohydraulic.com\/es\/wp-json\/wp\/v2\/product"}],"about":[{"href":"http:\/\/yiwohydraulic.com\/es\/wp-json\/wp\/v2\/types\/product"}],"replies":[{"embeddable":true,"href":"http:\/\/yiwohydraulic.com\/es\/wp-json\/wp\/v2\/comments?post=827"}],"wp:featuredmedia":[{"embeddable":true,"href":"http:\/\/yiwohydraulic.com\/es\/wp-json\/wp\/v2\/media\/834"}],"wp:attachment":[{"href":"http:\/\/yiwohydraulic.com\/es\/wp-json\/wp\/v2\/media?parent=827"}],"wp:term":[{"taxonomy":"product_brand","embeddable":true,"href":"http:\/\/yiwohydraulic.com\/es\/wp-json\/wp\/v2\/product_brand?post=827"},{"taxonomy":"product_cat","embeddable":true,"href":"http:\/\/yiwohydraulic.com\/es\/wp-json\/wp\/v2\/product_cat?post=827"},{"taxonomy":"product_tag","embeddable":true,"href":"http:\/\/yiwohydraulic.com\/es\/wp-json\/wp\/v2\/product_tag?post=827"}],"curies":[{"name":"wp","href":"https:\/\/api.w.org\/{rel}","templated":true}]}}