{"id":811,"date":"2025-04-09T07:08:15","date_gmt":"2025-04-09T07:08:15","guid":{"rendered":"https:\/\/yiwohydraulic.com\/?post_type=product&#038;p=811"},"modified":"2025-04-10T06:52:35","modified_gmt":"2025-04-10T06:52:35","slug":"z2s-series-modular-restrictive-check-valve-z2s22","status":"publish","type":"product","link":"http:\/\/yiwohydraulic.com\/es\/product\/z2s-series-modular-restrictive-check-valve-z2s22\/","title":{"rendered":"V\u00e1lvula de retenci\u00f3n restrictiva modular serie Z2S Z2S22"},"content":{"rendered":"<h3><strong>Par\u00e1metros t\u00e9cnicos<\/strong><\/h3>\n<p>&nbsp;<\/p>\n<table style=\"height: 112px;\" border=\"1\" width=\"763\" cellspacing=\"0\">\n<tbody>\n<tr>\n<td>Especificaci\u00f3n<\/td>\n<td colspan=\"4\">22<\/td>\n<\/tr>\n<tr>\n<td>Presi\u00f3n m\u00e1xima de trabajo (Mpa)<\/td>\n<td colspan=\"4\">31.5<\/td>\n<\/tr>\n<tr>\n<td>Caudal m\u00e1x. (L\/min)<\/td>\n<td colspan=\"4\">360<\/td>\n<\/tr>\n<tr>\n<td>Presi\u00f3n abierta<\/td>\n<td>0.3<\/td>\n<td>0.5<\/td>\n<td>0.75<\/td>\n<td>1.0<\/td>\n<\/tr>\n<tr>\n<td>N\u00famero de dise\u00f1o<\/td>\n<td colspan=\"4\">30<\/td>\n<\/tr>\n<\/tbody>\n<\/table>\n<p>&nbsp;<\/p>","protected":false},"excerpt":{"rendered":"<ul>\n<li>Nombre:v\u00e1lvula de retenci\u00f3n restrictiva modular<\/li>\n<li>Modelo N\u00ba: Z2S22<\/li>\n<li>Ajuste: Construcci\u00f3n, Tractor, Gr\u00faa, Carretilla elevadora<\/li>\n<li>Origen: China<\/li>\n<li>Reemplazar: YUKEN;REXROTH;VICKERS<\/li>\n<li>Material: Acero inoxidable \/ Hierro fundido<\/li>\n<\/ul>","protected":false},"featured_media":814,"comment_status":"open","ping_status":"closed","template":"","meta":[],"product_brand":[],"product_cat":[23],"product_tag":[],"class_list":{"0":"post-811","1":"product","2":"type-product","3":"status-publish","4":"has-post-thumbnail","6":"product_cat-flow-valve","8":"first","9":"instock","10":"shipping-taxable","11":"product-type-simple"},"yoast_head":"<!-- This site is optimized with the Yoast SEO plugin v24.6 - https:\/\/yoast.com\/wordpress\/plugins\/seo\/ -->\n<title>Z2S series modular restrictive check valve Z2S22 - YiWo Hydraulic<\/title>\n<meta name=\"robots\" content=\"index, follow, max-snippet:-1, max-image-preview:large, max-video-preview:-1\" \/>\n<link rel=\"canonical\" href=\"https:\/\/yiwohydraulic.com\/es\/product\/z2s-series-modular-restrictive-check-valve-z2s22\/\" \/>\n<meta property=\"og:locale\" content=\"es_ES\" \/>\n<meta property=\"og:type\" content=\"article\" \/>\n<meta property=\"og:title\" content=\"Z2S series modular restrictive check valve Z2S22 - YiWo Hydraulic\" \/>\n<meta property=\"og:description\" content=\"Name:modular restrictive check valve  Model No.: Z2S22  Fit: Construction, Tractor, Crane, Forklift  Origin: China  Replace: YUKEN;REXROTH;VICKERS  Material: Stainless Steel \/ Cast Iron\" \/>\n<meta property=\"og:url\" content=\"https:\/\/yiwohydraulic.com\/es\/product\/z2s-series-modular-restrictive-check-valve-z2s22\/\" \/>\n<meta property=\"og:site_name\" content=\"YiWo Hydraulic\" \/>\n<meta property=\"article:modified_time\" content=\"2025-04-10T06:52:35+00:00\" \/>\n<meta property=\"og:image\" content=\"https:\/\/yiwohydraulic.com\/wp-content\/uploads\/2025\/04\/Z2S22\u53e0\u52a0\u5f0f\u6db2\u63a7\u5355\u5411\u9600.png\" \/>\n\t<meta property=\"og:image:width\" content=\"800\" \/>\n\t<meta property=\"og:image:height\" content=\"800\" \/>\n\t<meta property=\"og:image:type\" content=\"image\/png\" \/>\n<meta name=\"twitter:card\" content=\"summary_large_image\" \/>\n<meta name=\"twitter:label1\" content=\"Tiempo de lectura\" \/>\n\t<meta name=\"twitter:data1\" content=\"1 minuto\" \/>\n<script type=\"application\/ld+json\" class=\"yoast-schema-graph\">{\"@context\":\"https:\/\/schema.org\",\"@graph\":[{\"@type\":\"WebPage\",\"@id\":\"https:\/\/yiwohydraulic.com\/es\/product\/z2s-series-modular-restrictive-check-valve-z2s22\/\",\"url\":\"https:\/\/yiwohydraulic.com\/es\/product\/z2s-series-modular-restrictive-check-valve-z2s22\/\",\"name\":\"Z2S series modular restrictive check valve Z2S22 - YiWo Hydraulic\",\"isPartOf\":{\"@id\":\"http:\/\/yiwohydraulic.com\/#website\"},\"primaryImageOfPage\":{\"@id\":\"https:\/\/yiwohydraulic.com\/es\/product\/z2s-series-modular-restrictive-check-valve-z2s22\/#primaryimage\"},\"image\":{\"@id\":\"https:\/\/yiwohydraulic.com\/es\/product\/z2s-series-modular-restrictive-check-valve-z2s22\/#primaryimage\"},\"thumbnailUrl\":\"http:\/\/yiwohydraulic.com\/wp-content\/uploads\/2025\/04\/Z2S22\u53e0\u52a0\u5f0f\u6db2\u63a7\u5355\u5411\u9600.png\",\"datePublished\":\"2025-04-09T07:08:15+00:00\",\"dateModified\":\"2025-04-10T06:52:35+00:00\",\"breadcrumb\":{\"@id\":\"https:\/\/yiwohydraulic.com\/es\/product\/z2s-series-modular-restrictive-check-valve-z2s22\/#breadcrumb\"},\"inLanguage\":\"es\",\"potentialAction\":[{\"@type\":\"ReadAction\",\"target\":[\"https:\/\/yiwohydraulic.com\/es\/product\/z2s-series-modular-restrictive-check-valve-z2s22\/\"]}]},{\"@type\":\"ImageObject\",\"inLanguage\":\"es\",\"@id\":\"https:\/\/yiwohydraulic.com\/es\/product\/z2s-series-modular-restrictive-check-valve-z2s22\/#primaryimage\",\"url\":\"http:\/\/yiwohydraulic.com\/wp-content\/uploads\/2025\/04\/Z2S22\u53e0\u52a0\u5f0f\u6db2\u63a7\u5355\u5411\u9600.png\",\"contentUrl\":\"http:\/\/yiwohydraulic.com\/wp-content\/uploads\/2025\/04\/Z2S22\u53e0\u52a0\u5f0f\u6db2\u63a7\u5355\u5411\u9600.png\",\"width\":800,\"height\":800},{\"@type\":\"BreadcrumbList\",\"@id\":\"https:\/\/yiwohydraulic.com\/es\/product\/z2s-series-modular-restrictive-check-valve-z2s22\/#breadcrumb\",\"itemListElement\":[{\"@type\":\"ListItem\",\"position\":1,\"name\":\"Home\",\"item\":\"http:\/\/yiwohydraulic.com\/\"},{\"@type\":\"ListItem\",\"position\":2,\"name\":\"\u0422\u043e\u0432\u0430\u0440\u044b\",\"item\":\"https:\/\/yiwohydraulic.com\/ru\/shop\/\"},{\"@type\":\"ListItem\",\"position\":3,\"name\":\"Z2S series modular restrictive check valve Z2S22\"}]},{\"@type\":\"WebSite\",\"@id\":\"http:\/\/yiwohydraulic.com\/#website\",\"url\":\"http:\/\/yiwohydraulic.com\/\",\"name\":\"YiWo Hydraulic\",\"description\":\"\",\"potentialAction\":[{\"@type\":\"SearchAction\",\"target\":{\"@type\":\"EntryPoint\",\"urlTemplate\":\"http:\/\/yiwohydraulic.com\/?s={search_term_string}\"},\"query-input\":{\"@type\":\"PropertyValueSpecification\",\"valueRequired\":true,\"valueName\":\"search_term_string\"}}],\"inLanguage\":\"es\"}]}<\/script>\n<!-- \/ Yoast SEO plugin. -->","yoast_head_json":{"title":"Z2S series modular restrictive check valve Z2S22 - YiWo Hydraulic","robots":{"index":"index","follow":"follow","max-snippet":"max-snippet:-1","max-image-preview":"max-image-preview:large","max-video-preview":"max-video-preview:-1"},"canonical":"https:\/\/yiwohydraulic.com\/es\/product\/z2s-series-modular-restrictive-check-valve-z2s22\/","og_locale":"es_ES","og_type":"article","og_title":"Z2S series modular restrictive check valve Z2S22 - YiWo Hydraulic","og_description":"Name:modular restrictive check valve  Model No.: Z2S22  Fit: Construction, Tractor, Crane, Forklift  Origin: China  Replace: YUKEN;REXROTH;VICKERS  Material: Stainless Steel \/ Cast Iron","og_url":"https:\/\/yiwohydraulic.com\/es\/product\/z2s-series-modular-restrictive-check-valve-z2s22\/","og_site_name":"YiWo Hydraulic","article_modified_time":"2025-04-10T06:52:35+00:00","og_image":[{"width":800,"height":800,"url":"https:\/\/yiwohydraulic.com\/wp-content\/uploads\/2025\/04\/Z2S22\u53e0\u52a0\u5f0f\u6db2\u63a7\u5355\u5411\u9600.png","type":"image\/png"}],"twitter_card":"summary_large_image","twitter_misc":{"Tiempo de lectura":"1 minuto"},"schema":{"@context":"https:\/\/schema.org","@graph":[{"@type":"WebPage","@id":"https:\/\/yiwohydraulic.com\/es\/product\/z2s-series-modular-restrictive-check-valve-z2s22\/","url":"https:\/\/yiwohydraulic.com\/es\/product\/z2s-series-modular-restrictive-check-valve-z2s22\/","name":"Z2S series modular restrictive check valve Z2S22 - YiWo Hydraulic","isPartOf":{"@id":"http:\/\/yiwohydraulic.com\/#website"},"primaryImageOfPage":{"@id":"https:\/\/yiwohydraulic.com\/es\/product\/z2s-series-modular-restrictive-check-valve-z2s22\/#primaryimage"},"image":{"@id":"https:\/\/yiwohydraulic.com\/es\/product\/z2s-series-modular-restrictive-check-valve-z2s22\/#primaryimage"},"thumbnailUrl":"http:\/\/yiwohydraulic.com\/wp-content\/uploads\/2025\/04\/Z2S22\u53e0\u52a0\u5f0f\u6db2\u63a7\u5355\u5411\u9600.png","datePublished":"2025-04-09T07:08:15+00:00","dateModified":"2025-04-10T06:52:35+00:00","breadcrumb":{"@id":"https:\/\/yiwohydraulic.com\/es\/product\/z2s-series-modular-restrictive-check-valve-z2s22\/#breadcrumb"},"inLanguage":"es","potentialAction":[{"@type":"ReadAction","target":["https:\/\/yiwohydraulic.com\/es\/product\/z2s-series-modular-restrictive-check-valve-z2s22\/"]}]},{"@type":"ImageObject","inLanguage":"es","@id":"https:\/\/yiwohydraulic.com\/es\/product\/z2s-series-modular-restrictive-check-valve-z2s22\/#primaryimage","url":"http:\/\/yiwohydraulic.com\/wp-content\/uploads\/2025\/04\/Z2S22\u53e0\u52a0\u5f0f\u6db2\u63a7\u5355\u5411\u9600.png","contentUrl":"http:\/\/yiwohydraulic.com\/wp-content\/uploads\/2025\/04\/Z2S22\u53e0\u52a0\u5f0f\u6db2\u63a7\u5355\u5411\u9600.png","width":800,"height":800},{"@type":"BreadcrumbList","@id":"https:\/\/yiwohydraulic.com\/es\/product\/z2s-series-modular-restrictive-check-valve-z2s22\/#breadcrumb","itemListElement":[{"@type":"ListItem","position":1,"name":"Home","item":"http:\/\/yiwohydraulic.com\/"},{"@type":"ListItem","position":2,"name":"\u0422\u043e\u0432\u0430\u0440\u044b","item":"https:\/\/yiwohydraulic.com\/ru\/shop\/"},{"@type":"ListItem","position":3,"name":"Z2S series modular restrictive check valve Z2S22"}]},{"@type":"WebSite","@id":"http:\/\/yiwohydraulic.com\/#website","url":"http:\/\/yiwohydraulic.com\/","name":"YiWo Hydraulic","description":"","potentialAction":[{"@type":"SearchAction","target":{"@type":"EntryPoint","urlTemplate":"http:\/\/yiwohydraulic.com\/?s={search_term_string}"},"query-input":{"@type":"PropertyValueSpecification","valueRequired":true,"valueName":"search_term_string"}}],"inLanguage":"es"}]}},"_links":{"self":[{"href":"http:\/\/yiwohydraulic.com\/es\/wp-json\/wp\/v2\/product\/811","targetHints":{"allow":["GET"]}}],"collection":[{"href":"http:\/\/yiwohydraulic.com\/es\/wp-json\/wp\/v2\/product"}],"about":[{"href":"http:\/\/yiwohydraulic.com\/es\/wp-json\/wp\/v2\/types\/product"}],"replies":[{"embeddable":true,"href":"http:\/\/yiwohydraulic.com\/es\/wp-json\/wp\/v2\/comments?post=811"}],"wp:featuredmedia":[{"embeddable":true,"href":"http:\/\/yiwohydraulic.com\/es\/wp-json\/wp\/v2\/media\/814"}],"wp:attachment":[{"href":"http:\/\/yiwohydraulic.com\/es\/wp-json\/wp\/v2\/media?parent=811"}],"wp:term":[{"taxonomy":"product_brand","embeddable":true,"href":"http:\/\/yiwohydraulic.com\/es\/wp-json\/wp\/v2\/product_brand?post=811"},{"taxonomy":"product_cat","embeddable":true,"href":"http:\/\/yiwohydraulic.com\/es\/wp-json\/wp\/v2\/product_cat?post=811"},{"taxonomy":"product_tag","embeddable":true,"href":"http:\/\/yiwohydraulic.com\/es\/wp-json\/wp\/v2\/product_tag?post=811"}],"curies":[{"name":"wp","href":"https:\/\/api.w.org\/{rel}","templated":true}]}}