{"id":1029,"date":"2025-09-10T07:39:20","date_gmt":"2025-09-10T07:39:20","guid":{"rendered":"https:\/\/yiwohydraulic.com\/?post_type=product&#038;p=1029"},"modified":"2025-09-10T07:39:21","modified_gmt":"2025-09-10T07:39:21","slug":"sd25-manual-2-spool-sectional-directional-valve-copy-2-2-2-2-2-2","status":"publish","type":"product","link":"http:\/\/yiwohydraulic.com\/es\/product\/sd25-manual-2-spool-sectional-directional-valve-copy-2-2-2-2-2-2\/","title":{"rendered":"Bomba hidr\u00e1ulica de engranajes triple HGP-111A"},"content":{"rendered":"<p>Las bombas hidr\u00e1ulicas triples aumentan la eficacia del sistema suministrando fluido a diferentes presiones y caudales en funci\u00f3n de las necesidades de cada componente.<\/p>\n<p>Esta precisi\u00f3n reduce el derroche de energ\u00eda y garantiza un rendimiento \u00f3ptimo en sistemas multifunci\u00f3n, por lo que son ideales para configuraciones hidr\u00e1ulicas complejas.<\/p>","protected":false},"excerpt":{"rendered":"<p>Caracter\u00edstica:<br \/>\n1. Alta eficiencia: dise\u00f1o estructural preciso, esta bomba de engranajes tiene alta eficiencia volum\u00e9trica y alta eficiencia mec\u00e1nica.<br \/>\n2. Mayor vida \u00fatil: el rodamiento antidesgaste de alto rendimiento no se quemar\u00e1 a alta presi\u00f3n y alta velocidad.<br \/>\n3.Peso ligero, y la estructura es compacta.<br \/>\n4.El ruido es bajo: cuerpo de aleaci\u00f3n de aluminio, dise\u00f1o de modelado de alta precisi\u00f3n.<br \/>\n5.Amplia gama de aplicaciones.Es adecuado para maquinaria de construcci\u00f3n civil,industria,veh\u00edculos,maquinaria de manipulaci\u00f3n,agricultura,silvicultura y maquinaria pesquera.<\/p>","protected":false},"featured_media":1030,"comment_status":"open","ping_status":"closed","template":"","meta":[],"product_brand":[],"product_cat":[15],"product_tag":[],"class_list":{"0":"post-1029","1":"product","2":"type-product","3":"status-publish","4":"has-post-thumbnail","6":"product_cat-hydraulic-gear-pump","8":"first","9":"instock","10":"shipping-taxable","11":"product-type-simple"},"yoast_head":"<!-- This site is optimized with the Yoast SEO plugin v24.6 - https:\/\/yoast.com\/wordpress\/plugins\/seo\/ -->\n<title>Hydraulic Triple Gear Pump HGP-111A - YiWo Hydraulic<\/title>\n<meta name=\"robots\" content=\"index, follow, max-snippet:-1, max-image-preview:large, max-video-preview:-1\" \/>\n<link rel=\"canonical\" href=\"http:\/\/yiwohydraulic.com\/es\/product\/sd25-manual-2-spool-sectional-directional-valve-copy-2-2-2-2-2-2\/\" \/>\n<meta property=\"og:locale\" content=\"es_ES\" \/>\n<meta property=\"og:type\" content=\"article\" \/>\n<meta property=\"og:title\" content=\"Hydraulic Triple Gear Pump HGP-111A - YiWo Hydraulic\" \/>\n<meta property=\"og:description\" content=\"Feature: 1.High efficiency:precise structural design,this gear pump have high volumetric efficiency and high mechanical efficiency. 2.Longer lifetime:high anti-wear bearing with excellent performance will not burn out in high pressure and high speed. 3.Light weight,and the structure is compact. 4.The noise is low:Aluminum alloy body,high precision modeling design. 5.Wide range of application.It is suitable for civil construction machinery,industry,vehicle,handling machinery,agriculture,forestry and fishing machinery.\" \/>\n<meta property=\"og:url\" content=\"http:\/\/yiwohydraulic.com\/es\/product\/sd25-manual-2-spool-sectional-directional-valve-copy-2-2-2-2-2-2\/\" \/>\n<meta property=\"og:site_name\" content=\"YiWo Hydraulic\" \/>\n<meta property=\"article:modified_time\" content=\"2025-09-10T07:39:21+00:00\" \/>\n<meta property=\"og:image\" content=\"http:\/\/yiwohydraulic.com\/wp-content\/uploads\/2025\/09\/93d90a33bd223b93cc576e70b4b21b23.png\" \/>\n\t<meta property=\"og:image:width\" content=\"800\" \/>\n\t<meta property=\"og:image:height\" content=\"800\" \/>\n\t<meta property=\"og:image:type\" content=\"image\/png\" \/>\n<meta name=\"twitter:card\" content=\"summary_large_image\" \/>\n<meta name=\"twitter:label1\" content=\"Tiempo de lectura\" \/>\n\t<meta name=\"twitter:data1\" content=\"1 minuto\" \/>\n<script type=\"application\/ld+json\" class=\"yoast-schema-graph\">{\"@context\":\"https:\/\/schema.org\",\"@graph\":[{\"@type\":\"WebPage\",\"@id\":\"http:\/\/yiwohydraulic.com\/ar\/product\/sd25-manual-2-spool-sectional-directional-valve-copy-2-2-2-2-2-2\/\",\"url\":\"http:\/\/yiwohydraulic.com\/ar\/product\/sd25-manual-2-spool-sectional-directional-valve-copy-2-2-2-2-2-2\/\",\"name\":\"Hydraulic Triple Gear Pump HGP-111A - YiWo Hydraulic\",\"isPartOf\":{\"@id\":\"http:\/\/yiwohydraulic.com\/ar\/#website\"},\"primaryImageOfPage\":{\"@id\":\"http:\/\/yiwohydraulic.com\/ar\/product\/sd25-manual-2-spool-sectional-directional-valve-copy-2-2-2-2-2-2\/#primaryimage\"},\"image\":{\"@id\":\"http:\/\/yiwohydraulic.com\/ar\/product\/sd25-manual-2-spool-sectional-directional-valve-copy-2-2-2-2-2-2\/#primaryimage\"},\"thumbnailUrl\":\"http:\/\/yiwohydraulic.com\/wp-content\/uploads\/2025\/09\/93d90a33bd223b93cc576e70b4b21b23.png\",\"datePublished\":\"2025-09-10T07:39:20+00:00\",\"dateModified\":\"2025-09-10T07:39:21+00:00\",\"breadcrumb\":{\"@id\":\"http:\/\/yiwohydraulic.com\/ar\/product\/sd25-manual-2-spool-sectional-directional-valve-copy-2-2-2-2-2-2\/#breadcrumb\"},\"inLanguage\":\"es\",\"potentialAction\":[{\"@type\":\"ReadAction\",\"target\":[\"http:\/\/yiwohydraulic.com\/ar\/product\/sd25-manual-2-spool-sectional-directional-valve-copy-2-2-2-2-2-2\/\"]}]},{\"@type\":\"ImageObject\",\"inLanguage\":\"es\",\"@id\":\"http:\/\/yiwohydraulic.com\/ar\/product\/sd25-manual-2-spool-sectional-directional-valve-copy-2-2-2-2-2-2\/#primaryimage\",\"url\":\"http:\/\/yiwohydraulic.com\/wp-content\/uploads\/2025\/09\/93d90a33bd223b93cc576e70b4b21b23.png\",\"contentUrl\":\"http:\/\/yiwohydraulic.com\/wp-content\/uploads\/2025\/09\/93d90a33bd223b93cc576e70b4b21b23.png\",\"width\":800,\"height\":800},{\"@type\":\"BreadcrumbList\",\"@id\":\"http:\/\/yiwohydraulic.com\/ar\/product\/sd25-manual-2-spool-sectional-directional-valve-copy-2-2-2-2-2-2\/#breadcrumb\",\"itemListElement\":[{\"@type\":\"ListItem\",\"position\":1,\"name\":\"Home\",\"item\":\"http:\/\/yiwohydraulic.com\/ar\/\"},{\"@type\":\"ListItem\",\"position\":2,\"name\":\"\u0627\u0644\u0645\u0646\u062a\u062c\u0627\u062a\",\"item\":\"http:\/\/yiwohydraulic.com\/ar\/shop\/\"},{\"@type\":\"ListItem\",\"position\":3,\"name\":\"Hydraulic Triple Gear Pump HGP-111A\"}]},{\"@type\":\"WebSite\",\"@id\":\"http:\/\/yiwohydraulic.com\/ar\/#website\",\"url\":\"http:\/\/yiwohydraulic.com\/ar\/\",\"name\":\"YiWo Hydraulic\",\"description\":\"\",\"potentialAction\":[{\"@type\":\"SearchAction\",\"target\":{\"@type\":\"EntryPoint\",\"urlTemplate\":\"http:\/\/yiwohydraulic.com\/ar\/?s={search_term_string}\"},\"query-input\":{\"@type\":\"PropertyValueSpecification\",\"valueRequired\":true,\"valueName\":\"search_term_string\"}}],\"inLanguage\":\"es\"}]}<\/script>\n<!-- \/ Yoast SEO plugin. -->","yoast_head_json":{"title":"Hydraulic Triple Gear Pump HGP-111A - YiWo Hydraulic","robots":{"index":"index","follow":"follow","max-snippet":"max-snippet:-1","max-image-preview":"max-image-preview:large","max-video-preview":"max-video-preview:-1"},"canonical":"http:\/\/yiwohydraulic.com\/es\/product\/sd25-manual-2-spool-sectional-directional-valve-copy-2-2-2-2-2-2\/","og_locale":"es_ES","og_type":"article","og_title":"Hydraulic Triple Gear Pump HGP-111A - YiWo Hydraulic","og_description":"Feature: 1.High efficiency:precise structural design,this gear pump have high volumetric efficiency and high mechanical efficiency. 2.Longer lifetime:high anti-wear bearing with excellent performance will not burn out in high pressure and high speed. 3.Light weight,and the structure is compact. 4.The noise is low:Aluminum alloy body,high precision modeling design. 5.Wide range of application.It is suitable for civil construction machinery,industry,vehicle,handling machinery,agriculture,forestry and fishing machinery.","og_url":"http:\/\/yiwohydraulic.com\/es\/product\/sd25-manual-2-spool-sectional-directional-valve-copy-2-2-2-2-2-2\/","og_site_name":"YiWo Hydraulic","article_modified_time":"2025-09-10T07:39:21+00:00","og_image":[{"width":800,"height":800,"url":"http:\/\/yiwohydraulic.com\/wp-content\/uploads\/2025\/09\/93d90a33bd223b93cc576e70b4b21b23.png","type":"image\/png"}],"twitter_card":"summary_large_image","twitter_misc":{"Tiempo de lectura":"1 minuto"},"schema":{"@context":"https:\/\/schema.org","@graph":[{"@type":"WebPage","@id":"http:\/\/yiwohydraulic.com\/ar\/product\/sd25-manual-2-spool-sectional-directional-valve-copy-2-2-2-2-2-2\/","url":"http:\/\/yiwohydraulic.com\/ar\/product\/sd25-manual-2-spool-sectional-directional-valve-copy-2-2-2-2-2-2\/","name":"Hydraulic Triple Gear Pump HGP-111A - YiWo Hydraulic","isPartOf":{"@id":"http:\/\/yiwohydraulic.com\/ar\/#website"},"primaryImageOfPage":{"@id":"http:\/\/yiwohydraulic.com\/ar\/product\/sd25-manual-2-spool-sectional-directional-valve-copy-2-2-2-2-2-2\/#primaryimage"},"image":{"@id":"http:\/\/yiwohydraulic.com\/ar\/product\/sd25-manual-2-spool-sectional-directional-valve-copy-2-2-2-2-2-2\/#primaryimage"},"thumbnailUrl":"http:\/\/yiwohydraulic.com\/wp-content\/uploads\/2025\/09\/93d90a33bd223b93cc576e70b4b21b23.png","datePublished":"2025-09-10T07:39:20+00:00","dateModified":"2025-09-10T07:39:21+00:00","breadcrumb":{"@id":"http:\/\/yiwohydraulic.com\/ar\/product\/sd25-manual-2-spool-sectional-directional-valve-copy-2-2-2-2-2-2\/#breadcrumb"},"inLanguage":"es","potentialAction":[{"@type":"ReadAction","target":["http:\/\/yiwohydraulic.com\/ar\/product\/sd25-manual-2-spool-sectional-directional-valve-copy-2-2-2-2-2-2\/"]}]},{"@type":"ImageObject","inLanguage":"es","@id":"http:\/\/yiwohydraulic.com\/ar\/product\/sd25-manual-2-spool-sectional-directional-valve-copy-2-2-2-2-2-2\/#primaryimage","url":"http:\/\/yiwohydraulic.com\/wp-content\/uploads\/2025\/09\/93d90a33bd223b93cc576e70b4b21b23.png","contentUrl":"http:\/\/yiwohydraulic.com\/wp-content\/uploads\/2025\/09\/93d90a33bd223b93cc576e70b4b21b23.png","width":800,"height":800},{"@type":"BreadcrumbList","@id":"http:\/\/yiwohydraulic.com\/ar\/product\/sd25-manual-2-spool-sectional-directional-valve-copy-2-2-2-2-2-2\/#breadcrumb","itemListElement":[{"@type":"ListItem","position":1,"name":"Home","item":"http:\/\/yiwohydraulic.com\/ar\/"},{"@type":"ListItem","position":2,"name":"\u0627\u0644\u0645\u0646\u062a\u062c\u0627\u062a","item":"http:\/\/yiwohydraulic.com\/ar\/shop\/"},{"@type":"ListItem","position":3,"name":"Hydraulic Triple Gear Pump HGP-111A"}]},{"@type":"WebSite","@id":"http:\/\/yiwohydraulic.com\/ar\/#website","url":"http:\/\/yiwohydraulic.com\/ar\/","name":"YiWo Hydraulic","description":"","potentialAction":[{"@type":"SearchAction","target":{"@type":"EntryPoint","urlTemplate":"http:\/\/yiwohydraulic.com\/ar\/?s={search_term_string}"},"query-input":{"@type":"PropertyValueSpecification","valueRequired":true,"valueName":"search_term_string"}}],"inLanguage":"es"}]}},"_links":{"self":[{"href":"http:\/\/yiwohydraulic.com\/es\/wp-json\/wp\/v2\/product\/1029","targetHints":{"allow":["GET"]}}],"collection":[{"href":"http:\/\/yiwohydraulic.com\/es\/wp-json\/wp\/v2\/product"}],"about":[{"href":"http:\/\/yiwohydraulic.com\/es\/wp-json\/wp\/v2\/types\/product"}],"replies":[{"embeddable":true,"href":"http:\/\/yiwohydraulic.com\/es\/wp-json\/wp\/v2\/comments?post=1029"}],"wp:featuredmedia":[{"embeddable":true,"href":"http:\/\/yiwohydraulic.com\/es\/wp-json\/wp\/v2\/media\/1030"}],"wp:attachment":[{"href":"http:\/\/yiwohydraulic.com\/es\/wp-json\/wp\/v2\/media?parent=1029"}],"wp:term":[{"taxonomy":"product_brand","embeddable":true,"href":"http:\/\/yiwohydraulic.com\/es\/wp-json\/wp\/v2\/product_brand?post=1029"},{"taxonomy":"product_cat","embeddable":true,"href":"http:\/\/yiwohydraulic.com\/es\/wp-json\/wp\/v2\/product_cat?post=1029"},{"taxonomy":"product_tag","embeddable":true,"href":"http:\/\/yiwohydraulic.com\/es\/wp-json\/wp\/v2\/product_tag?post=1029"}],"curies":[{"name":"wp","href":"https:\/\/api.w.org\/{rel}","templated":true}]}}