{"id":1025,"date":"2025-09-10T07:15:31","date_gmt":"2025-09-10T07:15:31","guid":{"rendered":"https:\/\/yiwohydraulic.com\/?post_type=product&#038;p=1025"},"modified":"2025-09-10T07:15:31","modified_gmt":"2025-09-10T07:15:31","slug":"sd25-manual-2-spool-sectional-directional-valve-copy-2-2-2-2","status":"publish","type":"product","link":"http:\/\/yiwohydraulic.com\/es\/product\/sd25-manual-2-spool-sectional-directional-valve-copy-2-2-2-2\/","title":{"rendered":"Bomba hidr\u00e1ulica de engranajes externa Hydromax HGP-1A de alta presi\u00f3n para agricultura"},"content":{"rendered":"<div class=\"rich-text-table\">\n<table border=\"0\" cellspacing=\"0\" cellpadding=\"0\">\n<tbody>\n<tr>\n<td>HGP-1A<\/td>\n<td>-F<\/td>\n<td>8<\/td>\n<td>-R<\/td>\n<td>-X<\/td>\n<td>2B<\/td>\n<\/tr>\n<tr>\n<td rowspan=\"2\">Serie<\/td>\n<td rowspan=\"2\">Tipo de instalaci\u00f3n<\/td>\n<td>Desplazamiento<\/td>\n<td rowspan=\"2\">Rotaci\u00f3n de entrada<\/td>\n<td rowspan=\"2\">Eje de entrada<\/td>\n<td rowspan=\"2\">Tapa de la brida delantera<\/td>\n<\/tr>\n<tr>\n<td>(cc\/rev)<\/td>\n<\/tr>\n<tr>\n<td rowspan=\"8\">Bomba de engranajes Serie 1A<\/td>\n<td rowspan=\"8\">F: Montaje con brida<br \/>\nL:Fijaci\u00f3n del pie<\/td>\n<td rowspan=\"8\">1-8<\/td>\n<td rowspan=\"8\">\u00a0 \u00a0 R: En el sentido de las agujas del reloj<br \/>\nL:Antihorario<\/td>\n<td rowspan=\"8\">X: Chaveta recta<\/td>\n<td rowspan=\"8\">2Bu omitido: tipo de instalaci\u00f3n de dos orificios<br \/>\n4BJ u omitido:tipo de instalaci\u00f3n de cuatro orificios<\/td>\n<\/tr>\n<\/tbody>\n<\/table>\n<\/div>\n<p><b>Especificaci\u00f3n<\/b><\/p>\n<div class=\"rich-text-table\">\n<table border=\"0\" cellspacing=\"0\" cellpadding=\"0\">\n<colgroup>\n<col \/>\n<col \/>\n<col \/>\n<col \/>\n<col \/>\n<col \/><\/colgroup>\n<tbody>\n<tr>\n<td rowspan=\"4\">Modelo<\/td>\n<td rowspan=\"3\">Desplazamiento<\/td>\n<td colspan=\"2\">Presi\u00f3n<\/td>\n<td colspan=\"3\" rowspan=\"3\">\u00a0\u00a0\u00a0\u00a0\u00a0\u00a0\u00a0\u00a0\u00a0\u00a0\u00a0\u00a0\u00a0\u00a0\u00a0\u00a0Velocidad de rotaci\u00f3n<\/td>\n<td colspan=\"2\">Tama\u00f1o de entrada\/salida<\/td>\n<td>Peso<\/td>\n<\/tr>\n<tr>\n<td colspan=\"2\" rowspan=\"2\">\u00a0\u00a0\u00a0\u00a0\u00a0\u00a0\u00a0\u00a0\u00a0\u00a0\u00a0\u00a0\u00a0\u00a0\u00a0\u00a0\u00a0\u00a0\u00a0(kgf\/cm2)<\/td>\n<td rowspan=\"2\">entrada<\/td>\n<td rowspan=\"2\">salida<\/td>\n<td>(kg)<\/td>\n<\/tr>\n<tr>\n<td><\/td>\n<\/tr>\n<tr>\n<td>(cc\/rev)<\/td>\n<td>normal<\/td>\n<td>Max<\/td>\n<td>Tarifa<\/td>\n<td>Max<\/td>\n<td>Min<\/td>\n<td>En pulgadas<\/td>\n<td>En pulgadas<\/td>\n<td><\/td>\n<\/tr>\n<tr>\n<td>HGP-1A-F05R<\/td>\n<td>0.5<\/td>\n<td>210<\/td>\n<td>250<\/td>\n<td>1800<\/td>\n<td>4500<\/td>\n<td>1000<\/td>\n<td>3\/8&#8243;<\/td>\n<td>3\/8&#8243;<\/td>\n<td>1<\/td>\n<\/tr>\n<tr>\n<td>HGP-1A-F08R<\/td>\n<td>0.8<\/td>\n<td>210<\/td>\n<td>250<\/td>\n<td>1800<\/td>\n<td>4500<\/td>\n<td>1000<\/td>\n<td>3\/8&#8243;<\/td>\n<td>3\/8&#8243;<\/td>\n<td>1<\/td>\n<\/tr>\n<tr>\n<td>HGP-1A-F1R<\/td>\n<td>1<\/td>\n<td>210<\/td>\n<td>250<\/td>\n<td>1800<\/td>\n<td>4500<\/td>\n<td>1000<\/td>\n<td>3\/8&#8243;<\/td>\n<td>3\/8&#8243;<\/td>\n<td>1<\/td>\n<\/tr>\n<tr>\n<td>HGP-1A-F2R<\/td>\n<td>2<\/td>\n<td>210<\/td>\n<td>250<\/td>\n<td>1800<\/td>\n<td>4500<\/td>\n<td>600<\/td>\n<td>3\/8&#8243;<\/td>\n<td>3\/8&#8243;<\/td>\n<td>1.05<\/td>\n<\/tr>\n<tr>\n<td>HGP-1A-F26R<\/td>\n<td>2.6<\/td>\n<td>210<\/td>\n<td>250<\/td>\n<td>1800<\/td>\n<td>4500<\/td>\n<td>600<\/td>\n<td>3\/8&#8243;<\/td>\n<td>3\/8&#8243;<\/td>\n<td>1.15<\/td>\n<\/tr>\n<tr>\n<td>HGP-1A-F3R<\/td>\n<td>3<\/td>\n<td>210<\/td>\n<td>250<\/td>\n<td>1800<\/td>\n<td>4500<\/td>\n<td>600<\/td>\n<td>3\/8&#8243;<\/td>\n<td>3\/8&#8243;<\/td>\n<td>1.15<\/td>\n<\/tr>\n<tr>\n<td>HGP-1A-F4R<\/td>\n<td>4<\/td>\n<td>210<\/td>\n<td>250<\/td>\n<td>1800<\/td>\n<td>4000<\/td>\n<td>600<\/td>\n<td>3\/8&#8243;<\/td>\n<td>3\/8&#8243;<\/td>\n<td>1.18<\/td>\n<\/tr>\n<tr>\n<td>HGP-1A-F5R<\/td>\n<td>5<\/td>\n<td>210<\/td>\n<td>250<\/td>\n<td>1800<\/td>\n<td>3200<\/td>\n<td>600<\/td>\n<td>3\/8&#8243;<\/td>\n<td>3\/8&#8243;<\/td>\n<td>1.2<\/td>\n<\/tr>\n<tr>\n<td>HGP-1A-F6R<\/td>\n<td>6<\/td>\n<td>210<\/td>\n<td>250<\/td>\n<td>1800<\/td>\n<td>3200<\/td>\n<td>600<\/td>\n<td>3\/8&#8243;<\/td>\n<td>3\/8&#8243;<\/td>\n<td>1.3<\/td>\n<\/tr>\n<tr>\n<td>HGP-1A-F8R<\/td>\n<td>7.8<\/td>\n<td>170<\/td>\n<td>210<\/td>\n<td>1800<\/td>\n<td>3200<\/td>\n<td>600<\/td>\n<td>1\/2&#8243;<\/td>\n<td>3\/8&#8243;<\/td>\n<td>1.4<\/td>\n<\/tr>\n<\/tbody>\n<\/table>\n<\/div>","protected":false},"excerpt":{"rendered":"<p>Caracter\u00edstica:<br \/>\n1. Alta eficiencia: dise\u00f1o estructural preciso, esta bomba de engranajes tiene alta eficiencia volum\u00e9trica y alta eficiencia mec\u00e1nica.<br \/>\n2. Mayor vida \u00fatil: el rodamiento antidesgaste de alto rendimiento no se quemar\u00e1 a alta presi\u00f3n y alta velocidad.<br \/>\n3.Peso ligero, y la estructura es compacta.<br \/>\n4.El ruido es bajo: cuerpo de aleaci\u00f3n de aluminio, dise\u00f1o de modelado de alta precisi\u00f3n.<br \/>\n5.Amplia gama de aplicaciones.Es adecuado para maquinaria de construcci\u00f3n civil,industria,veh\u00edculos,maquinaria de manipulaci\u00f3n,agricultura,silvicultura y maquinaria pesquera.<\/p>","protected":false},"featured_media":1026,"comment_status":"open","ping_status":"closed","template":"","meta":[],"product_brand":[],"product_cat":[15],"product_tag":[],"class_list":{"0":"post-1025","1":"product","2":"type-product","3":"status-publish","4":"has-post-thumbnail","6":"product_cat-hydraulic-gear-pump","8":"first","9":"instock","10":"shipping-taxable","11":"product-type-simple"},"yoast_head":"<!-- This site is optimized with the Yoast SEO plugin v24.6 - https:\/\/yoast.com\/wordpress\/plugins\/seo\/ -->\n<title>High Pressure Hydromax HGP-1A Hydraulic External Gear Pump for Agriculture - YiWo Hydraulic<\/title>\n<meta name=\"robots\" content=\"index, follow, max-snippet:-1, max-image-preview:large, max-video-preview:-1\" \/>\n<link rel=\"canonical\" href=\"https:\/\/yiwohydraulic.com\/es\/product\/sd25-manual-2-spool-sectional-directional-valve-copy-2-2-2-2\/\" \/>\n<meta property=\"og:locale\" content=\"es_ES\" \/>\n<meta property=\"og:type\" content=\"article\" \/>\n<meta property=\"og:title\" content=\"High Pressure Hydromax HGP-1A Hydraulic External Gear Pump for Agriculture - YiWo Hydraulic\" \/>\n<meta property=\"og:description\" content=\"Feature: 1.High efficiency:precise structural design,this gear pump have high volumetric efficiency and high mechanical efficiency. 2.Longer lifetime:high anti-wear bearing with excellent performance will not burn out in high pressure and high speed. 3.Light weight,and the structure is compact. 4.The noise is low:Aluminum alloy body,high precision modeling design. 5.Wide range of application.It is suitable for civil construction machinery,industry,vehicle,handling machinery,agriculture,forestry and fishing machinery.\" \/>\n<meta property=\"og:url\" content=\"https:\/\/yiwohydraulic.com\/es\/product\/sd25-manual-2-spool-sectional-directional-valve-copy-2-2-2-2\/\" \/>\n<meta property=\"og:site_name\" content=\"YiWo Hydraulic\" \/>\n<meta property=\"og:image\" content=\"https:\/\/yiwohydraulic.com\/wp-content\/uploads\/2025\/09\/f1d695d35b9d7afdb4b134e8039d91db.png\" \/>\n\t<meta property=\"og:image:width\" content=\"800\" \/>\n\t<meta property=\"og:image:height\" content=\"800\" \/>\n\t<meta property=\"og:image:type\" content=\"image\/png\" \/>\n<meta name=\"twitter:card\" content=\"summary_large_image\" \/>\n<meta name=\"twitter:label1\" content=\"Tiempo de lectura\" \/>\n\t<meta name=\"twitter:data1\" content=\"1 minuto\" \/>\n<script type=\"application\/ld+json\" class=\"yoast-schema-graph\">{\"@context\":\"https:\/\/schema.org\",\"@graph\":[{\"@type\":\"WebPage\",\"@id\":\"https:\/\/yiwohydraulic.com\/product\/sd25-manual-2-spool-sectional-directional-valve-copy-2-2-2-2\/\",\"url\":\"https:\/\/yiwohydraulic.com\/product\/sd25-manual-2-spool-sectional-directional-valve-copy-2-2-2-2\/\",\"name\":\"High Pressure Hydromax HGP-1A Hydraulic External Gear Pump for Agriculture - YiWo Hydraulic\",\"isPartOf\":{\"@id\":\"http:\/\/yiwohydraulic.com\/#website\"},\"primaryImageOfPage\":{\"@id\":\"https:\/\/yiwohydraulic.com\/product\/sd25-manual-2-spool-sectional-directional-valve-copy-2-2-2-2\/#primaryimage\"},\"image\":{\"@id\":\"https:\/\/yiwohydraulic.com\/product\/sd25-manual-2-spool-sectional-directional-valve-copy-2-2-2-2\/#primaryimage\"},\"thumbnailUrl\":\"http:\/\/yiwohydraulic.com\/wp-content\/uploads\/2025\/09\/f1d695d35b9d7afdb4b134e8039d91db.png\",\"datePublished\":\"2025-09-10T07:15:31+00:00\",\"breadcrumb\":{\"@id\":\"https:\/\/yiwohydraulic.com\/product\/sd25-manual-2-spool-sectional-directional-valve-copy-2-2-2-2\/#breadcrumb\"},\"inLanguage\":\"es\",\"potentialAction\":[{\"@type\":\"ReadAction\",\"target\":[\"https:\/\/yiwohydraulic.com\/product\/sd25-manual-2-spool-sectional-directional-valve-copy-2-2-2-2\/\"]}]},{\"@type\":\"ImageObject\",\"inLanguage\":\"es\",\"@id\":\"https:\/\/yiwohydraulic.com\/product\/sd25-manual-2-spool-sectional-directional-valve-copy-2-2-2-2\/#primaryimage\",\"url\":\"http:\/\/yiwohydraulic.com\/wp-content\/uploads\/2025\/09\/f1d695d35b9d7afdb4b134e8039d91db.png\",\"contentUrl\":\"http:\/\/yiwohydraulic.com\/wp-content\/uploads\/2025\/09\/f1d695d35b9d7afdb4b134e8039d91db.png\",\"width\":800,\"height\":800},{\"@type\":\"BreadcrumbList\",\"@id\":\"https:\/\/yiwohydraulic.com\/product\/sd25-manual-2-spool-sectional-directional-valve-copy-2-2-2-2\/#breadcrumb\",\"itemListElement\":[{\"@type\":\"ListItem\",\"position\":1,\"name\":\"Home\",\"item\":\"http:\/\/yiwohydraulic.com\/\"},{\"@type\":\"ListItem\",\"position\":2,\"name\":\"\u0422\u043e\u0432\u0430\u0440\u044b\",\"item\":\"https:\/\/yiwohydraulic.com\/ru\/shop\/\"},{\"@type\":\"ListItem\",\"position\":3,\"name\":\"High Pressure Hydromax HGP-1A Hydraulic External Gear Pump for Agriculture\"}]},{\"@type\":\"WebSite\",\"@id\":\"http:\/\/yiwohydraulic.com\/#website\",\"url\":\"http:\/\/yiwohydraulic.com\/\",\"name\":\"YiWo Hydraulic\",\"description\":\"\",\"potentialAction\":[{\"@type\":\"SearchAction\",\"target\":{\"@type\":\"EntryPoint\",\"urlTemplate\":\"http:\/\/yiwohydraulic.com\/?s={search_term_string}\"},\"query-input\":{\"@type\":\"PropertyValueSpecification\",\"valueRequired\":true,\"valueName\":\"search_term_string\"}}],\"inLanguage\":\"es\"}]}<\/script>\n<!-- \/ Yoast SEO plugin. -->","yoast_head_json":{"title":"High Pressure Hydromax HGP-1A Hydraulic External Gear Pump for Agriculture - YiWo Hydraulic","robots":{"index":"index","follow":"follow","max-snippet":"max-snippet:-1","max-image-preview":"max-image-preview:large","max-video-preview":"max-video-preview:-1"},"canonical":"https:\/\/yiwohydraulic.com\/es\/product\/sd25-manual-2-spool-sectional-directional-valve-copy-2-2-2-2\/","og_locale":"es_ES","og_type":"article","og_title":"High Pressure Hydromax HGP-1A Hydraulic External Gear Pump for Agriculture - YiWo Hydraulic","og_description":"Feature: 1.High efficiency:precise structural design,this gear pump have high volumetric efficiency and high mechanical efficiency. 2.Longer lifetime:high anti-wear bearing with excellent performance will not burn out in high pressure and high speed. 3.Light weight,and the structure is compact. 4.The noise is low:Aluminum alloy body,high precision modeling design. 5.Wide range of application.It is suitable for civil construction machinery,industry,vehicle,handling machinery,agriculture,forestry and fishing machinery.","og_url":"https:\/\/yiwohydraulic.com\/es\/product\/sd25-manual-2-spool-sectional-directional-valve-copy-2-2-2-2\/","og_site_name":"YiWo Hydraulic","og_image":[{"width":800,"height":800,"url":"https:\/\/yiwohydraulic.com\/wp-content\/uploads\/2025\/09\/f1d695d35b9d7afdb4b134e8039d91db.png","type":"image\/png"}],"twitter_card":"summary_large_image","twitter_misc":{"Tiempo de lectura":"1 minuto"},"schema":{"@context":"https:\/\/schema.org","@graph":[{"@type":"WebPage","@id":"https:\/\/yiwohydraulic.com\/product\/sd25-manual-2-spool-sectional-directional-valve-copy-2-2-2-2\/","url":"https:\/\/yiwohydraulic.com\/product\/sd25-manual-2-spool-sectional-directional-valve-copy-2-2-2-2\/","name":"High Pressure Hydromax HGP-1A Hydraulic External Gear Pump for Agriculture - YiWo Hydraulic","isPartOf":{"@id":"http:\/\/yiwohydraulic.com\/#website"},"primaryImageOfPage":{"@id":"https:\/\/yiwohydraulic.com\/product\/sd25-manual-2-spool-sectional-directional-valve-copy-2-2-2-2\/#primaryimage"},"image":{"@id":"https:\/\/yiwohydraulic.com\/product\/sd25-manual-2-spool-sectional-directional-valve-copy-2-2-2-2\/#primaryimage"},"thumbnailUrl":"http:\/\/yiwohydraulic.com\/wp-content\/uploads\/2025\/09\/f1d695d35b9d7afdb4b134e8039d91db.png","datePublished":"2025-09-10T07:15:31+00:00","breadcrumb":{"@id":"https:\/\/yiwohydraulic.com\/product\/sd25-manual-2-spool-sectional-directional-valve-copy-2-2-2-2\/#breadcrumb"},"inLanguage":"es","potentialAction":[{"@type":"ReadAction","target":["https:\/\/yiwohydraulic.com\/product\/sd25-manual-2-spool-sectional-directional-valve-copy-2-2-2-2\/"]}]},{"@type":"ImageObject","inLanguage":"es","@id":"https:\/\/yiwohydraulic.com\/product\/sd25-manual-2-spool-sectional-directional-valve-copy-2-2-2-2\/#primaryimage","url":"http:\/\/yiwohydraulic.com\/wp-content\/uploads\/2025\/09\/f1d695d35b9d7afdb4b134e8039d91db.png","contentUrl":"http:\/\/yiwohydraulic.com\/wp-content\/uploads\/2025\/09\/f1d695d35b9d7afdb4b134e8039d91db.png","width":800,"height":800},{"@type":"BreadcrumbList","@id":"https:\/\/yiwohydraulic.com\/product\/sd25-manual-2-spool-sectional-directional-valve-copy-2-2-2-2\/#breadcrumb","itemListElement":[{"@type":"ListItem","position":1,"name":"Home","item":"http:\/\/yiwohydraulic.com\/"},{"@type":"ListItem","position":2,"name":"\u0422\u043e\u0432\u0430\u0440\u044b","item":"https:\/\/yiwohydraulic.com\/ru\/shop\/"},{"@type":"ListItem","position":3,"name":"High Pressure Hydromax HGP-1A Hydraulic External Gear Pump for Agriculture"}]},{"@type":"WebSite","@id":"http:\/\/yiwohydraulic.com\/#website","url":"http:\/\/yiwohydraulic.com\/","name":"YiWo Hydraulic","description":"","potentialAction":[{"@type":"SearchAction","target":{"@type":"EntryPoint","urlTemplate":"http:\/\/yiwohydraulic.com\/?s={search_term_string}"},"query-input":{"@type":"PropertyValueSpecification","valueRequired":true,"valueName":"search_term_string"}}],"inLanguage":"es"}]}},"_links":{"self":[{"href":"http:\/\/yiwohydraulic.com\/es\/wp-json\/wp\/v2\/product\/1025","targetHints":{"allow":["GET"]}}],"collection":[{"href":"http:\/\/yiwohydraulic.com\/es\/wp-json\/wp\/v2\/product"}],"about":[{"href":"http:\/\/yiwohydraulic.com\/es\/wp-json\/wp\/v2\/types\/product"}],"replies":[{"embeddable":true,"href":"http:\/\/yiwohydraulic.com\/es\/wp-json\/wp\/v2\/comments?post=1025"}],"wp:featuredmedia":[{"embeddable":true,"href":"http:\/\/yiwohydraulic.com\/es\/wp-json\/wp\/v2\/media\/1026"}],"wp:attachment":[{"href":"http:\/\/yiwohydraulic.com\/es\/wp-json\/wp\/v2\/media?parent=1025"}],"wp:term":[{"taxonomy":"product_brand","embeddable":true,"href":"http:\/\/yiwohydraulic.com\/es\/wp-json\/wp\/v2\/product_brand?post=1025"},{"taxonomy":"product_cat","embeddable":true,"href":"http:\/\/yiwohydraulic.com\/es\/wp-json\/wp\/v2\/product_cat?post=1025"},{"taxonomy":"product_tag","embeddable":true,"href":"http:\/\/yiwohydraulic.com\/es\/wp-json\/wp\/v2\/product_tag?post=1025"}],"curies":[{"name":"wp","href":"https:\/\/api.w.org\/{rel}","templated":true}]}}