{"id":1021,"date":"2025-09-10T06:00:05","date_gmt":"2025-09-10T06:00:05","guid":{"rendered":"https:\/\/yiwohydraulic.com\/?post_type=product&#038;p=1021"},"modified":"2025-09-10T06:41:38","modified_gmt":"2025-09-10T06:41:38","slug":"sd25-manual-2-spool-sectional-directional-valve-copy-2-2","status":"publish","type":"product","link":"http:\/\/yiwohydraulic.com\/es\/product\/sd25-manual-2-spool-sectional-directional-valve-copy-2-2\/","title":{"rendered":"Bomba hidr\u00e1ulica de engranajes HGP-3A\/3APiloto para piezas de maquinaria de construcci\u00f3n"},"content":{"rendered":"<h3><strong>Par\u00e1metros t\u00e9cnicos<\/strong><\/h3>\n<ul class=\"a-unordered-list a-vertical a-spacing-mini\">\n<li class=\"a-spacing-mini\"><span class=\"a-list-item\">Nuevas piezas de recambio<\/span><\/li>\n<li class=\"a-spacing-mini\"><span class=\"a-list-item\">N\u00famero de pieza: 5129488<\/span><\/li>\n<li class=\"a-spacing-mini\"><span class=\"a-list-item\">Aplicaciones: Compatible para Tractor New Holland: 100-90, 100-90 DT, 100S, 100S DT, 110-90, 110-90 DT, 110S, 110S DT, 115-90, 115-90 DT, 130-90, 130-90 DT, 140-90, 140-90 DT, 160-90, 160-90 DT, 180-90, 180-90 DT, 50-86 V DT, 55-66, 55-66 DT, 60-66, 60-66 DT, 60-66 LP DT, 60-76 F, 60-76 F DT, 60-86 F, 60-86 F DT, 60-86 V, 60-86 V DT, 60-86S V, 60-86S V DT, 60-90, 60-90 DT, 60-93, 60-93 DT, 60-94, 60-94 DT, 65-88 DT, 65-90, 65-90 DT, 65-93, 65-93 DT, 65-94, 65-94 DT, 70-66, 70-66 DT, 70-66 F<\/span><\/li>\n<li class=\"a-spacing-mini\"><span class=\"a-list-item\">Aplicaciones: Compatible para Tractor New Holland: 70-66 F DT, 70-66 V, 70-66S, 70-66S DT, 70-76 F, 70-76 F DT, 70-86 V DT, 70-86S V DT, 70-88, 70-88 DT, 70-90, 70-90 DT, 72-86F DT, 72-93, 72-93 DT, 72-94, 72-94 DT, 80-66, 80-66 DT, 80-66 F, 80-66 F DT, 80-76 F, 80-76 F DT, 80-88, 80-88 DT, 80-90, 80-90 DT, 82-93, 82-93 DT, 82-94, 82-94 DT, 85-55, 85-90, 85-90 DT, 88-93, 88-93 DT, 88-94, 88-94 DT, 90-90, 90-90 DT<\/span><\/li>\n<li class=\"a-spacing-mini\"><span class=\"a-list-item\">Cualquier problema no dude en ponerse en contacto con nosotros, gracias.<\/span><\/li>\n<\/ul>\n<p>&nbsp;<\/p>\n<p>&nbsp;<\/p>\n<p>&nbsp;<\/p>","protected":false},"excerpt":{"rendered":"<p>&nbsp;<\/p>\n<ul>\n<li style=\"list-style-type: none;\">\n<ul class=\"a-unordered-list a-vertical a-spacing-mini\">\n<li class=\"a-spacing-mini\"><span class=\"a-list-item\">Nombre de la pieza: bomba hidr\u00e1ulica de engranajes<\/span><\/li>\n<li class=\"a-spacing-mini\"><span class=\"a-list-item\">Aplicaciones: Compatible para Tractor New Holland: 100-90, 100-90 DT, 100S, 100S DT, 110-90, 110-90 DT, 110S, 110S DT, 115-90, 115-90 DT, 130-90, 130-90 DT, 140-90, 140-90 DT, 160-90, 160-90 DT, 180-90, 180-90 DT, 50-86 V DT, 55-66, 55-66 DT, 60-66, 60-66 DT, 60-66 LP DT, 60-76 F, 60-76 F DT, 60-86 F, 60-86 F DT, 60-86 V, 60-86 V DT, 60-86S V, 60-86S V DT, 60-90, 60-90 DT, 60-93, 60-93 DT, 60-94, 60-94 DT, 65-88 DT, 65-90, 65-90 DT, 65-93, 65-93 DT, 65-94, 65-94 DT, 70-66, 70-66 DT, 70-66 F<\/span><\/li>\n<li class=\"a-spacing-mini\">Transporte : Mar\u00edtimo \/ A\u00e9reo \/Tren\/DHL \/ UPS \/ TNT \/ Fedex<\/li>\n<\/ul>\n<\/li>\n<\/ul>","protected":false},"featured_media":1022,"comment_status":"open","ping_status":"closed","template":"","meta":[],"product_brand":[],"product_cat":[15],"product_tag":[],"class_list":{"0":"post-1021","1":"product","2":"type-product","3":"status-publish","4":"has-post-thumbnail","6":"product_cat-hydraulic-gear-pump","8":"first","9":"instock","10":"shipping-taxable","11":"product-type-simple"},"yoast_head":"<!-- This site is optimized with the Yoast SEO plugin v24.6 - https:\/\/yoast.com\/wordpress\/plugins\/seo\/ -->\n<title>Hydraulic Gear Pump HGP-3A\/3APilot Pump for Construction Machinery Parts - YiWo Hydraulic<\/title>\n<meta name=\"robots\" content=\"index, follow, max-snippet:-1, max-image-preview:large, max-video-preview:-1\" \/>\n<link rel=\"canonical\" href=\"https:\/\/yiwohydraulic.com\/es\/product\/sd25-manual-2-spool-sectional-directional-valve-copy-2-2\/\" \/>\n<meta property=\"og:locale\" content=\"es_ES\" \/>\n<meta property=\"og:type\" content=\"article\" \/>\n<meta property=\"og:title\" content=\"Hydraulic Gear Pump HGP-3A\/3APilot Pump for Construction Machinery Parts - YiWo Hydraulic\" \/>\n<meta property=\"og:description\" content=\"&nbsp;      Part Name: hydraulic gear pump  Applications: Compatible for New Holland Tractor: 100-90, 100-90 DT, 100S, 100S DT, 110-90, 110-90 DT, 110S, 110S DT, 115-90, 115-90 DT, 130-90, 130-90 DT, 140-90, 140-90 DT, 160-90, 160-90 DT, 180-90, 180-90 DT, 50-86 V DT, 55-66, 55-66 DT, 60-66, 60-66 DT, 60-66 LP DT, 60-76 F, 60-76 F DT, 60-86 F, 60-86 F DT, 60-86 V, 60-86 V DT, 60-86S V, 60-86S V DT, 60-90, 60-90 DT, 60-93, 60-93 DT, 60-94, 60-94 DT, 65-88 DT, 65-90, 65-90 DT, 65-93, 65-93 DT, 65-94, 65-94 DT, 70-66, 70-66 DT, 70-66 F  Transportation : By sea \/ Air \/Train\/DHL \/ UPS \/ TNT \/ Fedex\" \/>\n<meta property=\"og:url\" content=\"https:\/\/yiwohydraulic.com\/es\/product\/sd25-manual-2-spool-sectional-directional-valve-copy-2-2\/\" \/>\n<meta property=\"og:site_name\" content=\"YiWo Hydraulic\" \/>\n<meta property=\"article:modified_time\" content=\"2025-09-10T06:41:38+00:00\" \/>\n<meta property=\"og:image\" content=\"https:\/\/yiwohydraulic.com\/wp-content\/uploads\/2025\/09\/1b388d9f2a36a941b01ac6a37a978e6c.png\" \/>\n\t<meta property=\"og:image:width\" content=\"800\" \/>\n\t<meta property=\"og:image:height\" content=\"800\" \/>\n\t<meta property=\"og:image:type\" content=\"image\/png\" \/>\n<meta name=\"twitter:card\" content=\"summary_large_image\" \/>\n<meta name=\"twitter:label1\" content=\"Tiempo de lectura\" \/>\n\t<meta name=\"twitter:data1\" content=\"2 minutos\" \/>\n<script type=\"application\/ld+json\" class=\"yoast-schema-graph\">{\"@context\":\"https:\/\/schema.org\",\"@graph\":[{\"@type\":\"WebPage\",\"@id\":\"https:\/\/yiwohydraulic.com\/es\/product\/sd25-manual-2-spool-sectional-directional-valve-copy-2-2\/\",\"url\":\"https:\/\/yiwohydraulic.com\/es\/product\/sd25-manual-2-spool-sectional-directional-valve-copy-2-2\/\",\"name\":\"Hydraulic Gear Pump HGP-3A\/3APilot Pump for Construction Machinery Parts - YiWo Hydraulic\",\"isPartOf\":{\"@id\":\"http:\/\/yiwohydraulic.com\/#website\"},\"primaryImageOfPage\":{\"@id\":\"https:\/\/yiwohydraulic.com\/es\/product\/sd25-manual-2-spool-sectional-directional-valve-copy-2-2\/#primaryimage\"},\"image\":{\"@id\":\"https:\/\/yiwohydraulic.com\/es\/product\/sd25-manual-2-spool-sectional-directional-valve-copy-2-2\/#primaryimage\"},\"thumbnailUrl\":\"http:\/\/yiwohydraulic.com\/wp-content\/uploads\/2025\/09\/1b388d9f2a36a941b01ac6a37a978e6c.png\",\"datePublished\":\"2025-09-10T06:00:05+00:00\",\"dateModified\":\"2025-09-10T06:41:38+00:00\",\"breadcrumb\":{\"@id\":\"https:\/\/yiwohydraulic.com\/es\/product\/sd25-manual-2-spool-sectional-directional-valve-copy-2-2\/#breadcrumb\"},\"inLanguage\":\"es\",\"potentialAction\":[{\"@type\":\"ReadAction\",\"target\":[\"https:\/\/yiwohydraulic.com\/es\/product\/sd25-manual-2-spool-sectional-directional-valve-copy-2-2\/\"]}]},{\"@type\":\"ImageObject\",\"inLanguage\":\"es\",\"@id\":\"https:\/\/yiwohydraulic.com\/es\/product\/sd25-manual-2-spool-sectional-directional-valve-copy-2-2\/#primaryimage\",\"url\":\"http:\/\/yiwohydraulic.com\/wp-content\/uploads\/2025\/09\/1b388d9f2a36a941b01ac6a37a978e6c.png\",\"contentUrl\":\"http:\/\/yiwohydraulic.com\/wp-content\/uploads\/2025\/09\/1b388d9f2a36a941b01ac6a37a978e6c.png\",\"width\":800,\"height\":800},{\"@type\":\"BreadcrumbList\",\"@id\":\"https:\/\/yiwohydraulic.com\/es\/product\/sd25-manual-2-spool-sectional-directional-valve-copy-2-2\/#breadcrumb\",\"itemListElement\":[{\"@type\":\"ListItem\",\"position\":1,\"name\":\"Home\",\"item\":\"http:\/\/yiwohydraulic.com\/\"},{\"@type\":\"ListItem\",\"position\":2,\"name\":\"\u0422\u043e\u0432\u0430\u0440\u044b\",\"item\":\"https:\/\/yiwohydraulic.com\/ru\/shop\/\"},{\"@type\":\"ListItem\",\"position\":3,\"name\":\"Hydraulic Gear Pump HGP-3A\/3APilot Pump for Construction Machinery Parts\"}]},{\"@type\":\"WebSite\",\"@id\":\"http:\/\/yiwohydraulic.com\/#website\",\"url\":\"http:\/\/yiwohydraulic.com\/\",\"name\":\"YiWo Hydraulic\",\"description\":\"\",\"potentialAction\":[{\"@type\":\"SearchAction\",\"target\":{\"@type\":\"EntryPoint\",\"urlTemplate\":\"http:\/\/yiwohydraulic.com\/?s={search_term_string}\"},\"query-input\":{\"@type\":\"PropertyValueSpecification\",\"valueRequired\":true,\"valueName\":\"search_term_string\"}}],\"inLanguage\":\"es\"}]}<\/script>\n<!-- \/ Yoast SEO plugin. -->","yoast_head_json":{"title":"Hydraulic Gear Pump HGP-3A\/3APilot Pump for Construction Machinery Parts - YiWo Hydraulic","robots":{"index":"index","follow":"follow","max-snippet":"max-snippet:-1","max-image-preview":"max-image-preview:large","max-video-preview":"max-video-preview:-1"},"canonical":"https:\/\/yiwohydraulic.com\/es\/product\/sd25-manual-2-spool-sectional-directional-valve-copy-2-2\/","og_locale":"es_ES","og_type":"article","og_title":"Hydraulic Gear Pump HGP-3A\/3APilot Pump for Construction Machinery Parts - YiWo Hydraulic","og_description":"&nbsp;      Part Name: hydraulic gear pump  Applications: Compatible for New Holland Tractor: 100-90, 100-90 DT, 100S, 100S DT, 110-90, 110-90 DT, 110S, 110S DT, 115-90, 115-90 DT, 130-90, 130-90 DT, 140-90, 140-90 DT, 160-90, 160-90 DT, 180-90, 180-90 DT, 50-86 V DT, 55-66, 55-66 DT, 60-66, 60-66 DT, 60-66 LP DT, 60-76 F, 60-76 F DT, 60-86 F, 60-86 F DT, 60-86 V, 60-86 V DT, 60-86S V, 60-86S V DT, 60-90, 60-90 DT, 60-93, 60-93 DT, 60-94, 60-94 DT, 65-88 DT, 65-90, 65-90 DT, 65-93, 65-93 DT, 65-94, 65-94 DT, 70-66, 70-66 DT, 70-66 F  Transportation : By sea \/ Air \/Train\/DHL \/ UPS \/ TNT \/ Fedex","og_url":"https:\/\/yiwohydraulic.com\/es\/product\/sd25-manual-2-spool-sectional-directional-valve-copy-2-2\/","og_site_name":"YiWo Hydraulic","article_modified_time":"2025-09-10T06:41:38+00:00","og_image":[{"width":800,"height":800,"url":"https:\/\/yiwohydraulic.com\/wp-content\/uploads\/2025\/09\/1b388d9f2a36a941b01ac6a37a978e6c.png","type":"image\/png"}],"twitter_card":"summary_large_image","twitter_misc":{"Tiempo de lectura":"2 minutos"},"schema":{"@context":"https:\/\/schema.org","@graph":[{"@type":"WebPage","@id":"https:\/\/yiwohydraulic.com\/es\/product\/sd25-manual-2-spool-sectional-directional-valve-copy-2-2\/","url":"https:\/\/yiwohydraulic.com\/es\/product\/sd25-manual-2-spool-sectional-directional-valve-copy-2-2\/","name":"Hydraulic Gear Pump HGP-3A\/3APilot Pump for Construction Machinery Parts - YiWo Hydraulic","isPartOf":{"@id":"http:\/\/yiwohydraulic.com\/#website"},"primaryImageOfPage":{"@id":"https:\/\/yiwohydraulic.com\/es\/product\/sd25-manual-2-spool-sectional-directional-valve-copy-2-2\/#primaryimage"},"image":{"@id":"https:\/\/yiwohydraulic.com\/es\/product\/sd25-manual-2-spool-sectional-directional-valve-copy-2-2\/#primaryimage"},"thumbnailUrl":"http:\/\/yiwohydraulic.com\/wp-content\/uploads\/2025\/09\/1b388d9f2a36a941b01ac6a37a978e6c.png","datePublished":"2025-09-10T06:00:05+00:00","dateModified":"2025-09-10T06:41:38+00:00","breadcrumb":{"@id":"https:\/\/yiwohydraulic.com\/es\/product\/sd25-manual-2-spool-sectional-directional-valve-copy-2-2\/#breadcrumb"},"inLanguage":"es","potentialAction":[{"@type":"ReadAction","target":["https:\/\/yiwohydraulic.com\/es\/product\/sd25-manual-2-spool-sectional-directional-valve-copy-2-2\/"]}]},{"@type":"ImageObject","inLanguage":"es","@id":"https:\/\/yiwohydraulic.com\/es\/product\/sd25-manual-2-spool-sectional-directional-valve-copy-2-2\/#primaryimage","url":"http:\/\/yiwohydraulic.com\/wp-content\/uploads\/2025\/09\/1b388d9f2a36a941b01ac6a37a978e6c.png","contentUrl":"http:\/\/yiwohydraulic.com\/wp-content\/uploads\/2025\/09\/1b388d9f2a36a941b01ac6a37a978e6c.png","width":800,"height":800},{"@type":"BreadcrumbList","@id":"https:\/\/yiwohydraulic.com\/es\/product\/sd25-manual-2-spool-sectional-directional-valve-copy-2-2\/#breadcrumb","itemListElement":[{"@type":"ListItem","position":1,"name":"Home","item":"http:\/\/yiwohydraulic.com\/"},{"@type":"ListItem","position":2,"name":"\u0422\u043e\u0432\u0430\u0440\u044b","item":"https:\/\/yiwohydraulic.com\/ru\/shop\/"},{"@type":"ListItem","position":3,"name":"Hydraulic Gear Pump HGP-3A\/3APilot Pump for Construction Machinery Parts"}]},{"@type":"WebSite","@id":"http:\/\/yiwohydraulic.com\/#website","url":"http:\/\/yiwohydraulic.com\/","name":"YiWo Hydraulic","description":"","potentialAction":[{"@type":"SearchAction","target":{"@type":"EntryPoint","urlTemplate":"http:\/\/yiwohydraulic.com\/?s={search_term_string}"},"query-input":{"@type":"PropertyValueSpecification","valueRequired":true,"valueName":"search_term_string"}}],"inLanguage":"es"}]}},"_links":{"self":[{"href":"http:\/\/yiwohydraulic.com\/es\/wp-json\/wp\/v2\/product\/1021","targetHints":{"allow":["GET"]}}],"collection":[{"href":"http:\/\/yiwohydraulic.com\/es\/wp-json\/wp\/v2\/product"}],"about":[{"href":"http:\/\/yiwohydraulic.com\/es\/wp-json\/wp\/v2\/types\/product"}],"replies":[{"embeddable":true,"href":"http:\/\/yiwohydraulic.com\/es\/wp-json\/wp\/v2\/comments?post=1021"}],"wp:featuredmedia":[{"embeddable":true,"href":"http:\/\/yiwohydraulic.com\/es\/wp-json\/wp\/v2\/media\/1022"}],"wp:attachment":[{"href":"http:\/\/yiwohydraulic.com\/es\/wp-json\/wp\/v2\/media?parent=1021"}],"wp:term":[{"taxonomy":"product_brand","embeddable":true,"href":"http:\/\/yiwohydraulic.com\/es\/wp-json\/wp\/v2\/product_brand?post=1021"},{"taxonomy":"product_cat","embeddable":true,"href":"http:\/\/yiwohydraulic.com\/es\/wp-json\/wp\/v2\/product_cat?post=1021"},{"taxonomy":"product_tag","embeddable":true,"href":"http:\/\/yiwohydraulic.com\/es\/wp-json\/wp\/v2\/product_tag?post=1021"}],"curies":[{"name":"wp","href":"https:\/\/api.w.org\/{rel}","templated":true}]}}