{"id":50,"date":"2025-03-18T08:26:11","date_gmt":"2025-03-18T08:26:11","guid":{"rendered":"https:\/\/yiwohydraulic.com\/?page_id=50"},"modified":"2025-04-22T03:19:17","modified_gmt":"2025-04-22T03:19:17","slug":"faqs","status":"publish","type":"page","link":"http:\/\/yiwohydraulic.com\/es\/faqs\/","title":{"rendered":"preguntas frecuentes"},"content":{"rendered":"<section class=\"section\" id=\"section_1556912365\">\n\t\t<div class=\"section-bg fill\" >\n\t\t\t\t\t\t\t\t\t\n\t\t\t\n\n\t\t<\/div>\n\n\t\t\n\n\t\t<div class=\"section-content relative\">\n\t\t\t\n\n  <div class=\"banner has-hover\" id=\"banner-1814170688\">\n          <div class=\"banner-inner fill\">\n        <div class=\"banner-bg fill\" >\n            <img loading=\"lazy\" decoding=\"async\" width=\"2560\" height=\"1462\" src=\"http:\/\/yiwohydraulic.com\/wp-content\/uploads\/2025\/03\/cc-banner-img4-2-scaled.webp\" class=\"bg attachment-original size-original\" alt=\"\" \/>                        <div class=\"overlay\"><\/div>            \n                    <\/div>\n\t\t\n        <div class=\"banner-layers container\">\n            <div class=\"fill banner-link\"><\/div>            \n   <div id=\"text-box-1491823346\" class=\"text-box banner-layer x50 md-x50 lg-x50 y50 md-y50 lg-y50 res-text\">\n                                <div class=\"text-box-content text dark\">\n              \n              <div class=\"text-inner text-center\">\n                  \n\t<div id=\"text-494065826\" class=\"text\">\n\t\t\n<h3 class=\"uppercase\">preguntas frecuentes<\/h3>\n\t\t\n<style>\n#text-494065826 {\n  font-size: 1rem;\n  text-align: center;\n}\n@media (min-width:550px) {\n  #text-494065826 {\n    font-size: 1.8rem;\n  }\n}\n<\/style>\n\t<\/div>\n\t\n\t<div id=\"gap-131847496\" class=\"gap-element clearfix\" style=\"display:block; height:auto;\">\n\t\t\n<style>\n#gap-131847496 {\n  padding-top: 20px;\n}\n@media (min-width:550px) {\n  #gap-131847496 {\n    padding-top: 30px;\n  }\n}\n<\/style>\n\t<\/div>\n\t\n\n<span><span><a href=\"http:\/\/yiwohydraulic.com\/es\/\">fig. principio<\/a><\/span><\/span>\n\n              <\/div>\n           <\/div>\n                            \n<style>\n#text-box-1491823346 {\n  width: 78%;\n}\n#text-box-1491823346 .text-box-content {\n  font-size: 100%;\n}\n<\/style>\n    <\/div>\n \n        <\/div>\n      <\/div>\n\n            \n<style>\n#banner-1814170688 {\n  padding-top: 56.25%;\n}\n#banner-1814170688 .overlay {\n  background-color: rgba(0,0,0,.5);\n}\n#banner-1814170688 .banner-bg img {\n  object-position: 0% 60%;\n}\n@media (min-width:550px) {\n  #banner-1814170688 {\n    padding-top: 450px;\n  }\n}\n<\/style>\n  <\/div>\n\n\n\t\t<\/div>\n\n\t\t\n<style>\n#section_1556912365 {\n  padding-top: 0px;\n  padding-bottom: 0px;\n}\n<\/style>\n\t<\/section>\n\t\n\n\t<section class=\"section\" id=\"section_577811753\">\n\t\t<div class=\"section-bg fill\" >\n\t\t\t\t\t\t\t\t\t\n\t\t\t\n\n\t\t<\/div>\n\n\t\t\n\n\t\t<div class=\"section-content relative\">\n\t\t\t\n<div class=\"row pb0 mb0\"  id=\"row-375165070\">\n\n\t<div id=\"col-1762225855\" class=\"col pb0 mb0 small-12 large-12\"  >\n\t\t\t\t<div class=\"col-inner\"  >\n\t\t\t\n\t\t\t\n\t<div id=\"text-3027194152\" class=\"text pb0 mb0\">\n\t\t\n<h3 class=\"elementor-heading-title elementor-size-default\">Preguntas frecuentes<\/h3>\n\t\t\n<style>\n#text-3027194152 {\n  font-size: 1.7rem;\n  text-align: center;\n}\n@media (min-width:550px) {\n  #text-3027194152 {\n    font-size: 2.4rem;\n  }\n}\n<\/style>\n\t<\/div>\n\t\n\t\t<\/div>\n\t\t\t\t\t<\/div>\n\n\t\n<\/div>\n<div class=\"row\"  id=\"row-2048286426\">\n\n\t<div id=\"col-5970725\" class=\"col medium-6 small-12 large-6\"  data-animate=\"fadeInUp\">\n\t\t\t\t<div class=\"col-inner\"  >\n\t\t\t\n\t\t\t\n<div class=\"accordion\">\n\t<div id=\"accordion-2464076305\" class=\"accordion-item\">\n\t\t<a id=\"accordion-2464076305-label\" class=\"accordion-title plain active\" href=\"#accordion-item-how-can-contact-sales?\" aria-expanded=\"true\" aria-controls=\"accordion-2464076305-content\" >\n\t\t\t<button class=\"toggle\" aria-label=\"Toggle\"><i class=\"icon-angle-down\"><\/i><\/button>\n\t\t\t<span>\u00bfC\u00f3mo puede ponerse en contacto con ventas?<\/span>\n\t\t<\/a>\n\t\t<div id=\"accordion-2464076305-content\" class=\"accordion-inner\" style=\"display: block;\" aria-labelledby=\"accordion-2464076305-label\" >\n\t\t\t\n<div class=\"row\"  id=\"row-563885283\">\n\n\t<div id=\"col-228420934\" class=\"col medium-6 small-12 large-6\"  >\n\t\t\t\t<div class=\"col-inner\"  >\n\t\t\t\n\t\t\t\n\n\t<a class=\"plain\" href=\"https:\/\/wa.me\/8617732118827\" target=\"_blank\" rel=\"noopener\" >\t<div class=\"icon-box featured-box icon-box-center text-center\"  >\n\t\t\t\t\t<div class=\"icon-box-img\" style=\"width: 54px\">\n\t\t\t\t<div class=\"icon\">\n\t\t\t\t\t<div class=\"icon-inner\" >\n\t\t\t\t\t\t<?xml version=\"1.0\" encoding=\"iso-8859-1\"?>\r\n<!-- Generator: Adobe Illustrator 19.0.0, SVG Export Plug-In . SVG Version: 6.00 Build 0)  -->\r\n<svg version=\"1.1\" id=\"Capa_1\" xmlns=\"http:\/\/www.w3.org\/2000\/svg\" xmlns:xlink=\"http:\/\/www.w3.org\/1999\/xlink\" x=\"0px\" y=\"0px\"\r\n\t viewbox=\"0 0 512 512\" style=\"enable-background:new 0 0 512 512;\" xml:space=\"preserve\">\r\n<path style=\"fill:#4CAF50;\" d=\"M256.064,0h-0.128l0,0C114.784,0,0,114.816,0,256c0,56,18.048,107.904,48.736,150.048l-31.904,95.104\tl98.4-31.456C155.712,496.512,204,512,256.064,512C397.216,512,512,397.152,512,256S397.216,0,256.064,0z\"\/>\r\n<path style=\"fill:#FAFAFA;\" d=\"M405.024,361.504c-6.176,17.44-30.688,31.904-50.24,36.128c-13.376,2.848-30.848,5.12-89.664-19.264\tC189.888,347.2,141.44,270.752,137.664,265.792c-3.616-4.96-30.4-40.48-30.4-77.216s18.656-54.624,26.176-62.304\tc6.176-6.304,16.384-9.184,26.176-9.184c3.168,0,6.016,0.16,8.576,0.288c7.52,0.32,11.296,0.768,16.256,12.64\tc6.176,14.88,21.216,51.616,23.008,55.392c1.824,3.776,3.648,8.896,1.088,13.856c-2.4,5.12-4.512,7.392-8.288,11.744\tc-3.776,4.352-7.36,7.68-11.136,12.352c-3.456,4.064-7.36,8.416-3.008,15.936c4.352,7.36,19.392,31.904,41.536,51.616\tc28.576,25.44,51.744,33.568,60.032,37.024c6.176,2.56,13.536,1.952,18.048-2.848c5.728-6.176,12.8-16.416,20-26.496\tc5.12-7.232,11.584-8.128,18.368-5.568c6.912,2.4,43.488,20.48,51.008,24.224c7.52,3.776,12.48,5.568,14.304,8.736\tC411.2,329.152,411.2,344.032,405.024,361.504z\"\/>\r\n<g>\r\n<\/g>\r\n<g>\r\n<\/g>\r\n<g>\r\n<\/g>\r\n<g>\r\n<\/g>\r\n<g>\r\n<\/g>\r\n<g>\r\n<\/g>\r\n<g>\r\n<\/g>\r\n<g>\r\n<\/g>\r\n<g>\r\n<\/g>\r\n<g>\r\n<\/g>\r\n<g>\r\n<\/g>\r\n<g>\r\n<\/g>\r\n<g>\r\n<\/g>\r\n<g>\r\n<\/g>\r\n<g>\r\n<\/g>\r\n<\/svg>\r\n\t\t\t\t\t<\/div>\n\t\t\t\t<\/div>\n\t\t\t<\/div>\n\t\t\t\t<div class=\"icon-box-text last-reset\">\n\t\t\t\t\t\t\t\t\t\n<p>Whatsapp\uff1a+86 17732118827<\/p>\n\t\t<\/div>\n\t<\/div>\n\t<\/a>\n\t\n\t\t<\/div>\n\t\t\t\t\t<\/div>\n\n\t\n\n\t<div id=\"col-1476584507\" class=\"col medium-6 small-12 large-6\"  >\n\t\t\t\t<div class=\"col-inner\"  >\n\t\t\t\n\t\t\t\n\n\t\t<div class=\"icon-box featured-box icon-box-center text-center\"  >\n\t\t\t\t\t<div class=\"icon-box-img\" style=\"width: 54px\">\n\t\t\t\t<div class=\"icon\">\n\t\t\t\t\t<div class=\"icon-inner\" style=\"color:rgb(76, 175, 80);\">\n\t\t\t\t\t\t<svg clip-rule=\"evenodd\" fill-rule=\"evenodd\" height=\"512\" image-rendering=\"optimizeQuality\" shape-rendering=\"geometricPrecision\" text-rendering=\"geometricPrecision\" viewbox=\"0 0 512 512\" width=\"512\" xmlns=\"http:\/\/www.w3.org\/2000\/svg\" xmlns:xodm=\"http:\/\/www.corel.com\/coreldraw\/odm\/2003\"><g id=\"Layer_x0020_1\" fill-rule=\"nonzero\"><path d=\"m251.29 139.11c-11.72.22-21.62 10.2-21.41 21.58.21 11.81 9.92 21.04 21.97 20.9 12.09-.15 21.25-9.48 21.13-21.53-.1-11.83-9.77-21.17-21.69-20.95zm150.41 136.23c-9.29-.06-17.18 7.54-17.56 16.93-.4 10.04 7.4 18.28 17.33 18.3 9.61.03 17.2-7.23 17.55-16.79.37-10.06-7.43-18.37-17.32-18.44zm-92.53 18.41c.38-10.01-7.67-18.41-17.7-18.45-9.93-.04-18.24 8.47-17.89 18.33.32 9.43 8.26 17.05 17.76 17.06 9.49.01 17.46-7.4 17.83-16.94zm109.84 164.41c-14.63-1.53-30.01 6.91-45.32 8.48-46.63 4.77-88.4-8.23-122.84-40.08-65.51-60.59-56.15-153.5 19.64-203.15 67.36-44.13 166.15-29.42 213.64 31.81 41.45 53.43 36.57 124.36-14.02 169.25-23.61 20.95-13.71 27.63-7.58 51.97-13.59-6.05-28.67-16.73-43.52-18.28zm-302.83-319.04c-11.95-.35-21.79 8.78-22.13 20.56-.36 11.94 8.77 21.51 20.81 21.81 11.94.3 21.95-8.84 22.38-20.47.45-11.59-9.65-21.57-21.06-21.9zm72.21 213.69c-18.56-2.3-35.47-4.83-52.48-6.26-5.87-.5-12.84.2-17.81 3.01-16.51 9.32-32.34 19.84-51.1 31.57 3.44-15.58 5.67-29.21 9.61-42.32 2.9-9.64 1.56-15.01-7.32-21.29-115.11-81.26-78.8-230.75 49.96-272.81 100.33-32.77 226.23 24.88 236.58 135.64-96.71 5.05-176.11 70.07-167.44 172.46z\" fill=\"#3caf41\"\/><path d=\"m-2014.21 1705.12c79.75 0 144.4 65.1 144.4 145.39 0 80.3-64.65 145.39-144.4 145.39s-144.4-65.09-144.4-145.39c0-80.29 64.65-145.39 144.4-145.39zm230.6 8.52c39.88 0 72.2 61.27 72.2 136.87.13 18.22-7.61 136.88-72.19 136.88-39.88 0-72.21-61.3-72.21-136.88s32.33-136.87 72.2-136.87zm111.61 14.25c14.02 0 25.39 54.9 25.39 122.62 0 67.7-11.37 122.62-25.39 122.62-14.03 0-25.39-54.9-25.39-122.62s11.36-122.62 25.39-122.62z\" fill=\"#1e1b1e\"\/><path d=\"m-1229.55 1594.85c-28.14 0-51.13 22.99-51.13 51.13s22.99 51.13 51.13 51.13h51.14v-51.13c0-28.14-22.65-51.13-51.14-51.13zm-187.02 323.95c0 28.14 22.99 51.13 51.13 51.13s51.13-22.99 51.13-51.13v-51.13h-51.13c-28.48 0-51.13 22.99-51.13 51.13zm136.23 0v136.58c0 28.14 23 51.13 51.14 51.13s51.13-22.99 51.13-51.13v-136.58c0-28.14-22.99-51.13-51.13-51.13-28.49 0-51.14 22.99-51.14 51.13zm187.03 187.71c28.14 0 51.13-22.99 51.13-51.13s-22.99-51.13-51.13-51.13h-51.13v51.13c0 28.14 22.99 51.13 51.13 51.13zm136.24-136.58c28.14 0 51.13-22.99 51.13-51.13s-22.99-51.13-51.13-51.13h-136.24c-28.14 0-51.13 22.99-51.13 51.13s22.99 51.13 51.13 51.13zm51.13-187.71c0-28.14-22.99-51.13-51.13-51.13s-51.14 22.99-51.14 51.13v51.13h51.14c28.14.35 51.13-22.65 51.13-51.13zm-136.24 0v-136.58c0-28.14-22.99-51.13-51.13-51.13s-51.13 22.99-51.13 51.13v136.58c0 28.14 22.99 51.13 51.13 51.13 28.48.35 51.13-22.65 51.13-51.13zm-187.37-51.13h-135.89c-28.14 0-51.13 22.99-51.13 51.13s22.99 51.13 51.13 51.13h136.24c28.14 0 51.13-22.99 51.13-51.13-.34-28.14-22.99-51.13-51.48-51.13z\" fill=\"#e01e5a\"\/><\/g><\/svg>\t\t\t\t\t<\/div>\n\t\t\t\t<\/div>\n\t\t\t<\/div>\n\t\t\t\t<div class=\"icon-box-text last-reset\">\n\t\t\t\t\t\t\t\t\t\n<p>Wechat\uff1a+86 17732118827<\/p>\n\t\t<\/div>\n\t<\/div>\n\t\n\t\n\t\t<\/div>\n\t\t\t\t\t<\/div>\n\n\t\n<\/div>\n\t\t<\/div>\n\t<\/div>\n\t\n\t<div id=\"accordion-3790517734\" class=\"accordion-item\">\n\t\t<a id=\"accordion-3790517734-label\" class=\"accordion-title plain\" href=\"#accordion-item-what-is-your-terms-of-payment?\" aria-expanded=\"false\" aria-controls=\"accordion-3790517734-content\" >\n\t\t\t<button class=\"toggle\" aria-label=\"Toggle\"><i class=\"icon-angle-down\"><\/i><\/button>\n\t\t\t<span>\u00bfCu\u00e1les son sus condiciones de pago?<\/span>\n\t\t<\/a>\n\t\t<div id=\"accordion-3790517734-content\" class=\"accordion-inner\" aria-labelledby=\"accordion-3790517734-label\" >\n\t\t\t\n<p>100% T\/T por adelantado, o 50% T\/T como dep\u00f3sito y 50% pagados antes de la entrega para pedidos de mayor valor.<\/p>\n\t\t<\/div>\n\t<\/div>\n\t\n\t<div id=\"accordion-691531623\" class=\"accordion-item\">\n\t\t<a id=\"accordion-691531623-label\" class=\"accordion-title plain\" href=\"#accordion-item-what-is-your-terms-of-packing?\" aria-expanded=\"false\" aria-controls=\"accordion-691531623-content\" >\n\t\t\t<button class=\"toggle\" aria-label=\"Toggle\"><i class=\"icon-angle-down\"><\/i><\/button>\n\t\t\t<span>\u00bfCu\u00e1les son sus condiciones de embalaje?<\/span>\n\t\t<\/a>\n\t\t<div id=\"accordion-691531623-content\" class=\"accordion-inner\" aria-labelledby=\"accordion-691531623-label\" >\n\t\t\t\n<p>Generalmente, embalamos nuestras mercanc\u00edas en cajas de cart\u00f3n marr\u00f3n y cajas de madera contrachapada.<\/p>\n\t\t<\/div>\n\t<\/div>\n\t\n\t<div id=\"accordion-2121720966\" class=\"accordion-item\">\n\t\t<a id=\"accordion-2121720966-label\" class=\"accordion-title plain\" href=\"#accordion-item-what-is-your-terms-of-delivery?\" aria-expanded=\"false\" aria-controls=\"accordion-2121720966-content\" >\n\t\t\t<button class=\"toggle\" aria-label=\"Toggle\"><i class=\"icon-angle-down\"><\/i><\/button>\n\t\t\t<span>\u00bfCu\u00e1les son sus condiciones de entrega?<\/span>\n\t\t<\/a>\n\t\t<div id=\"accordion-2121720966-content\" class=\"accordion-inner\" aria-labelledby=\"accordion-2121720966-label\" >\n\t\t\t\n<p>EXW, FOB, CFR, CIF.DDP<\/p>\n\t\t<\/div>\n\t<\/div>\n\t\n\t<div id=\"accordion-3833565287\" class=\"accordion-item\">\n\t\t<a id=\"accordion-3833565287-label\" class=\"accordion-title plain\" href=\"#accordion-item-how-about-your-delivery-time?\" aria-expanded=\"false\" aria-controls=\"accordion-3833565287-content\" >\n\t\t\t<button class=\"toggle\" aria-label=\"Toggle\"><i class=\"icon-angle-down\"><\/i><\/button>\n\t\t\t<span>\u00bfQu\u00e9 le parece el plazo de entrega?<\/span>\n\t\t<\/a>\n\t\t<div id=\"accordion-3833565287-content\" class=\"accordion-inner\" aria-labelledby=\"accordion-3833565287-label\" >\n\t\t\t\n<p>Por lo general, el plazo de entrega es de 7 a 20 d\u00edas a partir de la recepci\u00f3n del pago. El plazo de entrega concreto depende de los art\u00edculos y de la cantidad de su pedido.<\/p>\n\t\t<\/div>\n\t<\/div>\n\t\n\t<div id=\"accordion-1240669752\" class=\"accordion-item\">\n\t\t<a id=\"accordion-1240669752-label\" class=\"accordion-title plain\" href=\"#accordion-item-how-to-guarantee-the-high-quality?\" aria-expanded=\"false\" aria-controls=\"accordion-1240669752-content\" >\n\t\t\t<button class=\"toggle\" aria-label=\"Toggle\"><i class=\"icon-angle-down\"><\/i><\/button>\n\t\t\t<span>\u00bfC\u00f3mo garantizar la alta calidad?<\/span>\n\t\t<\/a>\n\t\t<div id=\"accordion-1240669752-content\" class=\"accordion-inner\" aria-labelledby=\"accordion-1240669752-label\" >\n\t\t\t\n<p>12 meses contra la fecha de B\/L, hay un departamento de pruebas para asegurarse de la calidad de cada producto, la apariencia, el flujo y la prueba de presi\u00f3n son buenos.<\/p>\n\t\t<\/div>\n\t<\/div>\n\t\n<\/div>\n\t\t<\/div>\n\t\t\t\t\t<\/div>\n\n\t\n\n\t<div id=\"col-469919744\" class=\"col medium-6 small-12 large-6\"  data-animate=\"fadeInRight\">\n\t\t\t\t<div class=\"col-inner\" style=\"background-color:rgb(255,255,255);\" >\n\t\t\t\n\t\t\t\n\n<div class='fluentform ff-default fluentform_wrapper_3 ffs_default_wrap'><form data-form_id=\"3\" id=\"fluentform_3\" class=\"frm-fluent-form fluent_form_3 ff-el-form-top ff_form_instance_3_1 ff-form-loading ffs_default\" data-form_instance=\"ff_form_instance_3_1\" method=\"POST\" action=\"\" ><fieldset  style=\"border: none!important;margin: 0!important;padding: 0!important;background-color: transparent!important;box-shadow: none!important;outline: none!important; min-inline-size: 100%;\">\n                    <legend class=\"ff_screen_reader_title\" style=\"display: block; margin: 0!important;padding: 0!important;height: 0!important;text-indent: -999999px;width: 0!important;overflow:hidden;\">producks(\u6700\u7ec8)<\/legend><input type='hidden' name='__fluent_form_embded_post_id' value='50' \/><input type=\"hidden\" id=\"_fluentform_3_fluentformnonce\" name=\"_fluentform_3_fluentformnonce\" value=\"3b3c0694e8\" \/><input type=\"hidden\" name=\"_wp_http_referer\" value=\"\/es\/wp-json\/wp\/v2\/pages\/50\" \/><div class='ff-el-group  ff-custom_html' data-name=\"custom_html-3_1\" ><h1 style=\"text-align: center\"><span style=\"color: #da5841\">Obtener presupuesto<\/span><\/h1><\/div><div class='ff-el-group'><div class=\"ff-el-input--label asterisk-right\"><label for='ff_3_input_text' aria-label=\"Nombre del producto\">Nombre del producto<\/label><\/div><div class='ff-el-input--content'><input type=\"text\" name=\"input_text\" class=\"ff-el-form-control\" data-name=\"input_text\" id=\"ff_3_input_text\"  aria-invalid=\"false\" aria-required=\"false\"><\/div><\/div><div data-type=\"name-element\" data-name=\"names\" class=\"ff-field_container ff-name-field-wrapper\" ><div class='ff-t-container'><div class='ff-t-cell'><div class='ff-el-group ff-el-form-top'><div class=\"ff-el-input--label ff-el-is-required asterisk-right\"><label for='ff_3_names_first_name_' >Nombre<\/label><\/div><div class='ff-el-input--content'><input type=\"text\" name=\"names[first_name]\" id=\"ff_3_names_first_name_\" class=\"ff-el-form-control\" placeholder=\"Su nombre\" aria-invalid=\"false\" aria-required=\"true\"><\/div><\/div><\/div><\/div><\/div><div data-name=\"ff_cn_id_1\"  class='ff-t-container ff-column-container ff_columns_total_2'><div class='ff-t-cell ff-t-column-1' style='flex-basis: 50%;'><div class='ff-el-group'><div class=\"ff-el-input--label ff-el-is-required asterisk-right\"><label for='ff_3_email' aria-label=\"Correo electr\u00f3nico\">Correo electr\u00f3nico<\/label><\/div><div class='ff-el-input--content'><input type=\"email\" name=\"email\" id=\"ff_3_email\" class=\"ff-el-form-control\" placeholder=\"Direcci\u00f3n de correo electr\u00f3nico\" data-name=\"email\"  aria-invalid=\"false\" aria-required=\"true\"><\/div><\/div><\/div><div class='ff-t-cell ff-t-column-2' style='flex-basis: 50%;'><div class='ff-el-group'><div class=\"ff-el-input--label asterisk-right\"><label for='ff_3_phone' aria-label=\"Tel\u00e9fono\/WhatsApp\">Tel\u00e9fono\/WhatsApp<\/label><\/div><div class='ff-el-input--content'><input name=\"phone\" class=\"ff-el-form-control ff-el-phone\" type=\"tel\" placeholder=\"Tu tel\u00e9fono\" data-name=\"phone\" id=\"ff_3_phone\" inputmode=\"tel\"  aria-invalid='false' aria-required=\"false\"><\/div><\/div><\/div><\/div><div data-name=\"ff_cn_id_2\"  class='ff-t-container ff-column-container ff_columns_total_1'><div class='ff-t-cell ff-t-column-1' style='flex-basis: 100%;'><div class='ff-el-group'><div class=\"ff-el-input--label ff-el-is-required asterisk-right\"><label for='ff_3_description' aria-label=\"Su mensaje\">Su mensaje<\/label><\/div><div class='ff-el-input--content'><textarea aria-invalid=\"false\" aria-required=\"true\" name=\"description\" id=\"ff_3_description\" class=\"ff-el-form-control\" placeholder=\"Su mensaje\" rows=\"3\" cols=\"2\" data-name=\"description\" ><\/textarea><\/div><\/div><div class='ff-el-group' ><div class='ff-el-input--content'><div data-fluent_id='3' name='h-captcha-response'><div\n\t\tdata-sitekey='b646d31c-a99c-47be-8872-31f6e136ebd6'\n\t\tid='fluentform-hcaptcha-3-1'\n\t\tclass='ff-el-hcaptcha h-captcha'><\/div><\/div><\/div><\/div><\/div><\/div><div class='ff-el-group ff-text-right ff_submit_btn_wrapper'><button type=\"submit\" class=\"ff-btn ff-btn-submit ff-btn-md ff_btn_style\" >Productos de consultor\u00eda<\/button><\/div><\/fieldset><input type=\"hidden\" name=\"trp-form-language\" value=\"es\"\/><\/form><div id='fluentform_3_errors' class='ff-errors-in-stack ff_form_instance_3_1 ff-form-loading_errors ff_form_instance_3_1_errors'><\/div><\/div>        <script type=\"text\/javascript\">\n            window.fluent_form_ff_form_instance_3_1 = {\"id\":\"3\",\"settings\":{\"layout\":{\"labelPlacement\":\"top\",\"asteriskPlacement\":\"asterisk-right\",\"helpMessagePlacement\":\"with_label\",\"errorMessagePlacement\":\"inline\",\"cssClassName\":\"\"},\"restrictions\":{\"denyEmptySubmission\":{\"enabled\":false}}},\"form_instance\":\"ff_form_instance_3_1\",\"form_id_selector\":\"fluentform_3\",\"rules\":{\"input_text\":{\"required\":{\"value\":false,\"message\":\"Este campo es obligatorio\",\"global_message\":\"This field is required\",\"global\":true}},\"names[first_name]\":{\"required\":{\"value\":true,\"message\":\"Este campo es obligatorio\",\"global_message\":\"This field is required\",\"global\":true}},\"names[middle_name]\":{\"required\":{\"value\":false,\"message\":\"Este campo es obligatorio\",\"global_message\":\"This field is required\",\"global\":true}},\"names[last_name]\":{\"required\":{\"value\":false,\"message\":\"Este campo es obligatorio\",\"global_message\":\"This field is required\",\"global\":true}},\"email\":{\"required\":{\"value\":true,\"message\":\"Este campo es obligatorio\",\"global_message\":\"This field is required\",\"global\":true},\"email\":{\"value\":true,\"message\":\"Este campo debe contener un correo electr\\u00f3nico v\\u00e1lido\",\"global_message\":\"This field must contain a valid email\",\"global\":true}},\"phone\":{\"required\":{\"value\":false,\"global\":true,\"message\":\"Este campo es obligatorio\",\"global_message\":\"This field is required\"},\"valid_phone_number\":{\"value\":false,\"global\":true,\"message\":\"Phone number is not valid\",\"global_message\":\"Phone number is not valid\"}},\"description\":{\"required\":{\"value\":true,\"message\":\"Este campo es obligatorio\",\"global_message\":\"This field is required\",\"global\":true}},\"h-captcha-response\":[]},\"debounce_time\":300};\n                    <\/script>\n        \n\n\t\t<\/div>\n\t\t\t\t\n<style>\n#col-469919744 > .col-inner {\n  padding: 40px 60px 40px 60px;\n  margin: 20px 0px 0px 0px;\n}\n<\/style>\n\t<\/div>\n\n\t\n<\/div>\n\t\t<\/div>\n\n\t\t\n<style>\n#section_577811753 {\n  padding-top: 40px;\n  padding-bottom: 40px;\n  background-color: rgb(250, 250, 250);\n}\n@media (min-width:550px) {\n  #section_577811753 {\n    padding-top: 60px;\n    padding-bottom: 60px;\n  }\n}\n<\/style>\n\t<\/section>","protected":false},"excerpt":{"rendered":"","protected":false},"author":1,"featured_media":0,"parent":0,"menu_order":0,"comment_status":"closed","ping_status":"closed","template":"page-blank.php","meta":{"footnotes":""},"class_list":["post-50","page","type-page","status-publish","hentry"],"yoast_head":"<!-- This site is optimized with the Yoast SEO plugin v24.6 - https:\/\/yoast.com\/wordpress\/plugins\/seo\/ -->\n<title>Faqs - YiWo Hydraulic<\/title>\n<meta name=\"robots\" content=\"index, follow, max-snippet:-1, max-image-preview:large, max-video-preview:-1\" \/>\n<link rel=\"canonical\" href=\"http:\/\/yiwohydraulic.com\/es\/faqs\/\" \/>\n<meta property=\"og:locale\" content=\"es_ES\" \/>\n<meta property=\"og:type\" content=\"article\" \/>\n<meta property=\"og:title\" content=\"Faqs - YiWo Hydraulic\" \/>\n<meta property=\"og:url\" content=\"http:\/\/yiwohydraulic.com\/es\/faqs\/\" \/>\n<meta property=\"og:site_name\" content=\"YiWo Hydraulic\" \/>\n<meta property=\"article:modified_time\" content=\"2025-04-22T03:19:17+00:00\" \/>\n<meta name=\"twitter:card\" content=\"summary_large_image\" \/>\n<script type=\"application\/ld+json\" class=\"yoast-schema-graph\">{\"@context\":\"https:\/\/schema.org\",\"@graph\":[{\"@type\":\"WebPage\",\"@id\":\"http:\/\/yiwohydraulic.com\/faqs\/\",\"url\":\"http:\/\/yiwohydraulic.com\/faqs\/\",\"name\":\"Faqs - YiWo Hydraulic\",\"isPartOf\":{\"@id\":\"http:\/\/yiwohydraulic.com\/#website\"},\"datePublished\":\"2025-03-18T08:26:11+00:00\",\"dateModified\":\"2025-04-22T03:19:17+00:00\",\"breadcrumb\":{\"@id\":\"http:\/\/yiwohydraulic.com\/faqs\/#breadcrumb\"},\"inLanguage\":\"es\",\"potentialAction\":[{\"@type\":\"ReadAction\",\"target\":[\"http:\/\/yiwohydraulic.com\/faqs\/\"]}]},{\"@type\":\"BreadcrumbList\",\"@id\":\"http:\/\/yiwohydraulic.com\/faqs\/#breadcrumb\",\"itemListElement\":[{\"@type\":\"ListItem\",\"position\":1,\"name\":\"Home\",\"item\":\"http:\/\/yiwohydraulic.com\/\"},{\"@type\":\"ListItem\",\"position\":2,\"name\":\"Faqs\"}]},{\"@type\":\"WebSite\",\"@id\":\"http:\/\/yiwohydraulic.com\/#website\",\"url\":\"http:\/\/yiwohydraulic.com\/\",\"name\":\"YiWo Hydraulic\",\"description\":\"\",\"potentialAction\":[{\"@type\":\"SearchAction\",\"target\":{\"@type\":\"EntryPoint\",\"urlTemplate\":\"http:\/\/yiwohydraulic.com\/?s={search_term_string}\"},\"query-input\":{\"@type\":\"PropertyValueSpecification\",\"valueRequired\":true,\"valueName\":\"search_term_string\"}}],\"inLanguage\":\"es\"}]}<\/script>\n<!-- \/ Yoast SEO plugin. -->","yoast_head_json":{"title":"Faqs - YiWo Hydraulic","robots":{"index":"index","follow":"follow","max-snippet":"max-snippet:-1","max-image-preview":"max-image-preview:large","max-video-preview":"max-video-preview:-1"},"canonical":"http:\/\/yiwohydraulic.com\/es\/faqs\/","og_locale":"es_ES","og_type":"article","og_title":"Faqs - YiWo Hydraulic","og_url":"http:\/\/yiwohydraulic.com\/es\/faqs\/","og_site_name":"YiWo Hydraulic","article_modified_time":"2025-04-22T03:19:17+00:00","twitter_card":"summary_large_image","schema":{"@context":"https:\/\/schema.org","@graph":[{"@type":"WebPage","@id":"http:\/\/yiwohydraulic.com\/faqs\/","url":"http:\/\/yiwohydraulic.com\/faqs\/","name":"Faqs - YiWo Hydraulic","isPartOf":{"@id":"http:\/\/yiwohydraulic.com\/#website"},"datePublished":"2025-03-18T08:26:11+00:00","dateModified":"2025-04-22T03:19:17+00:00","breadcrumb":{"@id":"http:\/\/yiwohydraulic.com\/faqs\/#breadcrumb"},"inLanguage":"es","potentialAction":[{"@type":"ReadAction","target":["http:\/\/yiwohydraulic.com\/faqs\/"]}]},{"@type":"BreadcrumbList","@id":"http:\/\/yiwohydraulic.com\/faqs\/#breadcrumb","itemListElement":[{"@type":"ListItem","position":1,"name":"Home","item":"http:\/\/yiwohydraulic.com\/"},{"@type":"ListItem","position":2,"name":"Faqs"}]},{"@type":"WebSite","@id":"http:\/\/yiwohydraulic.com\/#website","url":"http:\/\/yiwohydraulic.com\/","name":"YiWo Hydraulic","description":"","potentialAction":[{"@type":"SearchAction","target":{"@type":"EntryPoint","urlTemplate":"http:\/\/yiwohydraulic.com\/?s={search_term_string}"},"query-input":{"@type":"PropertyValueSpecification","valueRequired":true,"valueName":"search_term_string"}}],"inLanguage":"es"}]}},"_links":{"self":[{"href":"http:\/\/yiwohydraulic.com\/es\/wp-json\/wp\/v2\/pages\/50","targetHints":{"allow":["GET"]}}],"collection":[{"href":"http:\/\/yiwohydraulic.com\/es\/wp-json\/wp\/v2\/pages"}],"about":[{"href":"http:\/\/yiwohydraulic.com\/es\/wp-json\/wp\/v2\/types\/page"}],"author":[{"embeddable":true,"href":"http:\/\/yiwohydraulic.com\/es\/wp-json\/wp\/v2\/users\/1"}],"replies":[{"embeddable":true,"href":"http:\/\/yiwohydraulic.com\/es\/wp-json\/wp\/v2\/comments?post=50"}],"version-history":[{"count":31,"href":"http:\/\/yiwohydraulic.com\/es\/wp-json\/wp\/v2\/pages\/50\/revisions"}],"predecessor-version":[{"id":841,"href":"http:\/\/yiwohydraulic.com\/es\/wp-json\/wp\/v2\/pages\/50\/revisions\/841"}],"wp:attachment":[{"href":"http:\/\/yiwohydraulic.com\/es\/wp-json\/wp\/v2\/media?parent=50"}],"curies":[{"name":"wp","href":"https:\/\/api.w.org\/{rel}","templated":true}]}}